{"id":2142,"date":"2025-11-14T10:34:24","date_gmt":"2025-11-14T02:34:24","guid":{"rendered":"https:\/\/www.riderclimax.com\/?post_type=product&#038;p=2142"},"modified":"2026-01-27T14:48:06","modified_gmt":"2026-01-27T06:48:06","slug":"side-panel-insulated-glass","status":"publish","type":"product","link":"https:\/\/www.riderclimax.com\/pt\/product\/side-panel-insulated-glass\/","title":{"rendered":"Panel lateral de vidro isolado"},"content":{"rendered":"<p><strong><b>Caracter\u00edsticas do Produto:<\/b><\/strong><\/p>\n<ol>\n<li>Fun\u00e7\u00e3o de aquecimento opcional para propriedades anti-nevoeiro e anti-destrui\u00e7\u00e3o, assegurando visibilidade clara e durabilidade segura.<\/li>\n<li>Dispon\u00edvel com vidro de baixo E; A estrutura isolada fornece excelente isolamento t\u00e9rmico, reduzindo efetivamente o consumo de energia.<\/li>\n<li>Impress\u00e3o de seda personalizada e desenho padronizado, integrada de forma uniforme em pain\u00e9is laterais do arm\u00e1rio comercial para estetica e pr\u00e1tica.<\/li>\n<li>A isola\u00e7\u00e3o sonora superior aumenta o conforto dos usu\u00e1rios.<\/li>\n<\/ol>\n<p><strong><b>Escen\u00e1rios de aplica\u00e7\u00e3o:<\/b><\/strong>\u00a0Adequado para armaz\u00e9ns de exibi\u00e7\u00e3o comercial, caixas de exibi\u00e7\u00e3o de pastilhas, armaz\u00e9ns de exibi\u00e7\u00e3o de j\u00f3ias, etc.<\/p>","protected":false},"excerpt":{"rendered":"<p><strong><b>Caracter\u00edsticas do Produto:<\/b><\/strong><\/p>\n<ol>\n<li>Fun\u00e7\u00e3o de aquecimento opcional para propriedades anti-nevoeiro e anti-destrui\u00e7\u00e3o, assegurando visibilidade clara e durabilidade segura.<\/li>\n<li>Dispon\u00edvel com vidro de baixo E; A estrutura isolada fornece excelente isolamento t\u00e9rmico, reduzindo efetivamente o consumo de energia.<\/li>\n<li>Impress\u00e3o de seda personalizada e desenho padronizado, integrada de forma uniforme em pain\u00e9is laterais do arm\u00e1rio comercial para estetica e pr\u00e1tica.<\/li>\n<li>A isola\u00e7\u00e3o sonora superior aumenta o conforto dos usu\u00e1rios.<\/li>\n<\/ol>","protected":false},"featured_media":2143,"comment_status":"closed","ping_status":"closed","template":"","meta":[],"product_brand":[],"product_cat":[58],"product_tag":[59],"class_list":{"0":"post-2142","1":"product","2":"type-product","3":"status-publish","4":"has-post-thumbnail","6":"product_cat-side-panel-insulated-glass","7":"product_tag-side-panel-insulated-glass","9":"first","10":"instock","11":"shipping-taxable","12":"product-type-simple"},"_links":{"self":[{"href":"https:\/\/www.riderclimax.com\/pt\/wp-json\/wp\/v2\/product\/2142","targetHints":{"allow":["GET"]}}],"collection":[{"href":"https:\/\/www.riderclimax.com\/pt\/wp-json\/wp\/v2\/product"}],"about":[{"href":"https:\/\/www.riderclimax.com\/pt\/wp-json\/wp\/v2\/types\/product"}],"replies":[{"embeddable":true,"href":"https:\/\/www.riderclimax.com\/pt\/wp-json\/wp\/v2\/comments?post=2142"}],"wp:featuredmedia":[{"embeddable":true,"href":"https:\/\/www.riderclimax.com\/pt\/wp-json\/wp\/v2\/media\/2143"}],"wp:attachment":[{"href":"https:\/\/www.riderclimax.com\/pt\/wp-json\/wp\/v2\/media?parent=2142"}],"wp:term":[{"taxonomy":"product_brand","embeddable":true,"href":"https:\/\/www.riderclimax.com\/pt\/wp-json\/wp\/v2\/product_brand?post=2142"},{"taxonomy":"product_cat","embeddable":true,"href":"https:\/\/www.riderclimax.com\/pt\/wp-json\/wp\/v2\/product_cat?post=2142"},{"taxonomy":"product_tag","embeddable":true,"href":"https:\/\/www.riderclimax.com\/pt\/wp-json\/wp\/v2\/product_tag?post=2142"}],"curies":[{"name":"wp","href":"https:\/\/api.w.org\/{rel}","templated":true}]}}