{"id":2006,"date":"2025-11-03T14:09:27","date_gmt":"2025-11-03T06:09:27","guid":{"rendered":"https:\/\/www.riderclimax.com\/?post_type=product&#038;p=2006"},"modified":"2025-11-20T17:55:59","modified_gmt":"2025-11-20T09:55:59","slug":"shelves","status":"publish","type":"product","link":"https:\/\/www.riderclimax.com\/pt\/product\/shelves\/","title":{"rendered":"Plataformas"},"content":{"rendered":"<p><strong>Capacidade de carga excepcional<\/strong><br \/>\nEngenhada para apoiar de forma confi\u00e1vel mercadorias pesadas. assegurando armazenamento est\u00e1vel e seguro mesmo sob carga completa.<br \/>\n<strong>Disposi\u00e7\u00e3o espacial<\/strong><br \/>\nEspa\u00e7o de corredor generoso e linhas de vis\u00e3o verticales claras melhoram a experi\u00eancia de compras e melhoram a mobilidade dos clientes.<br \/>\n<strong>Materiales duradouros<\/strong><br \/>\nConstru\u00eddo usando a\u00e7o de alta for\u00e7a e materiais prim\u00e1rios, oferecendo resist\u00eancia ao impacto e integridade estrutural a longo prazo.<br \/>\n<strong>Constru\u00e7\u00e3o robusta<\/strong><br \/>\nCaracter\u00edsticas de um projeto estrutural otimizado que resiste efetivamente \u00e0 influ\u00eancia e deforma\u00e7\u00e3o, proporcionando dependibilidade di\u00e1ria.<br \/>\n<strong>Visibilidade clara<\/strong><br \/>\nDesignado com espa\u00e7o de n\u00edveis n\u00e3o obstru\u00eddo e uma \u00e1rea de visualiza\u00e7\u00e3o aberta, tornando os produtos f\u00e1ceis de navegar e selecionar.<br \/>\n<strong>Representa\u00e7\u00e3o de longa dura\u00e7\u00e3o<\/strong><br \/>\nA resist\u00eancia \u00e0 corros\u00e3o acaba e a soldagem refor\u00e7ada assegura um desempenho confi\u00e1vel atrav\u00e9s de seus anos de uso pesado.<\/p>","protected":false},"excerpt":{"rendered":"<p><strong>Capacidade de carga excepcional<\/strong><br \/>\nEngenhada para apoiar de forma confi\u00e1vel mercadorias pesadas. assegurando armazenamento est\u00e1vel e seguro mesmo sob carga completa.<br \/>\n<strong>Disposi\u00e7\u00e3o espacial<\/strong><br \/>\nEspa\u00e7o de corredor generoso e linhas de vis\u00e3o verticales claras melhoram a experi\u00eancia de compras e melhoram a mobilidade dos clientes.<br \/>\n<strong>Materiales duradouros<\/strong><br \/>\nConstru\u00eddo usando a\u00e7o de alta for\u00e7a e materiais prim\u00e1rios, oferecendo resist\u00eancia ao impacto e integridade estrutural a longo prazo.<br \/>\n<strong>Constru\u00e7\u00e3o robusta<\/strong><br \/>\nCaracter\u00edsticas de um projeto estrutural otimizado que resiste efetivamente \u00e0 influ\u00eancia e deforma\u00e7\u00e3o, proporcionando dependibilidade di\u00e1ria.<br \/>\n<strong>Visibilidade clara<\/strong><br \/>\nDesignado com espa\u00e7o de n\u00edveis n\u00e3o obstru\u00eddo e uma \u00e1rea de visualiza\u00e7\u00e3o aberta, tornando os produtos f\u00e1ceis de navegar e selecionar.<br \/>\n<strong>Representa\u00e7\u00e3o de longa dura\u00e7\u00e3o<\/strong><br \/>\nA resist\u00eancia \u00e0 corros\u00e3o acaba e a soldagem refor\u00e7ada assegura um desempenho confi\u00e1vel atrav\u00e9s de seus anos de uso pesado.<\/p>","protected":false},"featured_media":2361,"comment_status":"closed","ping_status":"closed","template":"","meta":[],"product_brand":[],"product_cat":[55],"product_tag":[56],"class_list":{"0":"post-2006","1":"product","2":"type-product","3":"status-publish","4":"has-post-thumbnail","6":"product_cat-other","7":"product_tag-accessories","9":"first","10":"instock","11":"shipping-taxable","12":"product-type-simple"},"_links":{"self":[{"href":"https:\/\/www.riderclimax.com\/pt\/wp-json\/wp\/v2\/product\/2006","targetHints":{"allow":["GET"]}}],"collection":[{"href":"https:\/\/www.riderclimax.com\/pt\/wp-json\/wp\/v2\/product"}],"about":[{"href":"https:\/\/www.riderclimax.com\/pt\/wp-json\/wp\/v2\/types\/product"}],"replies":[{"embeddable":true,"href":"https:\/\/www.riderclimax.com\/pt\/wp-json\/wp\/v2\/comments?post=2006"}],"wp:featuredmedia":[{"embeddable":true,"href":"https:\/\/www.riderclimax.com\/pt\/wp-json\/wp\/v2\/media\/2361"}],"wp:attachment":[{"href":"https:\/\/www.riderclimax.com\/pt\/wp-json\/wp\/v2\/media?parent=2006"}],"wp:term":[{"taxonomy":"product_brand","embeddable":true,"href":"https:\/\/www.riderclimax.com\/pt\/wp-json\/wp\/v2\/product_brand?post=2006"},{"taxonomy":"product_cat","embeddable":true,"href":"https:\/\/www.riderclimax.com\/pt\/wp-json\/wp\/v2\/product_cat?post=2006"},{"taxonomy":"product_tag","embeddable":true,"href":"https:\/\/www.riderclimax.com\/pt\/wp-json\/wp\/v2\/product_tag?post=2006"}],"curies":[{"name":"wp","href":"https:\/\/api.w.org\/{rel}","templated":true}]}}