{"id":1581,"date":"2025-10-22T14:35:28","date_gmt":"2025-10-22T06:35:28","guid":{"rendered":"https:\/\/www.riderclimax.com\/?post_type=product&#038;p=1581"},"modified":"2026-01-27T14:06:15","modified_gmt":"2026-01-27T06:06:15","slug":"reach-in-walk-in-coolerfreezer-glass-door","status":"publish","type":"product","link":"https:\/\/www.riderclimax.com\/pt\/product\/reach-in-walk-in-coolerfreezer-glass-door\/","title":{"rendered":"Reach-in\/Walk-in Cooler&#038; Porta de vidro congelador"},"content":{"rendered":"<p><strong>Caracter\u00edsticas do Produto<\/strong><\/p>\n<ol>\n<li>Glass: Utiliza vidro duplo ou triplo temperado cheio de g\u00e1s de arg\u00e3o para isolamento t\u00e9rmico superior e seguran\u00e7a melhorada.<\/li>\n<li>Calor: Caracter\u00edsticas de aquecimento de quadros ou de aquecimento de vidro para satisfazer v\u00e1rias necessidades ambientais.<\/li>\n<li>Marcos: Oferece uma variedade de perfis de marcos para os clientes escolher, acomodando v\u00e1rias prefer\u00eancias est\u00e9ticas.<\/li>\n<li>Manos: Estilos de manchas m\u00faltiplas est\u00e3o dispon\u00edveis para combina\u00e7\u00e3o personalizada.<\/li>\n<li>Porta: Abre a um \u00e2ngulo de 90\u00b0 com uma caracter\u00edstica conveniente e flex\u00edvel de seguran\u00e7a aberta.<\/li>\n<li>Tecnologia: Emprega tecnologia avan\u00e7ada de vidro aquecido e quadro para assegurar desempenho est\u00e1vel.<\/li>\n<li>Luz: Equipada com ilumina\u00e7\u00e3o LED eficiente em energia, que \u00e9 ecol\u00f3gica e pr\u00e1tica.<\/li>\n<li>Adapta\u00e7\u00e3o: Suporta cores, tamanhos e marca de logotipo personalizadas de acordo com os requisitos do cliente.<\/li>\n<li>Sealing: Usa gaskets magn\u00e9ticos de porta para um selo efetivo, evitando fuga de ar frio.<\/li>\n<\/ol>\n<p><strong>Aplica\u00e7\u00f5es<\/strong><\/p>\n<p>Adequado para frigor\u00edficos de entrada, frigor\u00edficos de entrada, arm\u00e1rios de display retract\u00e1veis, frigor\u00edficos verticais, frigor\u00edficos verticais, frigor\u00edficos florais, arm\u00e1rios de vinho e mais.<\/p>","protected":false},"excerpt":{"rendered":"<p><strong>Caracter\u00edsticas do Produto<\/strong><\/p>\n<ol>\n<li>Glass: Utiliza vidro duplo ou triplo temperado cheio de g\u00e1s de arg\u00e3o para isolamento t\u00e9rmico superior e seguran\u00e7a melhorada.<\/li>\n<li>Calor: Caracter\u00edsticas de aquecimento de quadros ou de aquecimento de vidro para satisfazer v\u00e1rias necessidades ambientais.<\/li>\n<li>Marcos: Oferece uma variedade de perfis de marcos para os clientes escolher, acomodando v\u00e1rias prefer\u00eancias est\u00e9ticas.<\/li>\n<li>Manos: Estilos de manchas m\u00faltiplas est\u00e3o dispon\u00edveis para combina\u00e7\u00e3o personalizada.<\/li>\n<li>Porta: Abre a um \u00e2ngulo de 90\u00b0 com uma caracter\u00edstica conveniente e flex\u00edvel de seguran\u00e7a aberta.<\/li>\n<li>Tecnologia: Emprega tecnologia avan\u00e7ada de vidro aquecido e quadro para assegurar desempenho est\u00e1vel.<\/li>\n<li>Luz: Equipada com ilumina\u00e7\u00e3o LED eficiente em energia, que \u00e9 ecol\u00f3gica e pr\u00e1tica.<\/li>\n<li>Adapta\u00e7\u00e3o: Suporta cores, tamanhos e marca de logotipo personalizadas de acordo com os requisitos do cliente.<\/li>\n<li>Sealing: Usa gaskets magn\u00e9ticos de porta para um selo efetivo, evitando fuga de ar frio.<\/li>\n<\/ol>","protected":false},"featured_media":1584,"comment_status":"closed","ping_status":"closed","template":"","meta":[],"product_brand":[],"product_cat":[20],"product_tag":[53],"class_list":{"0":"post-1581","1":"product","2":"type-product","3":"status-publish","4":"has-post-thumbnail","6":"product_cat-walk-in-cold-room-glass-door","7":"product_tag-walk-in-cold-room-glass-door","9":"first","10":"instock","11":"shipping-taxable","12":"product-type-simple"},"_links":{"self":[{"href":"https:\/\/www.riderclimax.com\/pt\/wp-json\/wp\/v2\/product\/1581","targetHints":{"allow":["GET"]}}],"collection":[{"href":"https:\/\/www.riderclimax.com\/pt\/wp-json\/wp\/v2\/product"}],"about":[{"href":"https:\/\/www.riderclimax.com\/pt\/wp-json\/wp\/v2\/types\/product"}],"replies":[{"embeddable":true,"href":"https:\/\/www.riderclimax.com\/pt\/wp-json\/wp\/v2\/comments?post=1581"}],"wp:featuredmedia":[{"embeddable":true,"href":"https:\/\/www.riderclimax.com\/pt\/wp-json\/wp\/v2\/media\/1584"}],"wp:attachment":[{"href":"https:\/\/www.riderclimax.com\/pt\/wp-json\/wp\/v2\/media?parent=1581"}],"wp:term":[{"taxonomy":"product_brand","embeddable":true,"href":"https:\/\/www.riderclimax.com\/pt\/wp-json\/wp\/v2\/product_brand?post=1581"},{"taxonomy":"product_cat","embeddable":true,"href":"https:\/\/www.riderclimax.com\/pt\/wp-json\/wp\/v2\/product_cat?post=1581"},{"taxonomy":"product_tag","embeddable":true,"href":"https:\/\/www.riderclimax.com\/pt\/wp-json\/wp\/v2\/product_tag?post=1581"}],"curies":[{"name":"wp","href":"https:\/\/api.w.org\/{rel}","templated":true}]}}