{"id":1575,"date":"2025-10-22T14:31:41","date_gmt":"2025-10-22T06:31:41","guid":{"rendered":"https:\/\/www.riderclimax.com\/?post_type=product&#038;p=1575"},"modified":"2026-01-27T14:28:52","modified_gmt":"2026-01-27T06:28:52","slug":"led-vending-machine-glass-doorled","status":"publish","type":"product","link":"https:\/\/www.riderclimax.com\/pt\/product\/led-vending-machine-glass-doorled\/","title":{"rendered":"LED Vending Machine Glass DoorLed"},"content":{"rendered":"<p><strong>Caracter\u00edsticas padr\u00e3o<\/strong><\/p>\n<p>1.Adapta\u00e7\u00e3o: Apoia logos personalizados.<\/p>\n<p>2.Display de publicidade: Utiliza vidro de camada dupla e temperado vazio com um display LED incorporado para conte\u00fado de publicidade.<\/p>\n<p>3.Quadro: Equipado com um quadro de porta de liga de alum\u00ednio.<\/p>\n<p><strong>Configura\u00e7\u00f5es Opcionais<\/strong><\/p>\n<p>1.Calor: Uma op\u00e7\u00e3o de funcionamento de aquecimento est\u00e1 dispon\u00edvel.<\/p>\n<p>2.Adapta\u00e7\u00e3o: Suporta dimens\u00f5es personalizadas.<\/p>","protected":false},"excerpt":{"rendered":"<p><strong>Caracter\u00edsticas padr\u00e3o<\/strong><\/p>\n<p>1.Adapta\u00e7\u00e3o: Apoia logos personalizados.<\/p>\n<p>2.Display de publicidade: Utiliza vidro de camada dupla e temperado vazio com um display LED incorporado para conte\u00fado de publicidade.<\/p>\n<p>3.Quadro: Equipado com um quadro de porta de liga de alum\u00ednio.<\/p>\n<p>&nbsp;<\/p>\n<p><strong>Configura\u00e7\u00f5es Opcionais<\/strong><\/p>\n<p>1.Calor: Uma op\u00e7\u00e3o de funcionamento de aquecimento est\u00e1 dispon\u00edvel.<\/p>\n<p>2.Adapta\u00e7\u00e3o: Suporta dimens\u00f5es personalizadas.<\/p>\n<p>&nbsp;<\/p>\n<p><strong>Aplica\u00e7\u00f5es<\/strong><\/p>\n<p>lojas de marcas, centros comerciais, lojas de conveni\u00eancia, supermercados e j\u00f3ias, rel\u00f3gio e - vendedores de bens de luxo.<\/p>","protected":false},"featured_media":1578,"comment_status":"closed","ping_status":"closed","template":"","meta":[],"product_brand":[],"product_cat":[23],"product_tag":[54],"class_list":{"0":"post-1575","1":"product","2":"type-product","3":"status-publish","4":"has-post-thumbnail","6":"product_cat-vending-machine-glass-door","7":"product_tag-vending-machine-glass-door","9":"first","10":"instock","11":"shipping-taxable","12":"product-type-simple"},"_links":{"self":[{"href":"https:\/\/www.riderclimax.com\/pt\/wp-json\/wp\/v2\/product\/1575","targetHints":{"allow":["GET"]}}],"collection":[{"href":"https:\/\/www.riderclimax.com\/pt\/wp-json\/wp\/v2\/product"}],"about":[{"href":"https:\/\/www.riderclimax.com\/pt\/wp-json\/wp\/v2\/types\/product"}],"replies":[{"embeddable":true,"href":"https:\/\/www.riderclimax.com\/pt\/wp-json\/wp\/v2\/comments?post=1575"}],"wp:featuredmedia":[{"embeddable":true,"href":"https:\/\/www.riderclimax.com\/pt\/wp-json\/wp\/v2\/media\/1578"}],"wp:attachment":[{"href":"https:\/\/www.riderclimax.com\/pt\/wp-json\/wp\/v2\/media?parent=1575"}],"wp:term":[{"taxonomy":"product_brand","embeddable":true,"href":"https:\/\/www.riderclimax.com\/pt\/wp-json\/wp\/v2\/product_brand?post=1575"},{"taxonomy":"product_cat","embeddable":true,"href":"https:\/\/www.riderclimax.com\/pt\/wp-json\/wp\/v2\/product_cat?post=1575"},{"taxonomy":"product_tag","embeddable":true,"href":"https:\/\/www.riderclimax.com\/pt\/wp-json\/wp\/v2\/product_tag?post=1575"}],"curies":[{"name":"wp","href":"https:\/\/api.w.org\/{rel}","templated":true}]}}