{"id":1570,"date":"2025-10-22T14:26:28","date_gmt":"2025-10-22T06:26:28","guid":{"rendered":"https:\/\/www.riderclimax.com\/?post_type=product&#038;p=1570"},"modified":"2026-01-27T14:11:11","modified_gmt":"2026-01-27T06:11:11","slug":"reach-in-classic-glass-door","status":"publish","type":"product","link":"https:\/\/www.riderclimax.com\/pt\/product\/reach-in-classic-glass-door\/","title":{"rendered":"alcan\u00e7am a porta cl\u00e1ssica de vidro"},"content":{"rendered":"<p><strong>Caracter\u00edsticas do Produto<\/strong><\/p>\n<ol>\n<li>Glass: Utiliza vidro temperado duplo ou triplo com g\u00e1s argon preenchimento para isolamento t\u00e9rmico superior e seguran\u00e7a melhorada.<\/li>\n<li>aquecimento: Caracter\u00edsticas de aquecimento de vidro (para congelamento) para satisfazer v\u00e1rios requisitos ambientais.<\/li>\n<li>Marcos: Oferece uma variedade de perfis de marcos para sele\u00e7\u00e3o, acomodando v\u00e1rias prefer\u00eancias est\u00e9ticas.<\/li>\n<li>Efici\u00eancia energ\u00e9tica: O quadro usa uma porta de poupan\u00e7a energ\u00e9tica de alta efici\u00eancia, economizando mais de 25% de energia para o arm\u00e1rio.<\/li>\n<li>Anti-nevoeiro: Um filme opcional anti-nevoeiro est\u00e1 dispon\u00edvel para melhorar a porta s fun\u00e7\u00e3o anti-condensa\u00e7\u00e3o.<\/li>\n<li>Manchas: Estilos de manchas m\u00faltiplas est\u00e3o dispon\u00edveis para correspond\u00eancia personalizada, se necess\u00e1rio.<\/li>\n<li>Porta: Abre a um \u00e2ngulo de 90\u00b0 com uma caracter\u00edstica de seguran\u00e7a aberta, tornando a opera\u00e7\u00e3o conveniente e flex\u00edvel.<\/li>\n<li>Tecnologia: Emprega tecnologia avan\u00e7ada de vidro aquecido e quadro para assegurar desempenho est\u00e1vel.<\/li>\n<li>Luz: Equipada com ilumina\u00e7\u00e3o LED eficiente em energia, que \u00e9 ecol\u00f3gica e pr\u00e1tica.<\/li>\n<li>Adapta\u00e7\u00e3o: Suporta cores personalizadas, e pode ser personalizada em tamanho e com logotipos baseados nos requisitos do cliente.<\/li>\n<li>Sealing: Usa gaskets magn\u00e9ticos de porta para um selo efetivo, evitando fuga de ar frio.<\/li>\n<\/ol>\n<p><strong>Escen\u00e1rios de aplica\u00e7\u00f5es<\/strong><\/p>\n<p>Adequado para armaz\u00e9ns de display, frigor\u00edficos verticais, congeladores verticais, frigor\u00edficos florais, armaz\u00e9ns de vinho, etc.<\/p>","protected":false},"excerpt":{"rendered":"<p><strong>Caracter\u00edsticas do Produto<\/strong><\/p>\n<ol>\n<li>Glass: Utiliza vidro temperado duplo ou triplo com g\u00e1s argon preenchimento para isolamento t\u00e9rmico superior e seguran\u00e7a melhorada.<\/li>\n<li>aquecimento: Caracter\u00edsticas de aquecimento de vidro (para congelamento) para satisfazer v\u00e1rios requisitos ambientais.<\/li>\n<li>Marcos: Oferece uma variedade de perfis de marcos para sele\u00e7\u00e3o, acomodando v\u00e1rias prefer\u00eancias est\u00e9ticas.<\/li>\n<li>Efici\u00eancia energ\u00e9tica: O quadro usa uma porta de poupan\u00e7a energ\u00e9tica de alta efici\u00eancia, economizando mais de 25% de energia para o arm\u00e1rio.<\/li>\n<li>Anti-nevoeiro: Um filme opcional anti-nevoeiro est\u00e1 dispon\u00edvel para melhorar a porta s fun\u00e7\u00e3o anti-condensa\u00e7\u00e3o.<\/li>\n<li>Manchas: Estilos de manchas m\u00faltiplas est\u00e3o dispon\u00edveis para correspond\u00eancia personalizada, se necess\u00e1rio.<\/li>\n<li>Porta: Abre a um \u00e2ngulo de 90\u00b0 com uma caracter\u00edstica de seguran\u00e7a aberta, tornando a opera\u00e7\u00e3o conveniente e flex\u00edvel.<\/li>\n<li>Tecnologia: Emprega tecnologia avan\u00e7ada de vidro aquecido e quadro para assegurar desempenho est\u00e1vel.<\/li>\n<li>Luz: Equipada com ilumina\u00e7\u00e3o LED eficiente em energia, que \u00e9 ecol\u00f3gica e pr\u00e1tica.<\/li>\n<li>Adapta\u00e7\u00e3o: Suporta cores personalizadas, e pode ser personalizada em tamanho e com logotipos baseados nos requisitos do cliente.<\/li>\n<li>Sealing: Usa gaskets magn\u00e9ticos de porta para um selo efetivo, evitando fuga de ar frio.<\/li>\n<\/ol>","protected":false},"featured_media":1572,"comment_status":"closed","ping_status":"closed","template":"","meta":[],"product_brand":[],"product_cat":[20],"product_tag":[53],"class_list":{"0":"post-1570","1":"product","2":"type-product","3":"status-publish","4":"has-post-thumbnail","6":"product_cat-walk-in-cold-room-glass-door","7":"product_tag-walk-in-cold-room-glass-door","9":"first","10":"instock","11":"shipping-taxable","12":"product-type-simple"},"_links":{"self":[{"href":"https:\/\/www.riderclimax.com\/pt\/wp-json\/wp\/v2\/product\/1570","targetHints":{"allow":["GET"]}}],"collection":[{"href":"https:\/\/www.riderclimax.com\/pt\/wp-json\/wp\/v2\/product"}],"about":[{"href":"https:\/\/www.riderclimax.com\/pt\/wp-json\/wp\/v2\/types\/product"}],"replies":[{"embeddable":true,"href":"https:\/\/www.riderclimax.com\/pt\/wp-json\/wp\/v2\/comments?post=1570"}],"wp:featuredmedia":[{"embeddable":true,"href":"https:\/\/www.riderclimax.com\/pt\/wp-json\/wp\/v2\/media\/1572"}],"wp:attachment":[{"href":"https:\/\/www.riderclimax.com\/pt\/wp-json\/wp\/v2\/media?parent=1570"}],"wp:term":[{"taxonomy":"product_brand","embeddable":true,"href":"https:\/\/www.riderclimax.com\/pt\/wp-json\/wp\/v2\/product_brand?post=1570"},{"taxonomy":"product_cat","embeddable":true,"href":"https:\/\/www.riderclimax.com\/pt\/wp-json\/wp\/v2\/product_cat?post=1570"},{"taxonomy":"product_tag","embeddable":true,"href":"https:\/\/www.riderclimax.com\/pt\/wp-json\/wp\/v2\/product_tag?post=1570"}],"curies":[{"name":"wp","href":"https:\/\/api.w.org\/{rel}","templated":true}]}}