{"id":1563,"date":"2025-10-22T14:21:01","date_gmt":"2025-10-22T06:21:01","guid":{"rendered":"https:\/\/www.riderclimax.com\/?post_type=product&#038;p=1563"},"modified":"2026-01-27T14:21:01","modified_gmt":"2026-01-27T06:21:01","slug":"frameless-cooler-freezer-glass-door","status":"publish","type":"product","link":"https:\/\/www.riderclimax.com\/pt\/product\/frameless-cooler-freezer-glass-door\/","title":{"rendered":"Frameless Cooler&#038; Porta de vidro congelador"},"content":{"rendered":"<p><strong>Caracter\u00edsticas do Produto<\/strong><\/p>\n<p>1.Glass: Caracter\u00edsticas de vidro temperado de dupla camada (para refrigera\u00e7\u00e3o) ou tripla camada (para congela\u00e7\u00e3o) com g\u00e1s de arg\u00e3o preenchido para isolamento t\u00e9rmico superior e seguran\u00e7a.<\/p>\n<p>2.Calor: Equipado com uma fun\u00e7\u00e3o de aquecimento de vidro (para congelar) para se adaptar a diferentes exig\u00eancias ambientais.<\/p>\n<p>3.Quadro: O quadro da porta usa um quadro de economia de energia de alta efici\u00eancia, que economiza mais de 25% de energia para o arm\u00e1rio.<\/p>\n<p>4.Anti-nevoeiro: Um filme opcional anti-nevoeiro est\u00e1 dispon\u00edvel para melhorar a porta s fun\u00e7\u00e3o anti-condensa\u00e7\u00e3o.<\/p>\n<p>5.Manos: Estilos de mancha m\u00faltipla podem ser parejados conforme necess\u00e1rio.<\/p>\n<p>6.Porta: Abre a um \u00e2ngulo de 90\u00b0 com uma caracter\u00edstica de seguran\u00e7a aberta, tornando a opera\u00e7\u00e3o conveniente e flex\u00edvel.<\/p>\n<p>7.Tecnologia: Empregue tecnologia avan\u00e7ada de vidro aquecido e quadro para assegurar desempenho est\u00e1vel.<\/p>\n<p>8.Adapta\u00e7\u00e3o: Dimens\u00f5es e logotipos podem ser personalizados de acordo com os requisitos do cliente.<\/p>\n<p>9.Sealing: Usa gaskets magn\u00e9ticos de porta para um selo efetivo, evitando fuga de ar frio.<\/p>\n<p><strong>Escen\u00e1rios de aplica\u00e7\u00f5es<\/strong><\/p>\n<p>Adequado para armaz\u00e9ns de display, frigor\u00edficos verticais, congeladores verticais, frigor\u00edficos florais, armaz\u00e9ns de vinho, etc.<\/p>","protected":false},"excerpt":{"rendered":"<p><strong>Caracter\u00edsticas do Produto<\/strong><\/p>\n<ol>\n<li>Glass: Features double-layered (for refrigeration) or triple-layered (for freezing) tempered glass with argon gas filling for superior thermal insulation and safety.<\/li>\n<li>aquecimento: Equipado com uma fun\u00e7\u00e3o de aquecimento de vidro (para congelar) para se adaptar a diferentes exig\u00eancias ambientais.<\/li>\n<li>Quadro: O quadro da porta usa um quadro de economia de energia de alta efici\u00eancia, que economiza mais de 25% de energia para o arm\u00e1rio.<\/li>\n<li>Anti-nevoeiro: Um filme opcional anti-nevoeiro est\u00e1 dispon\u00edvel para melhorar a porta s fun\u00e7\u00e3o anti-condensa\u00e7\u00e3o.<\/li>\n<li>Manos: Estilos de mancha m\u00faltipla podem ser parejados conforme necess\u00e1rio.<\/li>\n<li>Porta: Abre a um \u00e2ngulo de 90\u00b0 com uma caracter\u00edstica de seguran\u00e7a aberta, tornando a opera\u00e7\u00e3o conveniente e flex\u00edvel.<\/li>\n<li>Tecnologia: Emprega tecnologia avan\u00e7ada de vidro aquecido e quadro para assegurar desempenho est\u00e1vel.<\/li>\n<li>Adapta\u00e7\u00e3o: Dimens\u00f5es e logotipos podem ser personalizados de acordo com os requisitos do cliente.<\/li>\n<li>Sealing: Usa gaskets magn\u00e9ticos de porta para um selo efetivo, evitando fuga de ar frio.<\/li>\n<\/ol>","protected":false},"featured_media":1568,"comment_status":"closed","ping_status":"closed","template":"","meta":[],"product_brand":[],"product_cat":[21],"product_tag":[51],"class_list":{"0":"post-1563","1":"product","2":"type-product","3":"status-publish","4":"has-post-thumbnail","6":"product_cat-reach-in-cooler-freezer-glass-door","7":"product_tag-reach-in-cooler-freezer-glass-door","9":"first","10":"instock","11":"shipping-taxable","12":"product-type-simple"},"_links":{"self":[{"href":"https:\/\/www.riderclimax.com\/pt\/wp-json\/wp\/v2\/product\/1563","targetHints":{"allow":["GET"]}}],"collection":[{"href":"https:\/\/www.riderclimax.com\/pt\/wp-json\/wp\/v2\/product"}],"about":[{"href":"https:\/\/www.riderclimax.com\/pt\/wp-json\/wp\/v2\/types\/product"}],"replies":[{"embeddable":true,"href":"https:\/\/www.riderclimax.com\/pt\/wp-json\/wp\/v2\/comments?post=1563"}],"wp:featuredmedia":[{"embeddable":true,"href":"https:\/\/www.riderclimax.com\/pt\/wp-json\/wp\/v2\/media\/1568"}],"wp:attachment":[{"href":"https:\/\/www.riderclimax.com\/pt\/wp-json\/wp\/v2\/media?parent=1563"}],"wp:term":[{"taxonomy":"product_brand","embeddable":true,"href":"https:\/\/www.riderclimax.com\/pt\/wp-json\/wp\/v2\/product_brand?post=1563"},{"taxonomy":"product_cat","embeddable":true,"href":"https:\/\/www.riderclimax.com\/pt\/wp-json\/wp\/v2\/product_cat?post=1563"},{"taxonomy":"product_tag","embeddable":true,"href":"https:\/\/www.riderclimax.com\/pt\/wp-json\/wp\/v2\/product_tag?post=1563"}],"curies":[{"name":"wp","href":"https:\/\/api.w.org\/{rel}","templated":true}]}}