{"id":1553,"date":"2025-10-22T14:12:12","date_gmt":"2025-10-22T06:12:12","guid":{"rendered":"https:\/\/www.riderclimax.com\/?post_type=product&#038;p=1553"},"modified":"2026-01-27T14:44:56","modified_gmt":"2026-01-27T06:44:56","slug":"display-acrylic-glass-door","status":"publish","type":"product","link":"https:\/\/www.riderclimax.com\/pt\/product\/display-acrylic-glass-door\/","title":{"rendered":"Mostrar a porta de vidro acr\u00edlico"},"content":{"rendered":"<p><strong>Caracter\u00edsticas do Produto<\/strong><\/p>\n<p>1.Excelente Design Visual: Utiliza vidro temperado de duas camadas com um design em forma de arco desigual.<\/p>\n<p>2.Visibilidade refor\u00e7ada: parejado com uma barra de espaciador acr\u00edlico para maximizar a visibilidade do produto, assegurando que os itens mostrados s\u00e3o claramente apresentados.<\/p>\n<p>3.Op\u00e7\u00f5es de personaliza\u00e7\u00e3o ricas:<\/p>\n<p>Dimens\u00f5es e Logos: Apoia dimens\u00f5es personalizadas e logos exclusivos para satisfazer necessidades personalizadas para diversos cen\u00e1rios.<\/p>\n<p>Manos: equipados com manchas completamente transparentes para satisfazer diferentes prefer\u00eancias est\u00e9ticas.<\/p>\n<p><strong>Escen\u00e1rios de aplica\u00e7\u00f5es<\/strong><\/p>\n<p>Adequado para aparelhos de refrigeradores.<\/p>","protected":false},"excerpt":{"rendered":"<p><strong>Caracter\u00edsticas do Produto<\/strong><\/p>\n<p>1.Excelente Design Visual: Utiliza vidro temperado de duas camadas com um design em forma de arco desigual.<\/p>\n<p>2.Visibilidade refor\u00e7ada: parejado com uma barra de espaciador acr\u00edlico para maximizar a visibilidade do produto, assegurando que os itens mostrados s\u00e3o claramente apresentados.<\/p>\n<p>3.Op\u00e7\u00f5es de personaliza\u00e7\u00e3o ricas:<\/p>\n<p>Dimens\u00f5es e Logos: Apoia dimens\u00f5es personalizadas e logos exclusivos para satisfazer necessidades personalizadas para diversos cen\u00e1rios.<\/p>\n<p>Manos: equipados com manchas completamente transparentes para satisfazer diferentes prefer\u00eancias est\u00e9ticas.<\/p>","protected":false},"featured_media":1557,"comment_status":"closed","ping_status":"closed","template":"","meta":[],"product_brand":[],"product_cat":[44],"product_tag":[50],"class_list":{"0":"post-1553","1":"product","2":"type-product","3":"status-publish","4":"has-post-thumbnail","6":"product_cat-display-glass-door","7":"product_tag-display-glass-door","9":"first","10":"instock","11":"shipping-taxable","12":"product-type-simple"},"_links":{"self":[{"href":"https:\/\/www.riderclimax.com\/pt\/wp-json\/wp\/v2\/product\/1553","targetHints":{"allow":["GET"]}}],"collection":[{"href":"https:\/\/www.riderclimax.com\/pt\/wp-json\/wp\/v2\/product"}],"about":[{"href":"https:\/\/www.riderclimax.com\/pt\/wp-json\/wp\/v2\/types\/product"}],"replies":[{"embeddable":true,"href":"https:\/\/www.riderclimax.com\/pt\/wp-json\/wp\/v2\/comments?post=1553"}],"wp:featuredmedia":[{"embeddable":true,"href":"https:\/\/www.riderclimax.com\/pt\/wp-json\/wp\/v2\/media\/1557"}],"wp:attachment":[{"href":"https:\/\/www.riderclimax.com\/pt\/wp-json\/wp\/v2\/media?parent=1553"}],"wp:term":[{"taxonomy":"product_brand","embeddable":true,"href":"https:\/\/www.riderclimax.com\/pt\/wp-json\/wp\/v2\/product_brand?post=1553"},{"taxonomy":"product_cat","embeddable":true,"href":"https:\/\/www.riderclimax.com\/pt\/wp-json\/wp\/v2\/product_cat?post=1553"},{"taxonomy":"product_tag","embeddable":true,"href":"https:\/\/www.riderclimax.com\/pt\/wp-json\/wp\/v2\/product_tag?post=1553"}],"curies":[{"name":"wp","href":"https:\/\/api.w.org\/{rel}","templated":true}]}}