{"id":1536,"date":"2025-10-22T13:59:31","date_gmt":"2025-10-22T05:59:31","guid":{"rendered":"https:\/\/www.riderclimax.com\/?post_type=product&#038;p=1536"},"modified":"2026-01-27T14:30:45","modified_gmt":"2026-01-27T06:30:45","slug":"beverage-cabinet-glass-door","status":"publish","type":"product","link":"https:\/\/www.riderclimax.com\/pt\/product\/beverage-cabinet-glass-door\/","title":{"rendered":"Porta de vidro do arm\u00e1rio de bebidas"},"content":{"rendered":"<p><strong><b>Caracter\u00edsticas do Produto<\/b><\/strong><\/p>\n<p>1.Material de vidro: Ofere uma escolha de 2 ou 3 camadas de vidro de baixo E, com vidro de baixo E temperado usado internamente para aumentar a efici\u00eancia energ\u00e9tica e prevenir a condensa\u00e7\u00e3o.<\/p>\n<p>2.Identidade da marca: Os logos da marca s\u00e3o impressos no meio do vidro usando tinta fotosens\u00edvel, destacando uma imagem \u00fanica da marca.<\/p>\n<p>3.Performan\u00e7a Protetiva: Caracter\u00edsticas anti-nevoeiro, anti-condensa\u00e7\u00e3o e fun\u00e7\u00f5es anti-congelamento para assegurar que os itens dentro do gabinete s\u00e3o claramente vis\u00edveis. Tamb\u00e9m proporciona prote\u00e7\u00e3o eficaz contra colis\u00e3o e prova de explos\u00e3o para a seguran\u00e7a dos usu\u00e1rios.<\/p>\n<p>4.Design Funcional:<\/p>\n<p>Tem uma fun\u00e7\u00e3o de fechamento autom\u00e1tico para uso conveniente.<\/p>\n<p>Uma caracter\u00edstica opcional de 90\u00b0 de seguran\u00e7a aberta est\u00e1 dispon\u00edvel para facilitar a carga do produto.<\/p>\n<p>5.Efeitos Visuais: Atira uma alta taxa de transmiss\u00e3o de luz vis\u00edvel, tornando as mercadorias dentro do gabinete claras numa olhada e atraindo a aten\u00e7\u00e3o do cliente.<\/p>\n<p>6.Personalization<\/p>\n<p>Luz: A cor da faixa de luz sustenta a personaliza\u00e7\u00e3o para atender \u00e0s necessidades personalizadas de diferentes cen\u00e1rios.<\/p>","protected":false},"excerpt":{"rendered":"<p><strong><b>Caracter\u00edsticas do Produto<\/b><\/strong><\/p>\n<p>1.Material de vidro: Ofere uma escolha de 2 ou 3 camadas de vidro de baixo E, com vidro de baixo E temperado usado internamente para aumentar a efici\u00eancia energ\u00e9tica e prevenir a condensa\u00e7\u00e3o.<\/p>\n<p>2.Identidade da marca: Os logos da marca s\u00e3o impressos no meio do vidro usando tinta fotosens\u00edvel, destacando uma imagem \u00fanica da marca.<\/p>\n<p>3.Performan\u00e7a Protetiva: Caracter\u00edsticas anti-nevoeiro, anti-condensa\u00e7\u00e3o e fun\u00e7\u00f5es anti-congelamento para assegurar que os itens dentro do gabinete s\u00e3o claramente vis\u00edveis. Tamb\u00e9m proporciona prote\u00e7\u00e3o eficaz contra colis\u00e3o e prova de explos\u00e3o para a seguran\u00e7a dos usu\u00e1rios.<\/p>\n<p>4.Design Funcional:<\/p>\n<p>Tem uma fun\u00e7\u00e3o de fechamento autom\u00e1tico para uso conveniente.<\/p>\n<p>Uma caracter\u00edstica opcional de 90\u00b0 de seguran\u00e7a aberta est\u00e1 dispon\u00edvel para facilitar a carga do produto.<\/p>\n<p>5.Efeitos Visuais: Atira uma alta taxa de transmiss\u00e3o de luz vis\u00edvel, tornando as mercadorias dentro do gabinete claras numa olhada e atraindo a aten\u00e7\u00e3o do cliente.<\/p>\n<p>6.Personalization<\/p>\n<p>Luz: A cor da faixa de luz sustenta a personaliza\u00e7\u00e3o para atender \u00e0s necessidades personalizadas de diferentes cen\u00e1rios.<\/p>","protected":false},"featured_media":1544,"comment_status":"closed","ping_status":"closed","template":"","meta":[],"product_brand":[],"product_cat":[60],"product_tag":[54],"class_list":{"0":"post-1536","1":"product","2":"type-product","3":"status-publish","4":"has-post-thumbnail","6":"product_cat-beverage-cabinet-glass-door","7":"product_tag-vending-machine-glass-door","9":"first","10":"instock","11":"shipping-taxable","12":"product-type-simple"},"_links":{"self":[{"href":"https:\/\/www.riderclimax.com\/pt\/wp-json\/wp\/v2\/product\/1536","targetHints":{"allow":["GET"]}}],"collection":[{"href":"https:\/\/www.riderclimax.com\/pt\/wp-json\/wp\/v2\/product"}],"about":[{"href":"https:\/\/www.riderclimax.com\/pt\/wp-json\/wp\/v2\/types\/product"}],"replies":[{"embeddable":true,"href":"https:\/\/www.riderclimax.com\/pt\/wp-json\/wp\/v2\/comments?post=1536"}],"wp:featuredmedia":[{"embeddable":true,"href":"https:\/\/www.riderclimax.com\/pt\/wp-json\/wp\/v2\/media\/1544"}],"wp:attachment":[{"href":"https:\/\/www.riderclimax.com\/pt\/wp-json\/wp\/v2\/media?parent=1536"}],"wp:term":[{"taxonomy":"product_brand","embeddable":true,"href":"https:\/\/www.riderclimax.com\/pt\/wp-json\/wp\/v2\/product_brand?post=1536"},{"taxonomy":"product_cat","embeddable":true,"href":"https:\/\/www.riderclimax.com\/pt\/wp-json\/wp\/v2\/product_cat?post=1536"},{"taxonomy":"product_tag","embeddable":true,"href":"https:\/\/www.riderclimax.com\/pt\/wp-json\/wp\/v2\/product_tag?post=1536"}],"curies":[{"name":"wp","href":"https:\/\/api.w.org\/{rel}","templated":true}]}}