{"id":1523,"date":"2025-10-22T13:44:43","date_gmt":"2025-10-22T05:44:43","guid":{"rendered":"https:\/\/www.riderclimax.com\/product\/transparent-acrylic-cooler-glass-door-2\/"},"modified":"2026-01-27T14:26:28","modified_gmt":"2026-01-27T06:26:28","slug":"transparent-acrylic-cooler-glass-door","status":"publish","type":"product","link":"https:\/\/www.riderclimax.com\/pt\/product\/transparent-acrylic-cooler-glass-door\/","title":{"rendered":"Porta transparente de vidro refrigerador acr\u00edlico"},"content":{"rendered":"<p><strong>Caracter\u00edsticas do Produto<\/strong><\/p>\n<p>1.Excelente Design Visual: Utiliza vidro temperado de duas camadas com preenchimento de g\u00e1s de arg\u00e3o e uma barra de espaciador acr\u00edlico para maximizar a visibilidade do produto, assegurando que os itens mostrados s\u00e3o claramente apresentados.<\/p>\n<p>2.Op\u00e7\u00f5es ricas de personaliza\u00e7\u00e3o<\/p>\n<p>Impress\u00e3o de tela de seda: fornece impress\u00e3o de tela de seda de cor personalizada para criar uma apar\u00eancia \u00fanica baseada em prefer\u00eancia pessoal ou imagem de marca.<\/p>\n<p>Dimens\u00f5es e Logos: Apoia dimens\u00f5es personalizadas e logos exclusivos para satisfazer necessidades personalizadas para diversos cen\u00e1rios.<\/p>\n<p>3.Diversas escolhas acess\u00f3rias<\/p>\n<p>Manos: equipados com manchas de a\u00e7o inteiramente transparentes e inoxid\u00e1vel para satisfazer diferentes prefer\u00eancias est\u00e9ticas.<\/p>\n<p>Sugiros: O sapo inferior vem padr\u00e3o com duas estruturas, retorno de gravidade e press \u00e3o de primavera, e tamb\u00e9m pode ser personalizado de acordo com necessidades espec\u00edficas.<\/p>\n<p>4.Fun\u00e7\u00e3o de aquecimento pr\u00e1tica: A porta de vidro pode ser equipada com uma fun\u00e7\u00e3o de aquecimento el\u00e9trico, que pode ser usada conectando um capacitor\/transformador externo, adaptando-se a diferentes condi\u00e7\u00f5es do local.<\/p>\n<p>5.Durabilidade excelente: passa por testes rigorosos com mais de 100.000 ciclos de abertura e fechamento de portas, assegurando uso est\u00e1vel a longo prazo.<\/p>\n<p>&nbsp;<\/p>\n<p><strong>Escen\u00e1rios de aplica\u00e7\u00f5es<\/strong><\/p>\n<p>Adequado para frigor\u00edficos e congeladores em massa, fornecendo uma solu\u00e7\u00e3o confi\u00e1vel para mostrar e preservar produtos.<\/p>","protected":false},"excerpt":{"rendered":"<p><strong>Caracter\u00edsticas do Produto<\/strong><\/p>\n<p>1.Excelente Design Visual: Utiliza vidro temperado de duas camadas com preenchimento de g\u00e1s de arg\u00e3o e uma barra de espaciador acr\u00edlico para maximizar a visibilidade do produto, assegurando que os itens mostrados s\u00e3o claramente apresentados.<\/p>\n<p>2.Op\u00e7\u00f5es ricas de personaliza\u00e7\u00e3o<\/p>\n<p>Impress\u00e3o de tela de seda: fornece impress\u00e3o de tela de seda de cor personalizada para criar uma apar\u00eancia \u00fanica baseada em prefer\u00eancia pessoal ou imagem de marca.<\/p>\n<p>Dimens\u00f5es e Logos: Apoia dimens\u00f5es personalizadas e logos exclusivos para satisfazer necessidades personalizadas para diversos cen\u00e1rios.<\/p>\n<p>3.Diversas escolhas acess\u00f3rias<\/p>\n<p>Manos: equipados com manchas de a\u00e7o inteiramente transparentes e inoxid\u00e1vel para satisfazer diferentes prefer\u00eancias est\u00e9ticas.<\/p>\n<p>Sugiros: O sapo inferior vem padr\u00e3o com duas estruturas, retorno de gravidade e press \u00e3o de primavera, e tamb\u00e9m pode ser personalizado de acordo com necessidades espec\u00edficas.<\/p>\n<p>4.Fun\u00e7\u00e3o de aquecimento pr\u00e1tica: A porta de vidro pode ser equipada com uma fun\u00e7\u00e3o de aquecimento el\u00e9trico, que pode ser usada conectando um capacitor\/transformador externo, adaptando-se a diferentes condi\u00e7\u00f5es do local.<\/p>\n<p>5.Durabilidade excelente: passa por testes rigorosos com mais de 100.000 ciclos de abertura e fechamento de portas, assegurando uso est\u00e1vel a longo prazo.<\/p>","protected":false},"featured_media":1542,"comment_status":"closed","ping_status":"closed","template":"","meta":[],"product_brand":[],"product_cat":[22],"product_tag":[52],"class_list":{"0":"post-1523","1":"product","2":"type-product","3":"status-publish","4":"has-post-thumbnail","6":"product_cat-transparent-acrylic-cooler-glass-door","7":"product_tag-transparent-acrylic-cooler-glass-door","9":"first","10":"instock","11":"shipping-taxable","12":"product-type-simple"},"_links":{"self":[{"href":"https:\/\/www.riderclimax.com\/pt\/wp-json\/wp\/v2\/product\/1523","targetHints":{"allow":["GET"]}}],"collection":[{"href":"https:\/\/www.riderclimax.com\/pt\/wp-json\/wp\/v2\/product"}],"about":[{"href":"https:\/\/www.riderclimax.com\/pt\/wp-json\/wp\/v2\/types\/product"}],"replies":[{"embeddable":true,"href":"https:\/\/www.riderclimax.com\/pt\/wp-json\/wp\/v2\/comments?post=1523"}],"wp:featuredmedia":[{"embeddable":true,"href":"https:\/\/www.riderclimax.com\/pt\/wp-json\/wp\/v2\/media\/1542"}],"wp:attachment":[{"href":"https:\/\/www.riderclimax.com\/pt\/wp-json\/wp\/v2\/media?parent=1523"}],"wp:term":[{"taxonomy":"product_brand","embeddable":true,"href":"https:\/\/www.riderclimax.com\/pt\/wp-json\/wp\/v2\/product_brand?post=1523"},{"taxonomy":"product_cat","embeddable":true,"href":"https:\/\/www.riderclimax.com\/pt\/wp-json\/wp\/v2\/product_cat?post=1523"},{"taxonomy":"product_tag","embeddable":true,"href":"https:\/\/www.riderclimax.com\/pt\/wp-json\/wp\/v2\/product_tag?post=1523"}],"curies":[{"name":"wp","href":"https:\/\/api.w.org\/{rel}","templated":true}]}}