{"id":2142,"date":"2025-11-14T10:34:24","date_gmt":"2025-11-14T02:34:24","guid":{"rendered":"https:\/\/www.riderclimax.com\/?post_type=product&#038;p=2142"},"modified":"2026-01-27T14:48:06","modified_gmt":"2026-01-27T06:48:06","slug":"side-panel-insulated-glass","status":"publish","type":"product","link":"https:\/\/www.riderclimax.com\/fr\/product\/side-panel-insulated-glass\/","title":{"rendered":"Panneau lat\u00e9ral verre isol\u00e9"},"content":{"rendered":"<p><strong><b>Caract\u00e9ristiques du produit:<\/b><\/strong><\/p>\n<ol>\n<li>Fonction de chauffage en option pour des propri\u00e9t\u00e9s anti-brouillard et anti-brisage, assurant une visibilit\u00e9 claire et une durabilit\u00e9 s\u00fbre.<\/li>\n<li>Disponible avec verre Low-E; la structure isol\u00e9e fournit une excellente isolation thermique, r\u00e9duisant efficacement la consommation d'\u00e9nergie.<\/li>\n<li>Impression en soie personnalisable et conception standardis\u00e9e, int\u00e9gr\u00e9e en douceur dans les panneaux lat\u00e9raux d'armoire commerciale pour une esth\u00e9tique et une pratique.<\/li>\n<li>L'isolation acoustique sup\u00e9rieure am\u00e9liore le confort de l'utilisateur.<\/li>\n<\/ol>\n<p><strong><b>Sc\u00e9narios d'application:<\/b><\/strong>\u00a0Convient pour les vitrines commerciales, vitrines de p\u00e2tisserie, vitrines de bijoux, etc.<\/p>","protected":false},"excerpt":{"rendered":"<p><strong><b>Caract\u00e9ristiques du produit:<\/b><\/strong><\/p>\n<ol>\n<li>Fonction de chauffage en option pour des propri\u00e9t\u00e9s anti-brouillard et anti-brisage, assurant une visibilit\u00e9 claire et une durabilit\u00e9 s\u00fbre.<\/li>\n<li>Disponible avec verre Low-E; la structure isol\u00e9e fournit une excellente isolation thermique, r\u00e9duisant efficacement la consommation d'\u00e9nergie.<\/li>\n<li>Impression en soie personnalisable et conception standardis\u00e9e, int\u00e9gr\u00e9e en douceur dans les panneaux lat\u00e9raux d'armoire commerciale pour une esth\u00e9tique et une pratique.<\/li>\n<li>L'isolation acoustique sup\u00e9rieure am\u00e9liore le confort de l'utilisateur.<\/li>\n<\/ol>","protected":false},"featured_media":2143,"comment_status":"closed","ping_status":"closed","template":"","meta":[],"product_brand":[],"product_cat":[58],"product_tag":[59],"class_list":{"0":"post-2142","1":"product","2":"type-product","3":"status-publish","4":"has-post-thumbnail","6":"product_cat-side-panel-insulated-glass","7":"product_tag-side-panel-insulated-glass","9":"first","10":"instock","11":"shipping-taxable","12":"product-type-simple"},"_links":{"self":[{"href":"https:\/\/www.riderclimax.com\/fr\/wp-json\/wp\/v2\/product\/2142","targetHints":{"allow":["GET"]}}],"collection":[{"href":"https:\/\/www.riderclimax.com\/fr\/wp-json\/wp\/v2\/product"}],"about":[{"href":"https:\/\/www.riderclimax.com\/fr\/wp-json\/wp\/v2\/types\/product"}],"replies":[{"embeddable":true,"href":"https:\/\/www.riderclimax.com\/fr\/wp-json\/wp\/v2\/comments?post=2142"}],"wp:featuredmedia":[{"embeddable":true,"href":"https:\/\/www.riderclimax.com\/fr\/wp-json\/wp\/v2\/media\/2143"}],"wp:attachment":[{"href":"https:\/\/www.riderclimax.com\/fr\/wp-json\/wp\/v2\/media?parent=2142"}],"wp:term":[{"taxonomy":"product_brand","embeddable":true,"href":"https:\/\/www.riderclimax.com\/fr\/wp-json\/wp\/v2\/product_brand?post=2142"},{"taxonomy":"product_cat","embeddable":true,"href":"https:\/\/www.riderclimax.com\/fr\/wp-json\/wp\/v2\/product_cat?post=2142"},{"taxonomy":"product_tag","embeddable":true,"href":"https:\/\/www.riderclimax.com\/fr\/wp-json\/wp\/v2\/product_tag?post=2142"}],"curies":[{"name":"WP","href":"https:\/\/api.w.org\/{rel}","templated":true}]}}