{"id":2006,"date":"2025-11-03T14:09:27","date_gmt":"2025-11-03T06:09:27","guid":{"rendered":"https:\/\/www.riderclimax.com\/?post_type=product&#038;p=2006"},"modified":"2025-11-20T17:55:59","modified_gmt":"2025-11-20T09:55:59","slug":"shelves","status":"publish","type":"product","link":"https:\/\/www.riderclimax.com\/fr\/product\/shelves\/","title":{"rendered":"\u00c9tag\u00e8res"},"content":{"rendered":"<p><strong>Capacit\u00e9 de charge exceptionnelle<\/strong><br \/>\nCon\u00e7u pour supporter de mani\u00e8re fiable les marchandises lourdes. garantissant un stockage stable et s\u00e9curis\u00e9 m\u00eame sous pleine charge.<br \/>\n<strong>Disposition spacieuse<\/strong><br \/>\nUn espace g\u00e9n\u00e9reux dans les couloirs et des lignes de vue verticales claires am\u00e9liorent l'exp\u00e9rience d'achat et am\u00e9liorent la mobilit\u00e9 des clients.<br \/>\n<strong>Mat\u00e9riaux durables<\/strong><br \/>\nConstruit en acier haute r\u00e9sistance et en mat\u00e9riaux de qualit\u00e9 sup\u00e9rieure, offrant une r\u00e9sistance aux chocs et une int\u00e9grit\u00e9 structurelle \u00e0 long terme.<br \/>\n<strong>Construction robuste<\/strong><br \/>\nDot\u00e9 d'une conception structurale optimis\u00e9e qui r\u00e9siste efficacement aux balancements et aux d\u00e9formations, offrant une fiabilit\u00e9 quotidienne.<br \/>\n<strong>Visibilit\u00e9 claire<\/strong><br \/>\nCon\u00e7u avec un espacement sans entrave et une zone d'affichage ouverte, rendant les produits faciles \u00e0 parcourir et \u00e0 s\u00e9lectionner.<br \/>\n<strong>Performance durable<\/strong><br \/>\nLes finitions r\u00e9sistantes \u00e0 la corrosion et le soudage renforc\u00e9 assurent des performances fiables pendant des ann\u00e9es d'utilisation intensive.<\/p>","protected":false},"excerpt":{"rendered":"<p><strong>Capacit\u00e9 de charge exceptionnelle<\/strong><br \/>\nCon\u00e7u pour supporter de mani\u00e8re fiable les marchandises lourdes. garantissant un stockage stable et s\u00e9curis\u00e9 m\u00eame sous pleine charge.<br \/>\n<strong>Disposition spacieuse<\/strong><br \/>\nUn espace g\u00e9n\u00e9reux dans les couloirs et des lignes de vue verticales claires am\u00e9liorent l'exp\u00e9rience d'achat et am\u00e9liorent la mobilit\u00e9 des clients.<br \/>\n<strong>Mat\u00e9riaux durables<\/strong><br \/>\nConstruit en acier haute r\u00e9sistance et en mat\u00e9riaux de qualit\u00e9 sup\u00e9rieure, offrant une r\u00e9sistance aux chocs et une int\u00e9grit\u00e9 structurelle \u00e0 long terme.<br \/>\n<strong>Construction robuste<\/strong><br \/>\nDot\u00e9 d'une conception structurale optimis\u00e9e qui r\u00e9siste efficacement aux balancements et aux d\u00e9formations, offrant une fiabilit\u00e9 quotidienne.<br \/>\n<strong>Visibilit\u00e9 claire<\/strong><br \/>\nCon\u00e7u avec un espacement sans entrave et une zone d'affichage ouverte, rendant les produits faciles \u00e0 parcourir et \u00e0 s\u00e9lectionner.<br \/>\n<strong>Performance durable<\/strong><br \/>\nLes finitions r\u00e9sistantes \u00e0 la corrosion et le soudage renforc\u00e9 assurent des performances fiables pendant des ann\u00e9es d'utilisation intensive.<\/p>","protected":false},"featured_media":2361,"comment_status":"closed","ping_status":"closed","template":"","meta":[],"product_brand":[],"product_cat":[55],"product_tag":[56],"class_list":{"0":"post-2006","1":"product","2":"type-product","3":"status-publish","4":"has-post-thumbnail","6":"product_cat-other","7":"product_tag-accessories","9":"first","10":"instock","11":"shipping-taxable","12":"product-type-simple"},"_links":{"self":[{"href":"https:\/\/www.riderclimax.com\/fr\/wp-json\/wp\/v2\/product\/2006","targetHints":{"allow":["GET"]}}],"collection":[{"href":"https:\/\/www.riderclimax.com\/fr\/wp-json\/wp\/v2\/product"}],"about":[{"href":"https:\/\/www.riderclimax.com\/fr\/wp-json\/wp\/v2\/types\/product"}],"replies":[{"embeddable":true,"href":"https:\/\/www.riderclimax.com\/fr\/wp-json\/wp\/v2\/comments?post=2006"}],"wp:featuredmedia":[{"embeddable":true,"href":"https:\/\/www.riderclimax.com\/fr\/wp-json\/wp\/v2\/media\/2361"}],"wp:attachment":[{"href":"https:\/\/www.riderclimax.com\/fr\/wp-json\/wp\/v2\/media?parent=2006"}],"wp:term":[{"taxonomy":"product_brand","embeddable":true,"href":"https:\/\/www.riderclimax.com\/fr\/wp-json\/wp\/v2\/product_brand?post=2006"},{"taxonomy":"product_cat","embeddable":true,"href":"https:\/\/www.riderclimax.com\/fr\/wp-json\/wp\/v2\/product_cat?post=2006"},{"taxonomy":"product_tag","embeddable":true,"href":"https:\/\/www.riderclimax.com\/fr\/wp-json\/wp\/v2\/product_tag?post=2006"}],"curies":[{"name":"WP","href":"https:\/\/api.w.org\/{rel}","templated":true}]}}