{"id":1575,"date":"2025-10-22T14:31:41","date_gmt":"2025-10-22T06:31:41","guid":{"rendered":"https:\/\/www.riderclimax.com\/?post_type=product&#038;p=1575"},"modified":"2026-01-27T14:28:52","modified_gmt":"2026-01-27T06:28:52","slug":"led-vending-machine-glass-doorled","status":"publish","type":"product","link":"https:\/\/www.riderclimax.com\/fr\/product\/led-vending-machine-glass-doorled\/","title":{"rendered":"LED distributeur automatique en verre DoorLed"},"content":{"rendered":"<p><strong>Caract\u00e9ristiques standard<\/strong><\/p>\n<p>1.Customization: prend en charge les logos personnalis\u00e9s.<\/p>\n<p>Affichage 2.Advertising: Utilise du verre tremp\u00e9 creux \u00e0 double couche avec un affichage LED int\u00e9gr\u00e9 pour le contenu publicitaire.<\/p>\n<p>3.Frame: \u00c9quip\u00e9 d'un cadre de porte en alliage d'aluminium.<\/p>\n<p><strong>Configurations facultatives<\/strong><\/p>\n<p>1.Heating: Une option de fonction de chauffage est disponible.<\/p>\n<p>2.Customization: prend en charge les dimensions personnalis\u00e9es.<\/p>","protected":false},"excerpt":{"rendered":"<p><strong>Caract\u00e9ristiques standard<\/strong><\/p>\n<p>1.Customization: prend en charge les logos personnalis\u00e9s.<\/p>\n<p>Affichage 2.Advertising: Utilise du verre tremp\u00e9 creux \u00e0 double couche avec un affichage LED int\u00e9gr\u00e9 pour le contenu publicitaire.<\/p>\n<p>3.Frame: \u00c9quip\u00e9 d'un cadre de porte en alliage d'aluminium.<\/p>\n<p>&nbsp;<\/p>\n<p><strong>Configurations facultatives<\/strong><\/p>\n<p>1.Heating: Une option de fonction de chauffage est disponible.<\/p>\n<p>2.Customization: prend en charge les dimensions personnalis\u00e9es.<\/p>\n<p>&nbsp;<\/p>\n<p><strong>Applications<\/strong><\/p>\n<p>Magasins phares de marque, centres commerciaux, d\u00e9panneurs, supermarch\u00e9s et bijoux, montres et d\u00e9taillants de produits de luxe.<\/p>","protected":false},"featured_media":1578,"comment_status":"closed","ping_status":"closed","template":"","meta":[],"product_brand":[],"product_cat":[23],"product_tag":[54],"class_list":{"0":"post-1575","1":"product","2":"type-product","3":"status-publish","4":"has-post-thumbnail","6":"product_cat-vending-machine-glass-door","7":"product_tag-vending-machine-glass-door","9":"first","10":"instock","11":"shipping-taxable","12":"product-type-simple"},"_links":{"self":[{"href":"https:\/\/www.riderclimax.com\/fr\/wp-json\/wp\/v2\/product\/1575","targetHints":{"allow":["GET"]}}],"collection":[{"href":"https:\/\/www.riderclimax.com\/fr\/wp-json\/wp\/v2\/product"}],"about":[{"href":"https:\/\/www.riderclimax.com\/fr\/wp-json\/wp\/v2\/types\/product"}],"replies":[{"embeddable":true,"href":"https:\/\/www.riderclimax.com\/fr\/wp-json\/wp\/v2\/comments?post=1575"}],"wp:featuredmedia":[{"embeddable":true,"href":"https:\/\/www.riderclimax.com\/fr\/wp-json\/wp\/v2\/media\/1578"}],"wp:attachment":[{"href":"https:\/\/www.riderclimax.com\/fr\/wp-json\/wp\/v2\/media?parent=1575"}],"wp:term":[{"taxonomy":"product_brand","embeddable":true,"href":"https:\/\/www.riderclimax.com\/fr\/wp-json\/wp\/v2\/product_brand?post=1575"},{"taxonomy":"product_cat","embeddable":true,"href":"https:\/\/www.riderclimax.com\/fr\/wp-json\/wp\/v2\/product_cat?post=1575"},{"taxonomy":"product_tag","embeddable":true,"href":"https:\/\/www.riderclimax.com\/fr\/wp-json\/wp\/v2\/product_tag?post=1575"}],"curies":[{"name":"WP","href":"https:\/\/api.w.org\/{rel}","templated":true}]}}