{"id":1570,"date":"2025-10-22T14:26:28","date_gmt":"2025-10-22T06:26:28","guid":{"rendered":"https:\/\/www.riderclimax.com\/?post_type=product&#038;p=1570"},"modified":"2026-01-27T14:11:11","modified_gmt":"2026-01-27T06:11:11","slug":"reach-in-classic-glass-door","status":"publish","type":"product","link":"https:\/\/www.riderclimax.com\/fr\/product\/reach-in-classic-glass-door\/","title":{"rendered":"port\u00e9e en verre classique"},"content":{"rendered":"<p><strong>Caract\u00e9ristiques du produit<\/strong><\/p>\n<ol>\n<li>Verre: Utilise du verre tremp\u00e9 double ou triple avec remplissage de gaz argon pour une isolation thermique sup\u00e9rieure et une s\u00e9curit\u00e9 accrue.<\/li>\n<li>Chauffage: Caract\u00e9ristiques chauffage en verre (pour la cong\u00e9lation) pour r\u00e9pondre \u00e0 diverses exigences environnementales.<\/li>\n<li>Cadres: Offre une vari\u00e9t\u00e9 de profils de cadre pour la s\u00e9lection, en tenant compte de diverses pr\u00e9f\u00e9rences esth\u00e9tiques.<\/li>\n<li>Efficacit\u00e9 \u00e9nerg\u00e9tique: Le cadre utilise un cadre de porte \u00e0 haut rendement \u00e0 \u00e9conomie d'\u00e9nergie, ce qui permet d'\u00e9conomiser plus de 25% d'\u00e9nergie pour l'armoire.<\/li>\n<li>Anti-brouillard: Un film anti-brouillard optionnel est disponible pour am\u00e9liorer la porte&#8217; s fonction anti-condensation.<\/li>\n<li>Poign\u00e9es: Plusieurs styles de poign\u00e9e sont disponibles pour correspondance personnalis\u00e9e au besoin.<\/li>\n<li>Porte: Ouvre \u00e0 un angle de 90\u00b0 avec une fonction de tenue ouverte, ce qui rend le fonctionnement pratique et flexible.<\/li>\n<li>Technologie: Employe la technologie avanc\u00e9e de verre chauff\u00e9 et de cadre pour assurer des performances stables.<\/li>\n<li>\u00c9clairage: \u00c9quip\u00e9 d'\u00e9clairage LED \u00e9conome en \u00e9nergie, qui est \u00e0 la fois \u00e9cologique et pratique.<\/li>\n<li>Personnalisation: prend en charge les couleurs personnalis\u00e9es, et peut \u00eatre personnalis\u00e9 en taille et avec des logos en fonction des exigences du client.<\/li>\n<li>\u00c9tanglement: Utilise des joints de porte magn\u00e9tiques pour un \u00e9tanch\u00e9it\u00e9 efficace, emp\u00eachant les fuites d'air froid.<\/li>\n<\/ol>\n<p><strong>Sc\u00e9narios d'application<\/strong><\/p>\n<p>Convient pour les vitrines, r\u00e9frig\u00e9rateurs verticaux, cong\u00e9lateurs verticaux, refroidisseurs floraux, armoires \u00e0 vin, etc.<\/p>","protected":false},"excerpt":{"rendered":"<p><strong>Caract\u00e9ristiques du produit<\/strong><\/p>\n<ol>\n<li>Verre: Utilise du verre tremp\u00e9 double ou triple avec remplissage de gaz argon pour une isolation thermique sup\u00e9rieure et une s\u00e9curit\u00e9 accrue.<\/li>\n<li>Chauffage: Caract\u00e9ristiques chauffage en verre (pour la cong\u00e9lation) pour r\u00e9pondre \u00e0 diverses exigences environnementales.<\/li>\n<li>Cadres: Offre une vari\u00e9t\u00e9 de profils de cadre pour la s\u00e9lection, en tenant compte de diverses pr\u00e9f\u00e9rences esth\u00e9tiques.<\/li>\n<li>Efficacit\u00e9 \u00e9nerg\u00e9tique: Le cadre utilise un cadre de porte \u00e0 haut rendement \u00e0 \u00e9conomie d'\u00e9nergie, ce qui permet d'\u00e9conomiser plus de 25% d'\u00e9nergie pour l'armoire.<\/li>\n<li>Anti-brouillard: Un film anti-brouillard optionnel est disponible pour am\u00e9liorer la porte&#8217; s fonction anti-condensation.<\/li>\n<li>Poign\u00e9es: Plusieurs styles de poign\u00e9e sont disponibles pour correspondance personnalis\u00e9e au besoin.<\/li>\n<li>Porte: Ouvre \u00e0 un angle de 90\u00b0 avec une fonction de tenue ouverte, ce qui rend le fonctionnement pratique et flexible.<\/li>\n<li>Technologie: Employe la technologie avanc\u00e9e de verre chauff\u00e9 et de cadre pour assurer des performances stables.<\/li>\n<li>\u00c9clairage: \u00c9quip\u00e9 d'\u00e9clairage LED \u00e9conome en \u00e9nergie, qui est \u00e0 la fois \u00e9cologique et pratique.<\/li>\n<li>Personnalisation: prend en charge les couleurs personnalis\u00e9es, et peut \u00eatre personnalis\u00e9 en taille et avec des logos en fonction des exigences du client.<\/li>\n<li>\u00c9tanglement: Utilise des joints de porte magn\u00e9tiques pour un \u00e9tanch\u00e9it\u00e9 efficace, emp\u00eachant les fuites d'air froid.<\/li>\n<\/ol>","protected":false},"featured_media":1572,"comment_status":"closed","ping_status":"closed","template":"","meta":[],"product_brand":[],"product_cat":[20],"product_tag":[53],"class_list":{"0":"post-1570","1":"product","2":"type-product","3":"status-publish","4":"has-post-thumbnail","6":"product_cat-walk-in-cold-room-glass-door","7":"product_tag-walk-in-cold-room-glass-door","9":"first","10":"instock","11":"shipping-taxable","12":"product-type-simple"},"_links":{"self":[{"href":"https:\/\/www.riderclimax.com\/fr\/wp-json\/wp\/v2\/product\/1570","targetHints":{"allow":["GET"]}}],"collection":[{"href":"https:\/\/www.riderclimax.com\/fr\/wp-json\/wp\/v2\/product"}],"about":[{"href":"https:\/\/www.riderclimax.com\/fr\/wp-json\/wp\/v2\/types\/product"}],"replies":[{"embeddable":true,"href":"https:\/\/www.riderclimax.com\/fr\/wp-json\/wp\/v2\/comments?post=1570"}],"wp:featuredmedia":[{"embeddable":true,"href":"https:\/\/www.riderclimax.com\/fr\/wp-json\/wp\/v2\/media\/1572"}],"wp:attachment":[{"href":"https:\/\/www.riderclimax.com\/fr\/wp-json\/wp\/v2\/media?parent=1570"}],"wp:term":[{"taxonomy":"product_brand","embeddable":true,"href":"https:\/\/www.riderclimax.com\/fr\/wp-json\/wp\/v2\/product_brand?post=1570"},{"taxonomy":"product_cat","embeddable":true,"href":"https:\/\/www.riderclimax.com\/fr\/wp-json\/wp\/v2\/product_cat?post=1570"},{"taxonomy":"product_tag","embeddable":true,"href":"https:\/\/www.riderclimax.com\/fr\/wp-json\/wp\/v2\/product_tag?post=1570"}],"curies":[{"name":"WP","href":"https:\/\/api.w.org\/{rel}","templated":true}]}}