{"id":1563,"date":"2025-10-22T14:21:01","date_gmt":"2025-10-22T06:21:01","guid":{"rendered":"https:\/\/www.riderclimax.com\/?post_type=product&#038;p=1563"},"modified":"2026-01-27T14:21:01","modified_gmt":"2026-01-27T06:21:01","slug":"frameless-cooler-freezer-glass-door","status":"publish","type":"product","link":"https:\/\/www.riderclimax.com\/fr\/product\/frameless-cooler-freezer-glass-door\/","title":{"rendered":"Cooler sans cadre&#038; Porte en verre cong\u00e9lateur"},"content":{"rendered":"<p><strong>Caract\u00e9ristiques du produit<\/strong><\/p>\n<p>1.Glass: Caract\u00e9ristiques double couche (pour la r\u00e9frig\u00e9ration) ou triple couche (pour la cong\u00e9lation) verre tremp\u00e9 avec remplissage de gaz d'argon pour une isolation thermique sup\u00e9rieure et la s\u00e9curit\u00e9.<\/p>\n<p>2.Heating: \u00c9quip\u00e9 d'une fonction de chauffage en verre (pour la cong\u00e9lation) pour s'adapter aux diff\u00e9rentes exigences environnementales.<\/p>\n<p>3.Frame: Le cadre de porte utilise un cadre \u00e0 \u00e9conomie d'\u00e9nergie \u00e0 haut rendement, qui \u00e9conomise plus de 25% d'\u00e9nergie pour le placard.<\/p>\n<p>4.Anti-brouillard: Un film anti-brouillard facultatif est disponible pour am\u00e9liorer la porte&#8217; s fonction anti-condensation.<\/p>\n<p>5.Handles: plusieurs styles de poign\u00e9e peuvent \u00eatre jumel\u00e9s au besoin.<\/p>\n<p>6.Door: Ouvre \u00e0 un angle de 90 \u00b0 avec une fonction de tenue ouverte, rendant l'op\u00e9ration pratique et flexible.<\/p>\n<p>7.Technology: Employe la technologie avanc\u00e9e de verre chauff\u00e9 et de cadre pour assurer des performances stables.<\/p>\n<p>8.Customization: les dimensions et les logos peuvent \u00eatre personnalis\u00e9s selon les exigences du client.<\/p>\n<p>9.Sealing: Utilise des joints magn\u00e9tiques de porte pour un joint efficace, emp\u00eachant les fuites d'air froid.<\/p>\n<p><strong>Sc\u00e9narios d'application<\/strong><\/p>\n<p>Convient pour les vitrines, r\u00e9frig\u00e9rateurs verticaux, cong\u00e9lateurs verticaux, refroidisseurs floraux, armoires \u00e0 vin, etc.<\/p>","protected":false},"excerpt":{"rendered":"<p><strong>Caract\u00e9ristiques du produit<\/strong><\/p>\n<ol>\n<li>Verre: Caract\u00e9ristiques du verre tremp\u00e9 \u00e0 double couche (pour la r\u00e9frig\u00e9ration) ou \u00e0 triple couche (pour la cong\u00e9lation) avec remplissage au gaz argon pour une isolation thermique et une s\u00e9curit\u00e9 sup\u00e9rieures.<\/li>\n<li>Chauffage: \u00e9quip\u00e9 d'une fonction de chauffage en verre (pour la cong\u00e9lation) pour s'adapter aux diff\u00e9rentes exigences environnementales.<\/li>\n<li>Cadre: Le cadre de porte utilise un cadre \u00e0 haut rendement \u00e0 \u00e9conomie d'\u00e9nergie, ce qui permet d'\u00e9conomiser plus de 25% d'\u00e9nergie pour l'armoire.<\/li>\n<li>Anti-brouillard: Un film anti-brouillard optionnel est disponible pour am\u00e9liorer la porte&#8217; s fonction anti-condensation.<\/li>\n<li>Poign\u00e9es: plusieurs styles de poign\u00e9e peuvent \u00eatre jumel\u00e9s au besoin.<\/li>\n<li>Porte: Ouvre \u00e0 un angle de 90\u00b0 avec une fonction de tenue ouverte, ce qui rend le fonctionnement pratique et flexible.<\/li>\n<li>Technologie: Employe la technologie avanc\u00e9e de verre chauff\u00e9 et de cadre pour assurer des performances stables.<\/li>\n<li>Personnalisation: Les dimensions et les logos peuvent \u00eatre personnalis\u00e9s selon les exigences du client.<\/li>\n<li>\u00c9tanglement: Utilise des joints de porte magn\u00e9tiques pour un \u00e9tanch\u00e9it\u00e9 efficace, emp\u00eachant les fuites d'air froid.<\/li>\n<\/ol>","protected":false},"featured_media":1568,"comment_status":"closed","ping_status":"closed","template":"","meta":[],"product_brand":[],"product_cat":[21],"product_tag":[51],"class_list":{"0":"post-1563","1":"product","2":"type-product","3":"status-publish","4":"has-post-thumbnail","6":"product_cat-reach-in-cooler-freezer-glass-door","7":"product_tag-reach-in-cooler-freezer-glass-door","9":"first","10":"instock","11":"shipping-taxable","12":"product-type-simple"},"_links":{"self":[{"href":"https:\/\/www.riderclimax.com\/fr\/wp-json\/wp\/v2\/product\/1563","targetHints":{"allow":["GET"]}}],"collection":[{"href":"https:\/\/www.riderclimax.com\/fr\/wp-json\/wp\/v2\/product"}],"about":[{"href":"https:\/\/www.riderclimax.com\/fr\/wp-json\/wp\/v2\/types\/product"}],"replies":[{"embeddable":true,"href":"https:\/\/www.riderclimax.com\/fr\/wp-json\/wp\/v2\/comments?post=1563"}],"wp:featuredmedia":[{"embeddable":true,"href":"https:\/\/www.riderclimax.com\/fr\/wp-json\/wp\/v2\/media\/1568"}],"wp:attachment":[{"href":"https:\/\/www.riderclimax.com\/fr\/wp-json\/wp\/v2\/media?parent=1563"}],"wp:term":[{"taxonomy":"product_brand","embeddable":true,"href":"https:\/\/www.riderclimax.com\/fr\/wp-json\/wp\/v2\/product_brand?post=1563"},{"taxonomy":"product_cat","embeddable":true,"href":"https:\/\/www.riderclimax.com\/fr\/wp-json\/wp\/v2\/product_cat?post=1563"},{"taxonomy":"product_tag","embeddable":true,"href":"https:\/\/www.riderclimax.com\/fr\/wp-json\/wp\/v2\/product_tag?post=1563"}],"curies":[{"name":"WP","href":"https:\/\/api.w.org\/{rel}","templated":true}]}}