{"id":1558,"date":"2025-10-22T14:16:22","date_gmt":"2025-10-22T06:16:22","guid":{"rendered":"https:\/\/www.riderclimax.com\/?post_type=product&#038;p=1558"},"modified":"2026-01-27T14:42:24","modified_gmt":"2026-01-27T06:42:24","slug":"display-glass-door","status":"publish","type":"product","link":"https:\/\/www.riderclimax.com\/fr\/product\/display-glass-door\/","title":{"rendered":"Porte en verre d'affichage"},"content":{"rendered":"<p><strong>Caract\u00e9ristiques du produit<\/strong><\/p>\n<p>1.Excellent conception visuelle: Utilise du verre tremp\u00e9 \u00e0 double couche avec une conception in\u00e9gale en forme d'arc.<\/p>\n<p>Visibilit\u00e9 2.Enhanced: Coup\u00e9 \u00e0 une barre d'espacement acrylique pour maximiser la visibilit\u00e9 du produit, s'assurant que les \u00e9l\u00e9ments affich\u00e9s sont clairement pr\u00e9sent\u00e9s.<\/p>\n<p>Options de personnalisation 3.Rich:<\/p>\n<p>1) Dimensions et Logos : prend en charge des dimensions personnalis\u00e9es et des logos exclusifs pour r\u00e9pondre aux besoins personnalis\u00e9s pour divers sc\u00e9narios.<\/p>\n<p>(2) Poign\u00e9es: \u00e9quip\u00e9es de poign\u00e9es enti\u00e8rement transparentes pour satisfaire diff\u00e9rentes pr\u00e9f\u00e9rences esth\u00e9tiques.<\/p>\n<p><strong>Sc\u00e9narios d'application<\/strong><\/p>\n<p>Convient pour les refroidisseurs d'affichage.<\/p>","protected":false},"excerpt":{"rendered":"<p><strong>Caract\u00e9ristiques du produit<\/strong><\/p>\n<p>1.Excellent conception visuelle: Utilise du verre tremp\u00e9 \u00e0 double couche avec une conception in\u00e9gale en forme d'arc.<\/p>\n<p>Visibilit\u00e9 2.Enhanced: Coup\u00e9 \u00e0 une barre d'espacement acrylique pour maximiser la visibilit\u00e9 du produit, s'assurant que les \u00e9l\u00e9ments affich\u00e9s sont clairement pr\u00e9sent\u00e9s.<\/p>\n<p>Options de personnalisation 3.Rich:<\/p>\n<p>1) Dimensions et Logos : prend en charge des dimensions personnalis\u00e9es et des logos exclusifs pour r\u00e9pondre aux besoins personnalis\u00e9s pour divers sc\u00e9narios.<\/p>\n<p>(2) Poign\u00e9es: \u00e9quip\u00e9es de poign\u00e9es enti\u00e8rement transparentes pour satisfaire diff\u00e9rentes pr\u00e9f\u00e9rences esth\u00e9tiques.<\/p>","protected":false},"featured_media":1562,"comment_status":"closed","ping_status":"closed","template":"","meta":[],"product_brand":[],"product_cat":[44],"product_tag":[50],"class_list":{"0":"post-1558","1":"product","2":"type-product","3":"status-publish","4":"has-post-thumbnail","6":"product_cat-display-glass-door","7":"product_tag-display-glass-door","9":"first","10":"instock","11":"shipping-taxable","12":"product-type-simple"},"_links":{"self":[{"href":"https:\/\/www.riderclimax.com\/fr\/wp-json\/wp\/v2\/product\/1558","targetHints":{"allow":["GET"]}}],"collection":[{"href":"https:\/\/www.riderclimax.com\/fr\/wp-json\/wp\/v2\/product"}],"about":[{"href":"https:\/\/www.riderclimax.com\/fr\/wp-json\/wp\/v2\/types\/product"}],"replies":[{"embeddable":true,"href":"https:\/\/www.riderclimax.com\/fr\/wp-json\/wp\/v2\/comments?post=1558"}],"wp:featuredmedia":[{"embeddable":true,"href":"https:\/\/www.riderclimax.com\/fr\/wp-json\/wp\/v2\/media\/1562"}],"wp:attachment":[{"href":"https:\/\/www.riderclimax.com\/fr\/wp-json\/wp\/v2\/media?parent=1558"}],"wp:term":[{"taxonomy":"product_brand","embeddable":true,"href":"https:\/\/www.riderclimax.com\/fr\/wp-json\/wp\/v2\/product_brand?post=1558"},{"taxonomy":"product_cat","embeddable":true,"href":"https:\/\/www.riderclimax.com\/fr\/wp-json\/wp\/v2\/product_cat?post=1558"},{"taxonomy":"product_tag","embeddable":true,"href":"https:\/\/www.riderclimax.com\/fr\/wp-json\/wp\/v2\/product_tag?post=1558"}],"curies":[{"name":"WP","href":"https:\/\/api.w.org\/{rel}","templated":true}]}}