{"id":1536,"date":"2025-10-22T13:59:31","date_gmt":"2025-10-22T05:59:31","guid":{"rendered":"https:\/\/www.riderclimax.com\/?post_type=product&#038;p=1536"},"modified":"2026-01-27T14:30:45","modified_gmt":"2026-01-27T06:30:45","slug":"beverage-cabinet-glass-door","status":"publish","type":"product","link":"https:\/\/www.riderclimax.com\/fr\/product\/beverage-cabinet-glass-door\/","title":{"rendered":"Porte en verre d'armoire \u00e0 boissons"},"content":{"rendered":"<p><strong><b>Caract\u00e9ristiques du produit<\/b><\/strong><\/p>\n<p>Mat\u00e9riel 1.Glass: Offre un choix de 2 ou 3 couches de verre Low-E, avec du verre tremp\u00e9 Low-E utilis\u00e9 en interne pour am\u00e9liorer l'efficacit\u00e9 \u00e9nerg\u00e9tique et emp\u00eacher la condensation.<\/p>\n<p>2.Identit\u00e9 de marque: les logos de marque sont imprim\u00e9s au milieu du verre \u00e0 l'aide d'encre photosensible, mettant en \u00e9vidence une image de marque unique.<\/p>\n<p>Performance 3.Protective: Caract\u00e9ristiques anti-brouillard, anti-condensation et fonctions anti-gel pour s'assurer que les \u00e9l\u00e9ments \u00e0 l'int\u00e9rieur de l'armoire sont clairement visibles. Il offre \u00e9galement une protection efficace contre les collisions et les explosions pour la s\u00e9curit\u00e9 de l'utilisateur.<\/p>\n<p>Conception 4.Functional:<\/p>\n<p>(1) a une fonction de fermeture automatique pour une utilisation pratique.<\/p>\n<p>(2) Une fonction de maintien \u00e0 90\u00b0 est disponible pour faciliter le chargement du produit.<\/p>\n<p>Effets visuels 5.Visual: poss\u00e8de un taux de transmission de lumi\u00e8re visible \u00e9lev\u00e9, rendant les marchandises \u00e0 l'int\u00e9rieur de l'armoire claires en un coup d'\u0153il et attirant l'attention du client.<\/p>\n<p>6.Personalization<\/p>\n<p>\u00c9clairage: La couleur de bande de lumi\u00e8re prend en charge la personnalisation pour r\u00e9pondre aux besoins personnalis\u00e9s de diff\u00e9rents sc\u00e9narios.<\/p>","protected":false},"excerpt":{"rendered":"<p><strong><b>Caract\u00e9ristiques du produit<\/b><\/strong><\/p>\n<p>Mat\u00e9riel 1.Glass: Offre un choix de 2 ou 3 couches de verre Low-E, avec du verre tremp\u00e9 Low-E utilis\u00e9 en interne pour am\u00e9liorer l'efficacit\u00e9 \u00e9nerg\u00e9tique et emp\u00eacher la condensation.<\/p>\n<p>2.Identit\u00e9 de marque: les logos de marque sont imprim\u00e9s au milieu du verre \u00e0 l'aide d'encre photosensible, mettant en \u00e9vidence une image de marque unique.<\/p>\n<p>Performance 3.Protective: Caract\u00e9ristiques anti-brouillard, anti-condensation et fonctions anti-gel pour s'assurer que les \u00e9l\u00e9ments \u00e0 l'int\u00e9rieur de l'armoire sont clairement visibles. Il offre \u00e9galement une protection efficace contre les collisions et les explosions pour la s\u00e9curit\u00e9 de l'utilisateur.<\/p>\n<p>Conception 4.Functional:<\/p>\n<p>(1) a une fonction de fermeture automatique pour une utilisation pratique.<\/p>\n<p>(2) Une fonction de maintien \u00e0 90\u00b0 est disponible pour faciliter le chargement du produit.<\/p>\n<p>Effets visuels 5.Visual: poss\u00e8de un taux de transmission de lumi\u00e8re visible \u00e9lev\u00e9, rendant les marchandises \u00e0 l'int\u00e9rieur de l'armoire claires en un coup d'\u0153il et attirant l'attention du client.<\/p>\n<p>6.Personalization<\/p>\n<p>\u00c9clairage: La couleur de bande de lumi\u00e8re prend en charge la personnalisation pour r\u00e9pondre aux besoins personnalis\u00e9s de diff\u00e9rents sc\u00e9narios.<\/p>","protected":false},"featured_media":1544,"comment_status":"closed","ping_status":"closed","template":"","meta":[],"product_brand":[],"product_cat":[60],"product_tag":[54],"class_list":{"0":"post-1536","1":"product","2":"type-product","3":"status-publish","4":"has-post-thumbnail","6":"product_cat-beverage-cabinet-glass-door","7":"product_tag-vending-machine-glass-door","9":"first","10":"instock","11":"shipping-taxable","12":"product-type-simple"},"_links":{"self":[{"href":"https:\/\/www.riderclimax.com\/fr\/wp-json\/wp\/v2\/product\/1536","targetHints":{"allow":["GET"]}}],"collection":[{"href":"https:\/\/www.riderclimax.com\/fr\/wp-json\/wp\/v2\/product"}],"about":[{"href":"https:\/\/www.riderclimax.com\/fr\/wp-json\/wp\/v2\/types\/product"}],"replies":[{"embeddable":true,"href":"https:\/\/www.riderclimax.com\/fr\/wp-json\/wp\/v2\/comments?post=1536"}],"wp:featuredmedia":[{"embeddable":true,"href":"https:\/\/www.riderclimax.com\/fr\/wp-json\/wp\/v2\/media\/1544"}],"wp:attachment":[{"href":"https:\/\/www.riderclimax.com\/fr\/wp-json\/wp\/v2\/media?parent=1536"}],"wp:term":[{"taxonomy":"product_brand","embeddable":true,"href":"https:\/\/www.riderclimax.com\/fr\/wp-json\/wp\/v2\/product_brand?post=1536"},{"taxonomy":"product_cat","embeddable":true,"href":"https:\/\/www.riderclimax.com\/fr\/wp-json\/wp\/v2\/product_cat?post=1536"},{"taxonomy":"product_tag","embeddable":true,"href":"https:\/\/www.riderclimax.com\/fr\/wp-json\/wp\/v2\/product_tag?post=1536"}],"curies":[{"name":"WP","href":"https:\/\/api.w.org\/{rel}","templated":true}]}}