{"id":1523,"date":"2025-10-22T13:44:43","date_gmt":"2025-10-22T05:44:43","guid":{"rendered":"https:\/\/www.riderclimax.com\/product\/transparent-acrylic-cooler-glass-door-2\/"},"modified":"2026-01-27T14:26:28","modified_gmt":"2026-01-27T06:26:28","slug":"transparent-acrylic-cooler-glass-door","status":"publish","type":"product","link":"https:\/\/www.riderclimax.com\/fr\/product\/transparent-acrylic-cooler-glass-door\/","title":{"rendered":"Porte en verre refroidisseur acrylique transparente"},"content":{"rendered":"<p><strong>Caract\u00e9ristiques du produit<\/strong><\/p>\n<p>1.Excellent conception visuelle: Utilise du verre tremp\u00e9 \u00e0 double couche avec remplissage de gaz d'argon et une barre d'espacement acrylique pour maximiser la visibilit\u00e9 du produit, s'assurant que les \u00e9l\u00e9ments affich\u00e9s sont clairement pr\u00e9sent\u00e9s.<\/p>\n<p>Options de personnalisation 2.Rich<\/p>\n<p>(1) Serigraphie: Fournit une serigraphie de couleur personnalis\u00e9e pour cr\u00e9er une apparence unique bas\u00e9e sur la pr\u00e9f\u00e9rence personnelle ou l'image de marque.<\/p>\n<p>2) Dimensions et Logos : prend en charge des dimensions personnalis\u00e9es et des logos exclusifs pour r\u00e9pondre aux besoins personnalis\u00e9s pour divers sc\u00e9narios.<\/p>\n<p>3.Choix d'accessoires divers<\/p>\n<p>(1) Poign\u00e9es: \u00e9quip\u00e9es de poign\u00e9es enti\u00e8rement transparentes et en acier inoxydable pour satisfaire diff\u00e9rentes pr\u00e9f\u00e9rences esth\u00e9tiques.<\/p>\n<p>(2) Charni\u00e8res: La charni\u00e8re inf\u00e9rieure est livr\u00e9e en standard avec deux structures, retour de gravit\u00e9 et presse de ressort, et peut \u00e9galement \u00eatre personnalis\u00e9e selon des besoins sp\u00e9cifiques.<\/p>\n<p>Fonction de chauffage 4.Practical: La porte en verre peut \u00eatre \u00e9quip\u00e9e d'une fonction de chauffage \u00e9lectrique, qui peut \u00eatre utilis\u00e9e en connectant un condensateur \/ transformateur externe, s'adaptant \u00e0 diff\u00e9rentes conditions du site.<\/p>\n<p>Durabilit\u00e9 5.Outstanding: Sous test rigoureux avec plus de 100 000 cycles d'ouverture et de fermeture de portes, assurant une utilisation stable \u00e0 long terme.<\/p>\n<p>&nbsp;<\/p>\n<p><strong>Sc\u00e9narios d'application<\/strong><\/p>\n<p>Convient pour les refroidisseurs en vrac et les cong\u00e9lateurs, fournissant une solution fiable pour l'affichage et la conservation des produits.<\/p>","protected":false},"excerpt":{"rendered":"<p><strong>Caract\u00e9ristiques du produit<\/strong><\/p>\n<p>1.Excellent conception visuelle: Utilise du verre tremp\u00e9 \u00e0 double couche avec remplissage de gaz d'argon et une barre d'espacement acrylique pour maximiser la visibilit\u00e9 du produit, s'assurant que les \u00e9l\u00e9ments affich\u00e9s sont clairement pr\u00e9sent\u00e9s.<\/p>\n<p>Options de personnalisation 2.Rich<\/p>\n<p>(1) Serigraphie: Fournit une serigraphie de couleur personnalis\u00e9e pour cr\u00e9er une apparence unique bas\u00e9e sur la pr\u00e9f\u00e9rence personnelle ou l'image de marque.<\/p>\n<p>2) Dimensions et Logos : prend en charge des dimensions personnalis\u00e9es et des logos exclusifs pour r\u00e9pondre aux besoins personnalis\u00e9s pour divers sc\u00e9narios.<\/p>\n<p>3.Choix d'accessoires divers<\/p>\n<p>(1) Poign\u00e9es: \u00e9quip\u00e9es de poign\u00e9es enti\u00e8rement transparentes et en acier inoxydable pour satisfaire diff\u00e9rentes pr\u00e9f\u00e9rences esth\u00e9tiques.<\/p>\n<p>(2) Charni\u00e8res: La charni\u00e8re inf\u00e9rieure est livr\u00e9e en standard avec deux structures, retour de gravit\u00e9 et presse de ressort, et peut \u00e9galement \u00eatre personnalis\u00e9e selon des besoins sp\u00e9cifiques.<\/p>\n<p>Fonction de chauffage 4.Practical: La porte en verre peut \u00eatre \u00e9quip\u00e9e d'une fonction de chauffage \u00e9lectrique, qui peut \u00eatre utilis\u00e9e en connectant un condensateur \/ transformateur externe, s'adaptant \u00e0 diff\u00e9rentes conditions du site.<\/p>\n<p>Durabilit\u00e9 5.Outstanding: Sous test rigoureux avec plus de 100 000 cycles d'ouverture et de fermeture de portes, assurant une utilisation stable \u00e0 long terme.<\/p>","protected":false},"featured_media":1542,"comment_status":"closed","ping_status":"closed","template":"","meta":[],"product_brand":[],"product_cat":[22],"product_tag":[52],"class_list":{"0":"post-1523","1":"product","2":"type-product","3":"status-publish","4":"has-post-thumbnail","6":"product_cat-transparent-acrylic-cooler-glass-door","7":"product_tag-transparent-acrylic-cooler-glass-door","9":"first","10":"instock","11":"shipping-taxable","12":"product-type-simple"},"_links":{"self":[{"href":"https:\/\/www.riderclimax.com\/fr\/wp-json\/wp\/v2\/product\/1523","targetHints":{"allow":["GET"]}}],"collection":[{"href":"https:\/\/www.riderclimax.com\/fr\/wp-json\/wp\/v2\/product"}],"about":[{"href":"https:\/\/www.riderclimax.com\/fr\/wp-json\/wp\/v2\/types\/product"}],"replies":[{"embeddable":true,"href":"https:\/\/www.riderclimax.com\/fr\/wp-json\/wp\/v2\/comments?post=1523"}],"wp:featuredmedia":[{"embeddable":true,"href":"https:\/\/www.riderclimax.com\/fr\/wp-json\/wp\/v2\/media\/1542"}],"wp:attachment":[{"href":"https:\/\/www.riderclimax.com\/fr\/wp-json\/wp\/v2\/media?parent=1523"}],"wp:term":[{"taxonomy":"product_brand","embeddable":true,"href":"https:\/\/www.riderclimax.com\/fr\/wp-json\/wp\/v2\/product_brand?post=1523"},{"taxonomy":"product_cat","embeddable":true,"href":"https:\/\/www.riderclimax.com\/fr\/wp-json\/wp\/v2\/product_cat?post=1523"},{"taxonomy":"product_tag","embeddable":true,"href":"https:\/\/www.riderclimax.com\/fr\/wp-json\/wp\/v2\/product_tag?post=1523"}],"curies":[{"name":"WP","href":"https:\/\/api.w.org\/{rel}","templated":true}]}}