{"id":1517,"date":"2025-10-22T12:30:02","date_gmt":"2025-10-22T04:30:02","guid":{"rendered":"https:\/\/www.riderclimax.com\/?post_type=product&#038;p=1517"},"modified":"2026-01-27T14:42:18","modified_gmt":"2026-01-27T06:42:18","slug":"chest-freezer-glass-door","status":"publish","type":"product","link":"https:\/\/www.riderclimax.com\/fr\/product\/chest-freezer-glass-door\/","title":{"rendered":"Porte en verre cong\u00e9lateur poitrine"},"content":{"rendered":"<p><strong>Caract\u00e9ristiques du produit<\/strong><\/p>\n<p>Verre \u00e0 \u00e9conomie d'\u00e9nergie 1.High-Efficiency: Utilise le verre tremp\u00e9 Low-E de 4mm avec d'excellentes propri\u00e9t\u00e9s d'isolation thermique, r\u00e9duisant efficacement la perte d'\u00e9nergie. Cela r\u00e9duit les co\u00fbts d'exploitation tout en soutenant activement la durabilit\u00e9 environnementale.<\/p>\n<p>Mat\u00e9riel \u00e9cologique 2.Food-Grade: L'ouverture de l'armoire utilise du mat\u00e9riau PVC de qualit\u00e9 alimentaire, qui est non toxique et inodore, r\u00e9pondant \u00e0 des normes d'hygi\u00e8ne strictes pour assurer la s\u00e9curit\u00e9 et la qualit\u00e9 des aliments stock\u00e9s.<\/p>\n<p>Conception coulissante 3.Flexible: Offre \u00e0 la fois des options coulissantes verticales (haut \/ bas) et horizontales (gauche \/ droite), permettant un fonctionnement facile et pratique en fonction du cas d'utilisation r\u00e9el et de la pr\u00e9f\u00e9rence personnelle.<\/p>\n<p>Structure 4.Precise &amp; Installation rapide: Les dimensions globales sont pr\u00e9cis\u00e9ment pr\u00e9cises et la conception structurelle est excellente. Le processus d'installation est simple et rapide, \u00e9conomisant efficacement du temps et des co\u00fbts de main-d'\u0153uvre.<\/p>\n<p>Adaptabilit\u00e9 \u00e0 la temp\u00e9rature 5.Wide: Peut \u00eatre utilis\u00e9 de mani\u00e8re stable dans une plage de temp\u00e9rature de -25 \u00b0 C \u00e0 10 \u00b0 C, r\u00e9pondant aux besoins de r\u00e9frig\u00e9ration et de conservation de divers produits alimentaires.<\/p>\n<p><strong><b>Options de personnalisation<\/b><\/strong><\/p>\n<p>Personnalisation de la couleur 1.Frame: Pour les commandes en vrac, nous offrons des services de couleur de cadre personnalis\u00e9s pour correspondre \u00e0 votre image de marque ou \u00e0 votre d\u00e9cor de magasin.<\/p>\n<p>S\u00e9lection du type de verre 2.Glass: Vous pouvez choisir entre verre tremp\u00e9 courb\u00e9 ou verre tremp\u00e9 plat selon vos besoins sp\u00e9cifiques, en s'adaptant \u00e0 diff\u00e9rents designs d'armoire et effets visuels.<\/p>\n<p>3.Appearance &amp; Personnalisation du mat\u00e9riau: Notre \u00e9quipe professionnelle peut cr\u00e9er de nouveaux designs ext\u00e9rieurs et combinaisons de mat\u00e9riaux en fonction de vos besoins uniques, cr\u00e9ant pour vous une couverture en verre unique du cong\u00e9lateur de l'\u00eele.<\/p>\n<p>4.Optionnel: Pour une s\u00e9curit\u00e9 accrue, les serrures et les cl\u00e9s facultatives sont disponibles pour fournir une meilleure protection pour vos articles.<\/p>\n<p><strong><b>Couleurs &amp; Dimensions<\/b><\/strong><\/p>\n<p>1. s\u00e9lection de couleur riche: une large gamme de couleurs est disponible pour vous de choisir, y compris gris, rouge, bleu, vert, et plus encore, pour r\u00e9pondre \u00e0 divers besoins esth\u00e9tiques.<\/p>\n<p>Personnalisation de taille 2.Exclusive: les dimensions peuvent \u00eatre exclusivement personnalis\u00e9es pour diff\u00e9rents types d'armoires, assurant un ajustement parfait pour votre cong\u00e9lateur d'\u00eele.<\/p>","protected":false},"excerpt":{"rendered":"<p>Verre \u00e0 \u00e9conomie d'\u00e9nergie 1.High-Efficiency: Utilise le verre tremp\u00e9 Low-E de 4mm avec d'excellentes propri\u00e9t\u00e9s d'isolation thermique, r\u00e9duisant efficacement la perte d'\u00e9nergie. Cela r\u00e9duit les co\u00fbts d'exploitation tout en soutenant activement la durabilit\u00e9 environnementale.<\/p>\n<p>Mat\u00e9riel \u00e9cologique 2.Food-Grade: L'ouverture de l'armoire utilise du mat\u00e9riau PVC de qualit\u00e9 alimentaire, qui est non toxique et inodore, r\u00e9pondant \u00e0 des normes d'hygi\u00e8ne strictes pour assurer la s\u00e9curit\u00e9 et la qualit\u00e9 des aliments stock\u00e9s.<\/p>\n<p>Conception coulissante 3.Flexible: Offre \u00e0 la fois des options coulissantes verticales (haut \/ bas) et horizontales (gauche \/ droite), permettant un fonctionnement facile et pratique en fonction du cas d'utilisation r\u00e9el et de la pr\u00e9f\u00e9rence personnelle.<\/p>\n<p>Structure 4.Precise &amp; Installation rapide: Les dimensions globales sont pr\u00e9cis\u00e9ment pr\u00e9cises et la conception structurelle est excellente. Le processus d'installation est simple et rapide, \u00e9conomisant efficacement du temps et des co\u00fbts de main-d'\u0153uvre.<\/p>\n<p>Adaptabilit\u00e9 \u00e0 la temp\u00e9rature 5.Wide: Peut \u00eatre utilis\u00e9 de mani\u00e8re stable dans une plage de temp\u00e9rature de -25 \u00b0 C \u00e0 10 \u00b0 C, r\u00e9pondant aux besoins de r\u00e9frig\u00e9ration et de conservation de divers produits alimentaires.<\/p>","protected":false},"featured_media":1549,"comment_status":"closed","ping_status":"closed","template":"","meta":[],"product_brand":[],"product_cat":[15],"product_tag":[49],"class_list":{"0":"post-1517","1":"product","2":"type-product","3":"status-publish","4":"has-post-thumbnail","6":"product_cat-chest-freezer-glass-door","7":"product_tag-chest-freezer-glass-door","9":"first","10":"instock","11":"shipping-taxable","12":"product-type-simple"},"_links":{"self":[{"href":"https:\/\/www.riderclimax.com\/fr\/wp-json\/wp\/v2\/product\/1517","targetHints":{"allow":["GET"]}}],"collection":[{"href":"https:\/\/www.riderclimax.com\/fr\/wp-json\/wp\/v2\/product"}],"about":[{"href":"https:\/\/www.riderclimax.com\/fr\/wp-json\/wp\/v2\/types\/product"}],"replies":[{"embeddable":true,"href":"https:\/\/www.riderclimax.com\/fr\/wp-json\/wp\/v2\/comments?post=1517"}],"wp:featuredmedia":[{"embeddable":true,"href":"https:\/\/www.riderclimax.com\/fr\/wp-json\/wp\/v2\/media\/1549"}],"wp:attachment":[{"href":"https:\/\/www.riderclimax.com\/fr\/wp-json\/wp\/v2\/media?parent=1517"}],"wp:term":[{"taxonomy":"product_brand","embeddable":true,"href":"https:\/\/www.riderclimax.com\/fr\/wp-json\/wp\/v2\/product_brand?post=1517"},{"taxonomy":"product_cat","embeddable":true,"href":"https:\/\/www.riderclimax.com\/fr\/wp-json\/wp\/v2\/product_cat?post=1517"},{"taxonomy":"product_tag","embeddable":true,"href":"https:\/\/www.riderclimax.com\/fr\/wp-json\/wp\/v2\/product_tag?post=1517"}],"curies":[{"name":"WP","href":"https:\/\/api.w.org\/{rel}","templated":true}]}}