{"id":2006,"date":"2025-11-03T14:09:27","date_gmt":"2025-11-03T06:09:27","guid":{"rendered":"https:\/\/www.riderclimax.com\/?post_type=product&#038;p=2006"},"modified":"2025-11-20T17:55:59","modified_gmt":"2025-11-20T09:55:59","slug":"shelves","status":"publish","type":"product","link":"https:\/\/www.riderclimax.com\/es\/product\/shelves\/","title":{"rendered":"Estantes"},"content":{"rendered":"<p><strong>Capacidad de carga excepcional<\/strong><br \/>\nDise\u00f1ado para soportar de manera fiable mercanc\u00eda pesada. garantizando un almacenamiento estable y seguro incluso bajo carga completa.<br \/>\n<strong>Amplio dise\u00f1o<\/strong><br \/>\nEl generoso espacio del pasillo y las claras l\u00edneas de visi\u00f3n verticales mejoran la experiencia de compra y mejoran la movilidad del cliente.<br \/>\n<strong>Materiales duraderos<\/strong><br \/>\nConstruido con acero de alta resistencia y materiales de primera calidad, ofreciendo resistencia al impacto e integridad estructural a largo plazo.<br \/>\n<strong>Construcci\u00f3n robusta<\/strong><br \/>\nCuenta con un dise\u00f1o estructural optimizado que resisten efectivamente a la oscilaci\u00f3n y la deformaci\u00f3n, proporcionando fiabilidad diaria.<br \/>\n<strong>Visibilidad clara<\/strong><br \/>\nDise\u00f1ado con espaciamiento de niveles sin obst\u00e1culos y un \u00e1rea de visualizaci\u00f3n abierta, lo que hace que los productos sean f\u00e1ciles de navegar y seleccionar.<br \/>\n<strong>Rendimiento duradero<\/strong><br \/>\nLos acabados resistentes a la corrosi\u00f3n y la soldadura reforzada aseguran un rendimiento fiable a trav\u00e9s de a\u00f1os de uso intensivo.<\/p>","protected":false},"excerpt":{"rendered":"<p><strong>Capacidad de carga excepcional<\/strong><br \/>\nDise\u00f1ado para soportar de manera fiable mercanc\u00eda pesada. garantizando un almacenamiento estable y seguro incluso bajo carga completa.<br \/>\n<strong>Amplio dise\u00f1o<\/strong><br \/>\nEl generoso espacio del pasillo y las claras l\u00edneas de visi\u00f3n verticales mejoran la experiencia de compra y mejoran la movilidad del cliente.<br \/>\n<strong>Materiales duraderos<\/strong><br \/>\nConstruido con acero de alta resistencia y materiales de primera calidad, ofreciendo resistencia al impacto e integridad estructural a largo plazo.<br \/>\n<strong>Construcci\u00f3n robusta<\/strong><br \/>\nCuenta con un dise\u00f1o estructural optimizado que resisten efectivamente a la oscilaci\u00f3n y la deformaci\u00f3n, proporcionando fiabilidad diaria.<br \/>\n<strong>Visibilidad clara<\/strong><br \/>\nDise\u00f1ado con espaciamiento de niveles sin obst\u00e1culos y un \u00e1rea de visualizaci\u00f3n abierta, lo que hace que los productos sean f\u00e1ciles de navegar y seleccionar.<br \/>\n<strong>Rendimiento duradero<\/strong><br \/>\nLos acabados resistentes a la corrosi\u00f3n y la soldadura reforzada aseguran un rendimiento fiable a trav\u00e9s de a\u00f1os de uso intensivo.<\/p>","protected":false},"featured_media":2361,"comment_status":"closed","ping_status":"closed","template":"","meta":[],"product_brand":[],"product_cat":[55],"product_tag":[56],"class_list":{"0":"post-2006","1":"product","2":"type-product","3":"status-publish","4":"has-post-thumbnail","6":"product_cat-other","7":"product_tag-accessories","9":"first","10":"instock","11":"shipping-taxable","12":"product-type-simple"},"_links":{"self":[{"href":"https:\/\/www.riderclimax.com\/es\/wp-json\/wp\/v2\/product\/2006","targetHints":{"allow":["GET"]}}],"collection":[{"href":"https:\/\/www.riderclimax.com\/es\/wp-json\/wp\/v2\/product"}],"about":[{"href":"https:\/\/www.riderclimax.com\/es\/wp-json\/wp\/v2\/types\/product"}],"replies":[{"embeddable":true,"href":"https:\/\/www.riderclimax.com\/es\/wp-json\/wp\/v2\/comments?post=2006"}],"wp:featuredmedia":[{"embeddable":true,"href":"https:\/\/www.riderclimax.com\/es\/wp-json\/wp\/v2\/media\/2361"}],"wp:attachment":[{"href":"https:\/\/www.riderclimax.com\/es\/wp-json\/wp\/v2\/media?parent=2006"}],"wp:term":[{"taxonomy":"product_brand","embeddable":true,"href":"https:\/\/www.riderclimax.com\/es\/wp-json\/wp\/v2\/product_brand?post=2006"},{"taxonomy":"product_cat","embeddable":true,"href":"https:\/\/www.riderclimax.com\/es\/wp-json\/wp\/v2\/product_cat?post=2006"},{"taxonomy":"product_tag","embeddable":true,"href":"https:\/\/www.riderclimax.com\/es\/wp-json\/wp\/v2\/product_tag?post=2006"}],"curies":[{"name":"WP","href":"https:\/\/api.w.org\/{rel}","templated":true}]}}