{"id":1581,"date":"2025-10-22T14:35:28","date_gmt":"2025-10-22T06:35:28","guid":{"rendered":"https:\/\/www.riderclimax.com\/?post_type=product&#038;p=1581"},"modified":"2026-01-27T14:06:15","modified_gmt":"2026-01-27T06:06:15","slug":"reach-in-walk-in-coolerfreezer-glass-door","status":"publish","type":"product","link":"https:\/\/www.riderclimax.com\/es\/product\/reach-in-walk-in-coolerfreezer-glass-door\/","title":{"rendered":"Reach-in \/ Walk-in Cooler&#038; Puerta de vidrio del congelador"},"content":{"rendered":"<p><strong>Caracter\u00edsticas del producto<\/strong><\/p>\n<ol>\n<li>Vidrio: Utiliza vidrio templado doble o triple lleno de gas arg\u00f3n para un aislamiento t\u00e9rmico superior y una mayor seguridad.<\/li>\n<li>Calefacci\u00f3n: Caracter\u00edsticas de calefacci\u00f3n de marco o funciones de calefacci\u00f3n de vidrio para satisfacer diversas necesidades ambientales.<\/li>\n<li>Marcos: Ofrece una variedad de perfiles de marco para que los clientes elijan, adaptando diversas preferencias est\u00e9ticas.<\/li>\n<li>Manijas: M\u00faltiples estilos de manija est\u00e1n disponibles para emparejamiento personalizado.<\/li>\n<li>Puerta: se abre a un \u00e1ngulo de 90\u00b0 con una caracter\u00edstica de apertura conveniente y flexible.<\/li>\n<li>Tecnolog\u00eda: Emplea tecnolog\u00eda avanzada de vidrio calentado y marco para garantizar un rendimiento estable.<\/li>\n<li>Iluminaci\u00f3n: Equipada con iluminaci\u00f3n LED eficiente en energ\u00eda, que es a la vez ecol\u00f3gica y pr\u00e1ctica.<\/li>\n<li>Personalizaci\u00f3n: Soporta colores personalizados, tama\u00f1os y marca de logotipo seg\u00fan los requisitos del cliente.<\/li>\n<li>Sellado: Utiliza juntas de puerta magn\u00e9ticas para un sello eficaz, evitando fugas de aire fr\u00edo.<\/li>\n<\/ol>\n<p><strong>Aplicaciones<\/strong><\/p>\n<p>Adecuado para refrigeradores de entrada, congeladores de entrada, armarios de pantalla retr\u00e1ctiles, refrigeradores verticales, congeladores verticales, refrigeradores florales, armarios de vino y m\u00e1s.<\/p>","protected":false},"excerpt":{"rendered":"<p><strong>Caracter\u00edsticas del producto<\/strong><\/p>\n<ol>\n<li>Vidrio: Utiliza vidrio templado doble o triple lleno de gas arg\u00f3n para un aislamiento t\u00e9rmico superior y una mayor seguridad.<\/li>\n<li>Calefacci\u00f3n: Caracter\u00edsticas de calefacci\u00f3n de marco o funciones de calefacci\u00f3n de vidrio para satisfacer diversas necesidades ambientales.<\/li>\n<li>Marcos: Ofrece una variedad de perfiles de marco para que los clientes elijan, adaptando diversas preferencias est\u00e9ticas.<\/li>\n<li>Manijas: M\u00faltiples estilos de manija est\u00e1n disponibles para emparejamiento personalizado.<\/li>\n<li>Puerta: se abre a un \u00e1ngulo de 90\u00b0 con una caracter\u00edstica de apertura conveniente y flexible.<\/li>\n<li>Tecnolog\u00eda: Emplea tecnolog\u00eda avanzada de vidrio calentado y marco para garantizar un rendimiento estable.<\/li>\n<li>Iluminaci\u00f3n: Equipada con iluminaci\u00f3n LED eficiente en energ\u00eda, que es a la vez ecol\u00f3gica y pr\u00e1ctica.<\/li>\n<li>Personalizaci\u00f3n: Soporta colores personalizados, tama\u00f1os y marca de logotipo seg\u00fan los requisitos del cliente.<\/li>\n<li>Sellado: Utiliza juntas de puerta magn\u00e9ticas para un sello eficaz, evitando fugas de aire fr\u00edo.<\/li>\n<\/ol>","protected":false},"featured_media":1584,"comment_status":"closed","ping_status":"closed","template":"","meta":[],"product_brand":[],"product_cat":[20],"product_tag":[53],"class_list":{"0":"post-1581","1":"product","2":"type-product","3":"status-publish","4":"has-post-thumbnail","6":"product_cat-walk-in-cold-room-glass-door","7":"product_tag-walk-in-cold-room-glass-door","9":"first","10":"instock","11":"shipping-taxable","12":"product-type-simple"},"_links":{"self":[{"href":"https:\/\/www.riderclimax.com\/es\/wp-json\/wp\/v2\/product\/1581","targetHints":{"allow":["GET"]}}],"collection":[{"href":"https:\/\/www.riderclimax.com\/es\/wp-json\/wp\/v2\/product"}],"about":[{"href":"https:\/\/www.riderclimax.com\/es\/wp-json\/wp\/v2\/types\/product"}],"replies":[{"embeddable":true,"href":"https:\/\/www.riderclimax.com\/es\/wp-json\/wp\/v2\/comments?post=1581"}],"wp:featuredmedia":[{"embeddable":true,"href":"https:\/\/www.riderclimax.com\/es\/wp-json\/wp\/v2\/media\/1584"}],"wp:attachment":[{"href":"https:\/\/www.riderclimax.com\/es\/wp-json\/wp\/v2\/media?parent=1581"}],"wp:term":[{"taxonomy":"product_brand","embeddable":true,"href":"https:\/\/www.riderclimax.com\/es\/wp-json\/wp\/v2\/product_brand?post=1581"},{"taxonomy":"product_cat","embeddable":true,"href":"https:\/\/www.riderclimax.com\/es\/wp-json\/wp\/v2\/product_cat?post=1581"},{"taxonomy":"product_tag","embeddable":true,"href":"https:\/\/www.riderclimax.com\/es\/wp-json\/wp\/v2\/product_tag?post=1581"}],"curies":[{"name":"WP","href":"https:\/\/api.w.org\/{rel}","templated":true}]}}