{"id":1575,"date":"2025-10-22T14:31:41","date_gmt":"2025-10-22T06:31:41","guid":{"rendered":"https:\/\/www.riderclimax.com\/?post_type=product&#038;p=1575"},"modified":"2026-01-27T14:28:52","modified_gmt":"2026-01-27T06:28:52","slug":"led-vending-machine-glass-doorled","status":"publish","type":"product","link":"https:\/\/www.riderclimax.com\/es\/product\/led-vending-machine-glass-doorled\/","title":{"rendered":"M\u00e1quina expendedora led de vidrio DoorLed"},"content":{"rendered":"<p><strong>Caracter\u00edsticas est\u00e1ndar<\/strong><\/p>\n<p>1.Customization: Soporta logotipos personalizados.<\/p>\n<p>Display 2.Advertising: Utiliza vidrio templado hueco de doble capa con una pantalla led incorporada para el contenido publicitario.<\/p>\n<p>3.Frame: Equipado con un marco de puerta de aleaci\u00f3n de aluminio.<\/p>\n<p><strong>Configuraciones opcionales<\/strong><\/p>\n<p>1.Heating: Una opci\u00f3n de funci\u00f3n de calefacci\u00f3n est\u00e1 disponible.<\/p>\n<p>2.Customization: Soporta dimensiones personalizadas.<\/p>","protected":false},"excerpt":{"rendered":"<p><strong>Caracter\u00edsticas est\u00e1ndar<\/strong><\/p>\n<p>1.Customization: Soporta logotipos personalizados.<\/p>\n<p>Display 2.Advertising: Utiliza vidrio templado hueco de doble capa con una pantalla led incorporada para el contenido publicitario.<\/p>\n<p>3.Frame: Equipado con un marco de puerta de aleaci\u00f3n de aluminio.<\/p>\n<p>&nbsp;<\/p>\n<p><strong>Configuraciones opcionales<\/strong><\/p>\n<p>1.Heating: Una opci\u00f3n de funci\u00f3n de calefacci\u00f3n est\u00e1 disponible.<\/p>\n<p>2.Customization: Soporta dimensiones personalizadas.<\/p>\n<p>&nbsp;<\/p>\n<p><strong>Aplicaciones<\/strong><\/p>\n<p>Tiendas insignia de la marca, centros comerciales, tiendas de conveniencia, supermercados y joyer\u00eda, reloj y minoristas de bienes de lujo.<\/p>","protected":false},"featured_media":1578,"comment_status":"closed","ping_status":"closed","template":"","meta":[],"product_brand":[],"product_cat":[23],"product_tag":[54],"class_list":{"0":"post-1575","1":"product","2":"type-product","3":"status-publish","4":"has-post-thumbnail","6":"product_cat-vending-machine-glass-door","7":"product_tag-vending-machine-glass-door","9":"first","10":"instock","11":"shipping-taxable","12":"product-type-simple"},"_links":{"self":[{"href":"https:\/\/www.riderclimax.com\/es\/wp-json\/wp\/v2\/product\/1575","targetHints":{"allow":["GET"]}}],"collection":[{"href":"https:\/\/www.riderclimax.com\/es\/wp-json\/wp\/v2\/product"}],"about":[{"href":"https:\/\/www.riderclimax.com\/es\/wp-json\/wp\/v2\/types\/product"}],"replies":[{"embeddable":true,"href":"https:\/\/www.riderclimax.com\/es\/wp-json\/wp\/v2\/comments?post=1575"}],"wp:featuredmedia":[{"embeddable":true,"href":"https:\/\/www.riderclimax.com\/es\/wp-json\/wp\/v2\/media\/1578"}],"wp:attachment":[{"href":"https:\/\/www.riderclimax.com\/es\/wp-json\/wp\/v2\/media?parent=1575"}],"wp:term":[{"taxonomy":"product_brand","embeddable":true,"href":"https:\/\/www.riderclimax.com\/es\/wp-json\/wp\/v2\/product_brand?post=1575"},{"taxonomy":"product_cat","embeddable":true,"href":"https:\/\/www.riderclimax.com\/es\/wp-json\/wp\/v2\/product_cat?post=1575"},{"taxonomy":"product_tag","embeddable":true,"href":"https:\/\/www.riderclimax.com\/es\/wp-json\/wp\/v2\/product_tag?post=1575"}],"curies":[{"name":"WP","href":"https:\/\/api.w.org\/{rel}","templated":true}]}}