{"id":1570,"date":"2025-10-22T14:26:28","date_gmt":"2025-10-22T06:26:28","guid":{"rendered":"https:\/\/www.riderclimax.com\/?post_type=product&#038;p=1570"},"modified":"2026-01-27T14:11:11","modified_gmt":"2026-01-27T06:11:11","slug":"reach-in-classic-glass-door","status":"publish","type":"product","link":"https:\/\/www.riderclimax.com\/es\/product\/reach-in-classic-glass-door\/","title":{"rendered":"alcance en puerta de vidrio cl\u00e1sica"},"content":{"rendered":"<p><strong>Caracter\u00edsticas del producto<\/strong><\/p>\n<ol>\n<li>Vidrio: Utiliza vidrio templado doble o triple con llenado de gas arg\u00f3n para un aislamiento t\u00e9rmico superior y una mayor seguridad.<\/li>\n<li>Calefacci\u00f3n: Dispone de calefacci\u00f3n de vidrio (para congelaci\u00f3n) para cumplir con varios requisitos ambientales.<\/li>\n<li>Marcos: Ofrece una variedad de perfiles de marco para la selecci\u00f3n, adaptando diversas preferencias est\u00e9ticas.<\/li>\n<li>Eficiencia energ\u00e9tica: El marco utiliza un marco de puerta de alta eficiencia que ahorra energ\u00eda, ahorrando m\u00e1s del 25% de energ\u00eda para el gabinete.<\/li>\n<li>Anti-niebla: una pel\u00edcula anti-niebla opcional est\u00e1 disponible para mejorar la puerta&#8217; s funci\u00f3n anti-condensaci\u00f3n.<\/li>\n<li>Manijas: M\u00faltiples estilos de manija est\u00e1n disponibles para emparejamiento personalizado seg\u00fan sea necesario.<\/li>\n<li>Puerta: se abre a un \u00e1ngulo de 90 \u00b0 con una caracter\u00edstica de retenci\u00f3n abierta, lo que hace que el funcionamiento sea conveniente y flexible.<\/li>\n<li>Tecnolog\u00eda: Emplea tecnolog\u00eda avanzada de vidrio calentado y marco para garantizar un rendimiento estable.<\/li>\n<li>Iluminaci\u00f3n: Equipada con iluminaci\u00f3n LED eficiente en energ\u00eda, que es a la vez ecol\u00f3gica y pr\u00e1ctica.<\/li>\n<li>Personalizaci\u00f3n: admite colores personalizados, y se puede personalizar en tama\u00f1o y con logotipos basados en los requisitos del cliente.<\/li>\n<li>Sellado: Utiliza juntas de puerta magn\u00e9ticas para un sello eficaz, evitando fugas de aire fr\u00edo.<\/li>\n<\/ol>\n<p><strong>Escenarios de aplicaci\u00f3n<\/strong><\/p>\n<p>Adecuado para armarios de exhibici\u00f3n, refrigeradores verticales, congeladores verticales, refrigeradores florales, armarios de vino, etc.<\/p>","protected":false},"excerpt":{"rendered":"<p><strong>Caracter\u00edsticas del producto<\/strong><\/p>\n<ol>\n<li>Vidrio: Utiliza vidrio templado doble o triple con llenado de gas arg\u00f3n para un aislamiento t\u00e9rmico superior y una mayor seguridad.<\/li>\n<li>Calefacci\u00f3n: Dispone de calefacci\u00f3n de vidrio (para congelaci\u00f3n) para cumplir con varios requisitos ambientales.<\/li>\n<li>Marcos: Ofrece una variedad de perfiles de marco para la selecci\u00f3n, adaptando diversas preferencias est\u00e9ticas.<\/li>\n<li>Eficiencia energ\u00e9tica: El marco utiliza un marco de puerta de alta eficiencia que ahorra energ\u00eda, ahorrando m\u00e1s del 25% de energ\u00eda para el gabinete.<\/li>\n<li>Anti-niebla: una pel\u00edcula anti-niebla opcional est\u00e1 disponible para mejorar la puerta&#8217; s funci\u00f3n anti-condensaci\u00f3n.<\/li>\n<li>Manijas: M\u00faltiples estilos de manija est\u00e1n disponibles para emparejamiento personalizado seg\u00fan sea necesario.<\/li>\n<li>Puerta: se abre a un \u00e1ngulo de 90 \u00b0 con una caracter\u00edstica de retenci\u00f3n abierta, lo que hace que el funcionamiento sea conveniente y flexible.<\/li>\n<li>Tecnolog\u00eda: Emplea tecnolog\u00eda avanzada de vidrio calentado y marco para garantizar un rendimiento estable.<\/li>\n<li>Iluminaci\u00f3n: Equipada con iluminaci\u00f3n LED eficiente en energ\u00eda, que es a la vez ecol\u00f3gica y pr\u00e1ctica.<\/li>\n<li>Personalizaci\u00f3n: admite colores personalizados, y se puede personalizar en tama\u00f1o y con logotipos basados en los requisitos del cliente.<\/li>\n<li>Sellado: Utiliza juntas de puerta magn\u00e9ticas para un sello eficaz, evitando fugas de aire fr\u00edo.<\/li>\n<\/ol>","protected":false},"featured_media":1572,"comment_status":"closed","ping_status":"closed","template":"","meta":[],"product_brand":[],"product_cat":[20],"product_tag":[53],"class_list":{"0":"post-1570","1":"product","2":"type-product","3":"status-publish","4":"has-post-thumbnail","6":"product_cat-walk-in-cold-room-glass-door","7":"product_tag-walk-in-cold-room-glass-door","9":"first","10":"instock","11":"shipping-taxable","12":"product-type-simple"},"_links":{"self":[{"href":"https:\/\/www.riderclimax.com\/es\/wp-json\/wp\/v2\/product\/1570","targetHints":{"allow":["GET"]}}],"collection":[{"href":"https:\/\/www.riderclimax.com\/es\/wp-json\/wp\/v2\/product"}],"about":[{"href":"https:\/\/www.riderclimax.com\/es\/wp-json\/wp\/v2\/types\/product"}],"replies":[{"embeddable":true,"href":"https:\/\/www.riderclimax.com\/es\/wp-json\/wp\/v2\/comments?post=1570"}],"wp:featuredmedia":[{"embeddable":true,"href":"https:\/\/www.riderclimax.com\/es\/wp-json\/wp\/v2\/media\/1572"}],"wp:attachment":[{"href":"https:\/\/www.riderclimax.com\/es\/wp-json\/wp\/v2\/media?parent=1570"}],"wp:term":[{"taxonomy":"product_brand","embeddable":true,"href":"https:\/\/www.riderclimax.com\/es\/wp-json\/wp\/v2\/product_brand?post=1570"},{"taxonomy":"product_cat","embeddable":true,"href":"https:\/\/www.riderclimax.com\/es\/wp-json\/wp\/v2\/product_cat?post=1570"},{"taxonomy":"product_tag","embeddable":true,"href":"https:\/\/www.riderclimax.com\/es\/wp-json\/wp\/v2\/product_tag?post=1570"}],"curies":[{"name":"WP","href":"https:\/\/api.w.org\/{rel}","templated":true}]}}