{"id":1563,"date":"2025-10-22T14:21:01","date_gmt":"2025-10-22T06:21:01","guid":{"rendered":"https:\/\/www.riderclimax.com\/?post_type=product&#038;p=1563"},"modified":"2026-01-27T14:21:01","modified_gmt":"2026-01-27T06:21:01","slug":"frameless-cooler-freezer-glass-door","status":"publish","type":"product","link":"https:\/\/www.riderclimax.com\/es\/product\/frameless-cooler-freezer-glass-door\/","title":{"rendered":"Cooler sin marco&#038; Puerta de vidrio del congelador"},"content":{"rendered":"<p><strong>Caracter\u00edsticas del producto<\/strong><\/p>\n<p>1.Glass: Caracter\u00edsticas de vidrio templado de doble capa (para la refrigeraci\u00f3n) o triple capa (para la congelaci\u00f3n) con llenado de gas de arg\u00f3n para aislamiento t\u00e9rmico superior y seguridad.<\/p>\n<p>2.Heating: Equipado con una funci\u00f3n de calentamiento de vidrio (para la congelaci\u00f3n) para adaptarse a diferentes requisitos ambientales.<\/p>\n<p>3.Frame: El marco de la puerta utiliza un marco de ahorro de energ\u00eda de alta eficiencia, que ahorra m\u00e1s del 25% de energ\u00eda para el gabinete.<\/p>\n<p>4.Anti-niebla: una pel\u00edcula anti-niebla opcional est\u00e1 disponible para mejorar la puerta&#8217; s funci\u00f3n anti-condensaci\u00f3n.<\/p>\n<p>5.Handles: M\u00faltiples estilos de manija se pueden emparejar seg\u00fan sea necesario.<\/p>\n<p>6.Door: se abre a un \u00e1ngulo de 90 \u00b0 con una caracter\u00edstica de retenci\u00f3n abierta, haciendo que la operaci\u00f3n sea conveniente y flexible.<\/p>\n<p>7.Technology: Emplea tecnolog\u00eda avanzada de vidrio calentado y marco para garantizar un rendimiento estable.<\/p>\n<p>8.Customization: Las dimensiones y los logotipos se pueden personalizar seg\u00fan los requisitos del cliente.<\/p>\n<p>9.Sealing: Utiliza juntas de puerta magn\u00e9ticas para un sello eficaz, evitando fugas de aire fr\u00edo.<\/p>\n<p><strong>Escenarios de aplicaci\u00f3n<\/strong><\/p>\n<p>Adecuado para armarios de exhibici\u00f3n, refrigeradores verticales, congeladores verticales, refrigeradores florales, armarios de vino, etc.<\/p>","protected":false},"excerpt":{"rendered":"<p><strong>Caracter\u00edsticas del producto<\/strong><\/p>\n<ol>\n<li>Vidrio: Dispone de vidrio templado de doble capa (para refrigeraci\u00f3n) o triple capa (para congelaci\u00f3n) con llenado de gas arg\u00f3n para un aislamiento t\u00e9rmico y seguridad superiores.<\/li>\n<li>Calefacci\u00f3n: Equipado con una funci\u00f3n de calentamiento de vidrio (para congelaci\u00f3n) para adaptarse a diferentes requisitos ambientales.<\/li>\n<li>Marco: El marco de la puerta utiliza un marco de alta eficiencia de ahorro de energ\u00eda, lo que ahorra m\u00e1s del 25% de energ\u00eda para el gabinete.<\/li>\n<li>Anti-niebla: una pel\u00edcula anti-niebla opcional est\u00e1 disponible para mejorar la puerta&#8217; s funci\u00f3n anti-condensaci\u00f3n.<\/li>\n<li>Manijas: Se pueden emparejar m\u00faltiples estilos de manija seg\u00fan sea necesario.<\/li>\n<li>Puerta: se abre a un \u00e1ngulo de 90 \u00b0 con una caracter\u00edstica de retenci\u00f3n abierta, lo que hace que el funcionamiento sea conveniente y flexible.<\/li>\n<li>Tecnolog\u00eda: Emplea tecnolog\u00eda avanzada de vidrio calentado y marco para garantizar un rendimiento estable.<\/li>\n<li>Personalizaci\u00f3n: Las dimensiones y los logotipos se pueden personalizar seg\u00fan los requisitos del cliente.<\/li>\n<li>Sellado: Utiliza juntas de puerta magn\u00e9ticas para un sello eficaz, evitando fugas de aire fr\u00edo.<\/li>\n<\/ol>","protected":false},"featured_media":1568,"comment_status":"closed","ping_status":"closed","template":"","meta":[],"product_brand":[],"product_cat":[21],"product_tag":[51],"class_list":{"0":"post-1563","1":"product","2":"type-product","3":"status-publish","4":"has-post-thumbnail","6":"product_cat-reach-in-cooler-freezer-glass-door","7":"product_tag-reach-in-cooler-freezer-glass-door","9":"first","10":"instock","11":"shipping-taxable","12":"product-type-simple"},"_links":{"self":[{"href":"https:\/\/www.riderclimax.com\/es\/wp-json\/wp\/v2\/product\/1563","targetHints":{"allow":["GET"]}}],"collection":[{"href":"https:\/\/www.riderclimax.com\/es\/wp-json\/wp\/v2\/product"}],"about":[{"href":"https:\/\/www.riderclimax.com\/es\/wp-json\/wp\/v2\/types\/product"}],"replies":[{"embeddable":true,"href":"https:\/\/www.riderclimax.com\/es\/wp-json\/wp\/v2\/comments?post=1563"}],"wp:featuredmedia":[{"embeddable":true,"href":"https:\/\/www.riderclimax.com\/es\/wp-json\/wp\/v2\/media\/1568"}],"wp:attachment":[{"href":"https:\/\/www.riderclimax.com\/es\/wp-json\/wp\/v2\/media?parent=1563"}],"wp:term":[{"taxonomy":"product_brand","embeddable":true,"href":"https:\/\/www.riderclimax.com\/es\/wp-json\/wp\/v2\/product_brand?post=1563"},{"taxonomy":"product_cat","embeddable":true,"href":"https:\/\/www.riderclimax.com\/es\/wp-json\/wp\/v2\/product_cat?post=1563"},{"taxonomy":"product_tag","embeddable":true,"href":"https:\/\/www.riderclimax.com\/es\/wp-json\/wp\/v2\/product_tag?post=1563"}],"curies":[{"name":"WP","href":"https:\/\/api.w.org\/{rel}","templated":true}]}}