{"id":1536,"date":"2025-10-22T13:59:31","date_gmt":"2025-10-22T05:59:31","guid":{"rendered":"https:\/\/www.riderclimax.com\/?post_type=product&#038;p=1536"},"modified":"2026-01-27T14:30:45","modified_gmt":"2026-01-27T06:30:45","slug":"beverage-cabinet-glass-door","status":"publish","type":"product","link":"https:\/\/www.riderclimax.com\/es\/product\/beverage-cabinet-glass-door\/","title":{"rendered":"Puerta de vidrio del gabinete de bebidas"},"content":{"rendered":"<p><strong><b>Caracter\u00edsticas del producto<\/b><\/strong><\/p>\n<p>1.Material de vidrio: Ofrece una opci\u00f3n de 2 o 3 capas de vidrio de baja E, con vidrio templado de baja E utilizado internamente para mejorar la eficiencia energ\u00e9tica y prevenir la condensaci\u00f3n.<\/p>\n<p>2.Identidad de marca: Los logotipos de la marca se imprimen en el medio del vidrio utilizando tinta fotosensible, resaltando una imagen de marca \u00fanica.<\/p>\n<p>Rendimiento 3.Protective: Caracter\u00edsticas anti-niebla, anti-condensaci\u00f3n y funciones anti-helada para asegurar que los art\u00edculos dentro del gabinete son claramente visibles. Tambi\u00e9n proporciona una protecci\u00f3n eficaz contra colisiones y explosiones para la seguridad del usuario.<\/p>\n<p>Dise\u00f1o 4.Funcional:<\/p>\n<p>(1) Tiene una funci\u00f3n de cierre autom\u00e1tico para un uso conveniente.<\/p>\n<p>(2) Una funci\u00f3n opcional de mantenimiento abierto de 90 \u00b0 est\u00e1 disponible para facilitar la carga del producto.<\/p>\n<p>Efectos 5.Visual: Cuenta con una alta tasa de transmitancia de luz visible, haciendo que las mercanc\u00edas dentro del gabinete sean claras de un vistazo y atrayendo la atenci\u00f3n del cliente.<\/p>\n<p>6.Personalization<\/p>\n<p>Iluminaci\u00f3n: El color de la tira de luz soporta la personalizaci\u00f3n para satisfacer las necesidades personalizadas de diferentes escenarios.<\/p>","protected":false},"excerpt":{"rendered":"<p><strong><b>Caracter\u00edsticas del producto<\/b><\/strong><\/p>\n<p>1.Material de vidrio: Ofrece una opci\u00f3n de 2 o 3 capas de vidrio de baja E, con vidrio templado de baja E utilizado internamente para mejorar la eficiencia energ\u00e9tica y prevenir la condensaci\u00f3n.<\/p>\n<p>2.Identidad de marca: Los logotipos de la marca se imprimen en el medio del vidrio utilizando tinta fotosensible, resaltando una imagen de marca \u00fanica.<\/p>\n<p>Rendimiento 3.Protective: Caracter\u00edsticas anti-niebla, anti-condensaci\u00f3n y funciones anti-helada para asegurar que los art\u00edculos dentro del gabinete son claramente visibles. Tambi\u00e9n proporciona una protecci\u00f3n eficaz contra colisiones y explosiones para la seguridad del usuario.<\/p>\n<p>Dise\u00f1o 4.Funcional:<\/p>\n<p>(1) Tiene una funci\u00f3n de cierre autom\u00e1tico para un uso conveniente.<\/p>\n<p>(2) Una funci\u00f3n opcional de mantenimiento abierto de 90 \u00b0 est\u00e1 disponible para facilitar la carga del producto.<\/p>\n<p>Efectos 5.Visual: Cuenta con una alta tasa de transmitancia de luz visible, haciendo que las mercanc\u00edas dentro del gabinete sean claras de un vistazo y atrayendo la atenci\u00f3n del cliente.<\/p>\n<p>6.Personalization<\/p>\n<p>Iluminaci\u00f3n: El color de la tira de luz soporta la personalizaci\u00f3n para satisfacer las necesidades personalizadas de diferentes escenarios.<\/p>","protected":false},"featured_media":1544,"comment_status":"closed","ping_status":"closed","template":"","meta":[],"product_brand":[],"product_cat":[60],"product_tag":[54],"class_list":{"0":"post-1536","1":"product","2":"type-product","3":"status-publish","4":"has-post-thumbnail","6":"product_cat-beverage-cabinet-glass-door","7":"product_tag-vending-machine-glass-door","9":"first","10":"instock","11":"shipping-taxable","12":"product-type-simple"},"_links":{"self":[{"href":"https:\/\/www.riderclimax.com\/es\/wp-json\/wp\/v2\/product\/1536","targetHints":{"allow":["GET"]}}],"collection":[{"href":"https:\/\/www.riderclimax.com\/es\/wp-json\/wp\/v2\/product"}],"about":[{"href":"https:\/\/www.riderclimax.com\/es\/wp-json\/wp\/v2\/types\/product"}],"replies":[{"embeddable":true,"href":"https:\/\/www.riderclimax.com\/es\/wp-json\/wp\/v2\/comments?post=1536"}],"wp:featuredmedia":[{"embeddable":true,"href":"https:\/\/www.riderclimax.com\/es\/wp-json\/wp\/v2\/media\/1544"}],"wp:attachment":[{"href":"https:\/\/www.riderclimax.com\/es\/wp-json\/wp\/v2\/media?parent=1536"}],"wp:term":[{"taxonomy":"product_brand","embeddable":true,"href":"https:\/\/www.riderclimax.com\/es\/wp-json\/wp\/v2\/product_brand?post=1536"},{"taxonomy":"product_cat","embeddable":true,"href":"https:\/\/www.riderclimax.com\/es\/wp-json\/wp\/v2\/product_cat?post=1536"},{"taxonomy":"product_tag","embeddable":true,"href":"https:\/\/www.riderclimax.com\/es\/wp-json\/wp\/v2\/product_tag?post=1536"}],"curies":[{"name":"WP","href":"https:\/\/api.w.org\/{rel}","templated":true}]}}