{"id":1523,"date":"2025-10-22T13:44:43","date_gmt":"2025-10-22T05:44:43","guid":{"rendered":"https:\/\/www.riderclimax.com\/product\/transparent-acrylic-cooler-glass-door-2\/"},"modified":"2026-01-27T14:26:28","modified_gmt":"2026-01-27T06:26:28","slug":"transparent-acrylic-cooler-glass-door","status":"publish","type":"product","link":"https:\/\/www.riderclimax.com\/es\/product\/transparent-acrylic-cooler-glass-door\/","title":{"rendered":"Puerta de vidrio de refrigerador de acr\u00edlico transparente"},"content":{"rendered":"<p><strong>Caracter\u00edsticas del producto<\/strong><\/p>\n<p>1.Excelente dise\u00f1o visual: Utiliza vidrio templado de doble capa con llenado de gas de arg\u00f3n y una barra espaciadora acr\u00edlica para maximizar la visibilidad del producto, asegurando que los art\u00edculos expuestos se presenten claramente.<\/p>\n<p>Opciones de personalizaci\u00f3n 2.Rich<\/p>\n<p>(1) Serigraf\u00eda: Proporciona serigraf\u00eda de color personalizada para crear una apariencia \u00fanica basada en la preferencia personal o la imagen de marca.<\/p>\n<p>2) Dimensiones y Logotipos: admite dimensiones personalizadas y logotipos exclusivos para satisfacer necesidades personalizadas para diversos escenarios.<\/p>\n<p>3.Diversas opciones de accesorios<\/p>\n<p>(1) Manijas: Equipadas con manijas totalmente transparentes y de acero inoxidable para satisfacer diferentes preferencias est\u00e9ticas.<\/p>\n<p>(2) Bisagras: La bisagra inferior viene est\u00e1ndar con dos estructuras, retorno de gravedad y prensa de resorte, y tambi\u00e9n se puede personalizar de acuerdo con necesidades espec\u00edficas.<\/p>\n<p>Funci\u00f3n de calefacci\u00f3n 4.Practical: La puerta de vidrio puede estar equipada con una funci\u00f3n de calefacci\u00f3n el\u00e9ctrica, que se puede usar conectando un condensador \/ transformador externo, adaptando a diferentes condiciones del sitio.<\/p>\n<p>Durabilidad 5.Exceptional: Se somete a pruebas rigurosas con m\u00e1s de 100.000 ciclos de apertura y cierre de puertas, asegurando un uso estable a largo plazo.<\/p>\n<p>&nbsp;<\/p>\n<p><strong>Escenarios de aplicaci\u00f3n<\/strong><\/p>\n<p>Adecuado para refrigeradores y congeladores a granel, proporcionando una soluci\u00f3n fiable para la exhibici\u00f3n y conservaci\u00f3n de productos.<\/p>","protected":false},"excerpt":{"rendered":"<p><strong>Caracter\u00edsticas del producto<\/strong><\/p>\n<p>1.Excelente dise\u00f1o visual: Utiliza vidrio templado de doble capa con llenado de gas de arg\u00f3n y una barra espaciadora acr\u00edlica para maximizar la visibilidad del producto, asegurando que los art\u00edculos expuestos se presenten claramente.<\/p>\n<p>Opciones de personalizaci\u00f3n 2.Rich<\/p>\n<p>(1) Serigraf\u00eda: Proporciona serigraf\u00eda de color personalizada para crear una apariencia \u00fanica basada en la preferencia personal o la imagen de marca.<\/p>\n<p>2) Dimensiones y Logotipos: admite dimensiones personalizadas y logotipos exclusivos para satisfacer necesidades personalizadas para diversos escenarios.<\/p>\n<p>3.Diversas opciones de accesorios<\/p>\n<p>(1) Manijas: Equipadas con manijas totalmente transparentes y de acero inoxidable para satisfacer diferentes preferencias est\u00e9ticas.<\/p>\n<p>(2) Bisagras: La bisagra inferior viene est\u00e1ndar con dos estructuras, retorno de gravedad y prensa de resorte, y tambi\u00e9n se puede personalizar de acuerdo con necesidades espec\u00edficas.<\/p>\n<p>Funci\u00f3n de calefacci\u00f3n 4.Practical: La puerta de vidrio puede estar equipada con una funci\u00f3n de calefacci\u00f3n el\u00e9ctrica, que se puede usar conectando un condensador \/ transformador externo, adaptando a diferentes condiciones del sitio.<\/p>\n<p>Durabilidad 5.Exceptional: Se somete a pruebas rigurosas con m\u00e1s de 100.000 ciclos de apertura y cierre de puertas, asegurando un uso estable a largo plazo.<\/p>","protected":false},"featured_media":1542,"comment_status":"closed","ping_status":"closed","template":"","meta":[],"product_brand":[],"product_cat":[22],"product_tag":[52],"class_list":{"0":"post-1523","1":"product","2":"type-product","3":"status-publish","4":"has-post-thumbnail","6":"product_cat-transparent-acrylic-cooler-glass-door","7":"product_tag-transparent-acrylic-cooler-glass-door","9":"first","10":"instock","11":"shipping-taxable","12":"product-type-simple"},"_links":{"self":[{"href":"https:\/\/www.riderclimax.com\/es\/wp-json\/wp\/v2\/product\/1523","targetHints":{"allow":["GET"]}}],"collection":[{"href":"https:\/\/www.riderclimax.com\/es\/wp-json\/wp\/v2\/product"}],"about":[{"href":"https:\/\/www.riderclimax.com\/es\/wp-json\/wp\/v2\/types\/product"}],"replies":[{"embeddable":true,"href":"https:\/\/www.riderclimax.com\/es\/wp-json\/wp\/v2\/comments?post=1523"}],"wp:featuredmedia":[{"embeddable":true,"href":"https:\/\/www.riderclimax.com\/es\/wp-json\/wp\/v2\/media\/1542"}],"wp:attachment":[{"href":"https:\/\/www.riderclimax.com\/es\/wp-json\/wp\/v2\/media?parent=1523"}],"wp:term":[{"taxonomy":"product_brand","embeddable":true,"href":"https:\/\/www.riderclimax.com\/es\/wp-json\/wp\/v2\/product_brand?post=1523"},{"taxonomy":"product_cat","embeddable":true,"href":"https:\/\/www.riderclimax.com\/es\/wp-json\/wp\/v2\/product_cat?post=1523"},{"taxonomy":"product_tag","embeddable":true,"href":"https:\/\/www.riderclimax.com\/es\/wp-json\/wp\/v2\/product_tag?post=1523"}],"curies":[{"name":"WP","href":"https:\/\/api.w.org\/{rel}","templated":true}]}}