{"id":1517,"date":"2025-10-22T12:30:02","date_gmt":"2025-10-22T04:30:02","guid":{"rendered":"https:\/\/www.riderclimax.com\/?post_type=product&#038;p=1517"},"modified":"2026-01-27T14:42:18","modified_gmt":"2026-01-27T06:42:18","slug":"chest-freezer-glass-door","status":"publish","type":"product","link":"https:\/\/www.riderclimax.com\/es\/product\/chest-freezer-glass-door\/","title":{"rendered":"Puerta de vidrio del congelador del pecho"},"content":{"rendered":"<p><strong>Caracter\u00edsticas del producto<\/strong><\/p>\n<p>1. vidrio de ahorro de energ\u00eda de alta eficiencia: utiliza vidrio templado de 4 mm de baja E con excelentes propiedades de aislamiento t\u00e9rmico, reduciendo efectivamente la p\u00e9rdida de energ\u00eda. Esto reduce los costos operativos al tiempo que apoya activamente la sostenibilidad ambiental.<\/p>\n<p>Material ecol\u00f3gico 2.Food-Grade: La apertura del gabinete utiliza material de PVC de grado alimentario, que es no t\u00f3xico e inodoro, cumpliendo con estrictos est\u00e1ndares de higiene para garantizar la seguridad y la calidad de los alimentos almacenados.<\/p>\n<p>Dise\u00f1o deslizante 3.Flexible: Ofrece opciones de deslizamiento verticales (arriba \/ abajo) y horizontales (izquierda \/ derecha), lo que permite una operaci\u00f3n f\u00e1cil y conveniente basada en el caso de uso real y la preferencia personal.<\/p>\n<p>Estructura 4.Precise &amp; Instalaci\u00f3n r\u00e1pida: Las dimensiones generales son precisamente precisas y el dise\u00f1o estructural es excelente. El proceso de instalaci\u00f3n es sencillo y r\u00e1pido, ahorrando efectivamente tiempo y costos de mano de obra.<\/p>\n<p>5. Amplia adaptabilidad a la temperatura: puede usarse de manera estable en un rango de temperatura de -25 \u00b0 C a 10 \u00b0 C, satisfaciendo las necesidades de refrigeraci\u00f3n y conservaci\u00f3n de varios art\u00edculos alimentarios.<\/p>\n<p><strong><b>Opciones de personalizaci\u00f3n<\/b><\/strong><\/p>\n<p>1. Personalizaci\u00f3n del color del marco: Para pedidos a granel, ofrecemos servicios personalizados de color del marco para coincidir con su imagen de marca o decoraci\u00f3n de la tienda.<\/p>\n<p>2.Selecci\u00f3n del tipo de vidrio: Puede elegir entre vidrio templado curvado o vidrio templado plano seg\u00fan sus necesidades espec\u00edficas, adaptando a diferentes dise\u00f1os de gabinete y efectos visuales.<\/p>\n<p>3. apariencia &amp; Personalizaci\u00f3n del material: Nuestro equipo profesional puede crear nuevos dise\u00f1os exteriores y combinaciones de materiales basados en sus requisitos \u00fanicos, creando una tapa de vidrio de congelador de isla \u00fanica en su tipo para usted.<\/p>\n<p>4.Optional: Para mejorar la seguridad, las cerraduras y llaves opcionales est\u00e1n disponibles para proporcionar una mejor protecci\u00f3n para sus art\u00edculos.<\/p>\n<p><strong><b>Colores &amp; Dimensiones<\/b><\/strong><\/p>\n<p>Selecci\u00f3n de color 1.Rich: Una amplia gama de colores est\u00e1 disponible para que elija, incluyendo gris, rojo, azul, verde y m\u00e1s, para satisfacer diversas necesidades est\u00e9ticas.<\/p>\n<p>Personalizaci\u00f3n del tama\u00f1o 2.Exclusive: Las dimensiones se pueden personalizar exclusivamente para varios tipos de gabinete, lo que garantiza un ajuste perfecto para su congelador de isla.<\/p>","protected":false},"excerpt":{"rendered":"<p>1. vidrio de ahorro de energ\u00eda de alta eficiencia: utiliza vidrio templado de 4 mm de baja E con excelentes propiedades de aislamiento t\u00e9rmico, reduciendo efectivamente la p\u00e9rdida de energ\u00eda. Esto reduce los costos operativos al tiempo que apoya activamente la sostenibilidad ambiental.<\/p>\n<p>Material ecol\u00f3gico 2.Food-Grade: La apertura del gabinete utiliza material de PVC de grado alimentario, que es no t\u00f3xico e inodoro, cumpliendo con estrictos est\u00e1ndares de higiene para garantizar la seguridad y la calidad de los alimentos almacenados.<\/p>\n<p>Dise\u00f1o deslizante 3.Flexible: Ofrece opciones de deslizamiento verticales (arriba \/ abajo) y horizontales (izquierda \/ derecha), lo que permite una operaci\u00f3n f\u00e1cil y conveniente basada en el caso de uso real y la preferencia personal.<\/p>\n<p>Estructura 4.Precise &amp; Instalaci\u00f3n r\u00e1pida: Las dimensiones generales son precisamente precisas y el dise\u00f1o estructural es excelente. El proceso de instalaci\u00f3n es sencillo y r\u00e1pido, ahorrando efectivamente tiempo y costos de mano de obra.<\/p>\n<p>5. Amplia adaptabilidad a la temperatura: puede usarse de manera estable en un rango de temperatura de -25 \u00b0 C a 10 \u00b0 C, satisfaciendo las necesidades de refrigeraci\u00f3n y conservaci\u00f3n de varios art\u00edculos alimentarios.<\/p>","protected":false},"featured_media":1549,"comment_status":"closed","ping_status":"closed","template":"","meta":[],"product_brand":[],"product_cat":[15],"product_tag":[49],"class_list":{"0":"post-1517","1":"product","2":"type-product","3":"status-publish","4":"has-post-thumbnail","6":"product_cat-chest-freezer-glass-door","7":"product_tag-chest-freezer-glass-door","9":"first","10":"instock","11":"shipping-taxable","12":"product-type-simple"},"_links":{"self":[{"href":"https:\/\/www.riderclimax.com\/es\/wp-json\/wp\/v2\/product\/1517","targetHints":{"allow":["GET"]}}],"collection":[{"href":"https:\/\/www.riderclimax.com\/es\/wp-json\/wp\/v2\/product"}],"about":[{"href":"https:\/\/www.riderclimax.com\/es\/wp-json\/wp\/v2\/types\/product"}],"replies":[{"embeddable":true,"href":"https:\/\/www.riderclimax.com\/es\/wp-json\/wp\/v2\/comments?post=1517"}],"wp:featuredmedia":[{"embeddable":true,"href":"https:\/\/www.riderclimax.com\/es\/wp-json\/wp\/v2\/media\/1549"}],"wp:attachment":[{"href":"https:\/\/www.riderclimax.com\/es\/wp-json\/wp\/v2\/media?parent=1517"}],"wp:term":[{"taxonomy":"product_brand","embeddable":true,"href":"https:\/\/www.riderclimax.com\/es\/wp-json\/wp\/v2\/product_brand?post=1517"},{"taxonomy":"product_cat","embeddable":true,"href":"https:\/\/www.riderclimax.com\/es\/wp-json\/wp\/v2\/product_cat?post=1517"},{"taxonomy":"product_tag","embeddable":true,"href":"https:\/\/www.riderclimax.com\/es\/wp-json\/wp\/v2\/product_tag?post=1517"}],"curies":[{"name":"WP","href":"https:\/\/api.w.org\/{rel}","templated":true}]}}