{"id":2142,"date":"2025-11-14T10:34:24","date_gmt":"2025-11-14T02:34:24","guid":{"rendered":"https:\/\/www.riderclimax.com\/?post_type=product&#038;p=2142"},"modified":"2026-01-27T14:48:06","modified_gmt":"2026-01-27T06:48:06","slug":"side-panel-insulated-glass","status":"publish","type":"product","link":"https:\/\/www.riderclimax.com\/de\/product\/side-panel-insulated-glass\/","title":{"rendered":"Seitenpanel isoliertes Glas"},"content":{"rendered":"<p><strong><b>Produkteigenschaften:<\/b><\/strong><\/p>\n<ol>\n<li>Optionale Heizungsfunktion f\u00fcr Nebel- und Zerst\u00f6rungsschutzeigenschaften, die eine klare Sichtbarkeit und eine sichere Haltbarkeit gew\u00e4hrleisten.<\/li>\n<li>Erh\u00e4ltlich mit Low-E Glas; die isolierte Struktur bietet eine ausgezeichnete W\u00e4rmed\u00e4mmung und reduziert effektiv den Energieverbrauch.<\/li>\n<li>Anpassbarer Seidendruck und standardisiertes Design, nahtlos in kommerzielle Anzeigeschrank Seitenpaneele f\u00fcr \u00c4sthetik und Praxis integriert.<\/li>\n<li>\u00dcberlegene Schalld\u00e4mmung erh\u00f6ht den Benutzerkomfort.<\/li>\n<\/ol>\n<p><strong><b>Anwendungsszenarien:<\/b><\/strong>\u00a0Geeignet f\u00fcr kommerzielle Schaltschr\u00e4nke, Geb\u00e4cksschaltschr\u00e4nke, Schmuckschaltschr\u00e4nke usw.<\/p>","protected":false},"excerpt":{"rendered":"<p><strong><b>Produkteigenschaften:<\/b><\/strong><\/p>\n<ol>\n<li>Optionale Heizungsfunktion f\u00fcr Nebel- und Zerst\u00f6rungsschutzeigenschaften, die eine klare Sichtbarkeit und eine sichere Haltbarkeit gew\u00e4hrleisten.<\/li>\n<li>Erh\u00e4ltlich mit Low-E Glas; die isolierte Struktur bietet eine ausgezeichnete W\u00e4rmed\u00e4mmung und reduziert effektiv den Energieverbrauch.<\/li>\n<li>Anpassbarer Seidendruck und standardisiertes Design, nahtlos in kommerzielle Anzeigeschrank Seitenpaneele f\u00fcr \u00c4sthetik und Praxis integriert.<\/li>\n<li>\u00dcberlegene Schalld\u00e4mmung erh\u00f6ht den Benutzerkomfort.<\/li>\n<\/ol>","protected":false},"featured_media":2143,"comment_status":"closed","ping_status":"closed","template":"","meta":[],"product_brand":[],"product_cat":[58],"product_tag":[59],"class_list":{"0":"post-2142","1":"product","2":"type-product","3":"status-publish","4":"has-post-thumbnail","6":"product_cat-side-panel-insulated-glass","7":"product_tag-side-panel-insulated-glass","9":"first","10":"instock","11":"shipping-taxable","12":"product-type-simple"},"_links":{"self":[{"href":"https:\/\/www.riderclimax.com\/de\/wp-json\/wp\/v2\/product\/2142","targetHints":{"allow":["GET"]}}],"collection":[{"href":"https:\/\/www.riderclimax.com\/de\/wp-json\/wp\/v2\/product"}],"about":[{"href":"https:\/\/www.riderclimax.com\/de\/wp-json\/wp\/v2\/types\/product"}],"replies":[{"embeddable":true,"href":"https:\/\/www.riderclimax.com\/de\/wp-json\/wp\/v2\/comments?post=2142"}],"wp:featuredmedia":[{"embeddable":true,"href":"https:\/\/www.riderclimax.com\/de\/wp-json\/wp\/v2\/media\/2143"}],"wp:attachment":[{"href":"https:\/\/www.riderclimax.com\/de\/wp-json\/wp\/v2\/media?parent=2142"}],"wp:term":[{"taxonomy":"product_brand","embeddable":true,"href":"https:\/\/www.riderclimax.com\/de\/wp-json\/wp\/v2\/product_brand?post=2142"},{"taxonomy":"product_cat","embeddable":true,"href":"https:\/\/www.riderclimax.com\/de\/wp-json\/wp\/v2\/product_cat?post=2142"},{"taxonomy":"product_tag","embeddable":true,"href":"https:\/\/www.riderclimax.com\/de\/wp-json\/wp\/v2\/product_tag?post=2142"}],"curies":[{"name":"WP","href":"https:\/\/api.w.org\/{rel}","templated":true}]}}