{"id":2006,"date":"2025-11-03T14:09:27","date_gmt":"2025-11-03T06:09:27","guid":{"rendered":"https:\/\/www.riderclimax.com\/?post_type=product&#038;p=2006"},"modified":"2025-11-20T17:55:59","modified_gmt":"2025-11-20T09:55:59","slug":"shelves","status":"publish","type":"product","link":"https:\/\/www.riderclimax.com\/de\/product\/shelves\/","title":{"rendered":"Regale"},"content":{"rendered":"<p><strong>Au\u00dfergew\u00f6hnliche Belastbarkeit<\/strong><br \/>\nEntwickelt, um schwere G\u00fcter zuverl\u00e4ssig zu unterst\u00fctzen. eine stabile und sichere Lagerung auch unter Volllastung gew\u00e4hrleisten.<br \/>\n<strong>Ger\u00e4umiges Layout<\/strong><br \/>\nGro\u00dfz\u00fcgiger Gangfl\u00e4che und klare vertikale Sichtlinien verbessern das Einkaufserlebnis und verbessern die Kundenmobilit\u00e4t.<br \/>\n<strong>Langlebige Materialien<\/strong><br \/>\nKonstruiert aus hochfestem Stahl und hochwertigen Materialien, bietet Schlagfestigkeit und langfristige strukturelle Integrit\u00e4t.<br \/>\n<strong>Robuste Konstruktion<\/strong><br \/>\nEs verf\u00fcgt \u00fcber eine optimierte konstruktive Konstruktion, die effektiv gegen Schwingungen und Verformungen standh\u00e4lt und t\u00e4gliche Zuverl\u00e4ssigkeit bietet.<br \/>\n<strong>Klare Sichtbarkeit<\/strong><br \/>\nEntworfen mit ungehindertem Schichtenabstand und einem offenen Anzeigebereich, so dass Produkte einfach durchsuchen und ausw\u00e4hlen k\u00f6nnen.<br \/>\n<strong>Langlebige Leistung<\/strong><br \/>\nKorrosionsbest\u00e4ndige Oberfl\u00e4chen und verst\u00e4rktes Schwei\u00dfen gew\u00e4hrleisten eine zuverl\u00e4ssige Leistung durch Jahre des hohen Einsatzes.<\/p>","protected":false},"excerpt":{"rendered":"<p><strong>Au\u00dfergew\u00f6hnliche Belastbarkeit<\/strong><br \/>\nEntwickelt, um schwere G\u00fcter zuverl\u00e4ssig zu unterst\u00fctzen. eine stabile und sichere Lagerung auch unter Volllastung gew\u00e4hrleisten.<br \/>\n<strong>Ger\u00e4umiges Layout<\/strong><br \/>\nGro\u00dfz\u00fcgiger Gangfl\u00e4che und klare vertikale Sichtlinien verbessern das Einkaufserlebnis und verbessern die Kundenmobilit\u00e4t.<br \/>\n<strong>Langlebige Materialien<\/strong><br \/>\nKonstruiert aus hochfestem Stahl und hochwertigen Materialien, bietet Schlagfestigkeit und langfristige strukturelle Integrit\u00e4t.<br \/>\n<strong>Robuste Konstruktion<\/strong><br \/>\nEs verf\u00fcgt \u00fcber eine optimierte konstruktive Konstruktion, die effektiv gegen Schwingungen und Verformungen standh\u00e4lt und t\u00e4gliche Zuverl\u00e4ssigkeit bietet.<br \/>\n<strong>Klare Sichtbarkeit<\/strong><br \/>\nEntworfen mit ungehindertem Schichtenabstand und einem offenen Anzeigebereich, so dass Produkte einfach durchsuchen und ausw\u00e4hlen k\u00f6nnen.<br \/>\n<strong>Langlebige Leistung<\/strong><br \/>\nKorrosionsbest\u00e4ndige Oberfl\u00e4chen und verst\u00e4rktes Schwei\u00dfen gew\u00e4hrleisten eine zuverl\u00e4ssige Leistung durch Jahre des hohen Einsatzes.<\/p>","protected":false},"featured_media":2361,"comment_status":"closed","ping_status":"closed","template":"","meta":[],"product_brand":[],"product_cat":[55],"product_tag":[56],"class_list":{"0":"post-2006","1":"product","2":"type-product","3":"status-publish","4":"has-post-thumbnail","6":"product_cat-other","7":"product_tag-accessories","9":"first","10":"instock","11":"shipping-taxable","12":"product-type-simple"},"_links":{"self":[{"href":"https:\/\/www.riderclimax.com\/de\/wp-json\/wp\/v2\/product\/2006","targetHints":{"allow":["GET"]}}],"collection":[{"href":"https:\/\/www.riderclimax.com\/de\/wp-json\/wp\/v2\/product"}],"about":[{"href":"https:\/\/www.riderclimax.com\/de\/wp-json\/wp\/v2\/types\/product"}],"replies":[{"embeddable":true,"href":"https:\/\/www.riderclimax.com\/de\/wp-json\/wp\/v2\/comments?post=2006"}],"wp:featuredmedia":[{"embeddable":true,"href":"https:\/\/www.riderclimax.com\/de\/wp-json\/wp\/v2\/media\/2361"}],"wp:attachment":[{"href":"https:\/\/www.riderclimax.com\/de\/wp-json\/wp\/v2\/media?parent=2006"}],"wp:term":[{"taxonomy":"product_brand","embeddable":true,"href":"https:\/\/www.riderclimax.com\/de\/wp-json\/wp\/v2\/product_brand?post=2006"},{"taxonomy":"product_cat","embeddable":true,"href":"https:\/\/www.riderclimax.com\/de\/wp-json\/wp\/v2\/product_cat?post=2006"},{"taxonomy":"product_tag","embeddable":true,"href":"https:\/\/www.riderclimax.com\/de\/wp-json\/wp\/v2\/product_tag?post=2006"}],"curies":[{"name":"WP","href":"https:\/\/api.w.org\/{rel}","templated":true}]}}