{"id":1581,"date":"2025-10-22T14:35:28","date_gmt":"2025-10-22T06:35:28","guid":{"rendered":"https:\/\/www.riderclimax.com\/?post_type=product&#038;p=1581"},"modified":"2026-01-27T14:06:15","modified_gmt":"2026-01-27T06:06:15","slug":"reach-in-walk-in-coolerfreezer-glass-door","status":"publish","type":"product","link":"https:\/\/www.riderclimax.com\/de\/product\/reach-in-walk-in-coolerfreezer-glass-door\/","title":{"rendered":"Reach-in \/ Walk-in K\u00fchler&#038; Gefrierschrank Glast\u00fcr"},"content":{"rendered":"<p><strong>Produkteigenschaften<\/strong><\/p>\n<ol>\n<li>Glas: Verwendet doppel- oder dreifach geh\u00e4rtetes Glas mit Argongas f\u00fcr eine \u00fcberlegene W\u00e4rmed\u00e4mmung und erh\u00f6hte Sicherheit.<\/li>\n<li>Heizung: Funktionen Rahmenheizung oder Glasheizung, um verschiedene Umweltanforderungen zu erf\u00fcllen.<\/li>\n<li>Rahmen: Bietet eine Vielzahl von Rahmenprofilen f\u00fcr Kunden zur Auswahl, die unterschiedlichen \u00e4sthetischen Pr\u00e4ferenzen gerecht werden.<\/li>\n<li>Griffe: Mehrere Griffstile sind f\u00fcr kundenspezifische Anpassung verf\u00fcgbar.<\/li>\n<li>T\u00fcr: \u00d6ffnet sich in einem Winkel von 90\u00b0 mit einer bequemen und flexiblen Halteeffnung.<\/li>\n<li>Technologie: Verwendet fortschrittliche beheizte Glas- und Rahmen-Technologie, um eine stabile Leistung zu gew\u00e4hrleisten.<\/li>\n<li>Beleuchtung: Ausgestattet mit energieeffizienter LED-Beleuchtung, die sowohl umweltfreundlich als auch praktisch ist.<\/li>\n<li>Anpassung: Unterst\u00fctzt benutzerdefinierte Farben, Gr\u00f6\u00dfen und Logo-Branding nach Kundenanforderungen.<\/li>\n<li>Dichtung: Verwendet magnetische T\u00fcrdichtungen f\u00fcr eine effektive Dichtung und verhindert kalte Luftleckage.<\/li>\n<\/ol>\n<p><strong>Anwendungen<\/strong><\/p>\n<p>Geeignet f\u00fcr walk-in K\u00fchler, walk-in Gefrierschr\u00e4nke, ausziehbare Displayschr\u00e4nke, vertikale K\u00fchlschr\u00e4nke, vertikale Gefrierschr\u00e4nke, Blumenk\u00fchler, Weinschr\u00e4nke und mehr.<\/p>","protected":false},"excerpt":{"rendered":"<p><strong>Produkteigenschaften<\/strong><\/p>\n<ol>\n<li>Glas: Verwendet doppel- oder dreifach geh\u00e4rtetes Glas mit Argongas f\u00fcr eine \u00fcberlegene W\u00e4rmed\u00e4mmung und erh\u00f6hte Sicherheit.<\/li>\n<li>Heizung: Funktionen Rahmenheizung oder Glasheizung, um verschiedene Umweltanforderungen zu erf\u00fcllen.<\/li>\n<li>Rahmen: Bietet eine Vielzahl von Rahmenprofilen f\u00fcr Kunden zur Auswahl, die unterschiedlichen \u00e4sthetischen Pr\u00e4ferenzen gerecht werden.<\/li>\n<li>Griffe: Mehrere Griffstile sind f\u00fcr kundenspezifische Anpassung verf\u00fcgbar.<\/li>\n<li>T\u00fcr: \u00d6ffnet sich in einem Winkel von 90\u00b0 mit einer bequemen und flexiblen Halteeffnung.<\/li>\n<li>Technologie: Verwendet fortschrittliche beheizte Glas- und Rahmen-Technologie, um eine stabile Leistung zu gew\u00e4hrleisten.<\/li>\n<li>Beleuchtung: Ausgestattet mit energieeffizienter LED-Beleuchtung, die sowohl umweltfreundlich als auch praktisch ist.<\/li>\n<li>Anpassung: Unterst\u00fctzt benutzerdefinierte Farben, Gr\u00f6\u00dfen und Logo-Branding nach Kundenanforderungen.<\/li>\n<li>Dichtung: Verwendet magnetische T\u00fcrdichtungen f\u00fcr eine effektive Dichtung und verhindert kalte Luftleckage.<\/li>\n<\/ol>","protected":false},"featured_media":1584,"comment_status":"closed","ping_status":"closed","template":"","meta":[],"product_brand":[],"product_cat":[20],"product_tag":[53],"class_list":{"0":"post-1581","1":"product","2":"type-product","3":"status-publish","4":"has-post-thumbnail","6":"product_cat-walk-in-cold-room-glass-door","7":"product_tag-walk-in-cold-room-glass-door","9":"first","10":"instock","11":"shipping-taxable","12":"product-type-simple"},"_links":{"self":[{"href":"https:\/\/www.riderclimax.com\/de\/wp-json\/wp\/v2\/product\/1581","targetHints":{"allow":["GET"]}}],"collection":[{"href":"https:\/\/www.riderclimax.com\/de\/wp-json\/wp\/v2\/product"}],"about":[{"href":"https:\/\/www.riderclimax.com\/de\/wp-json\/wp\/v2\/types\/product"}],"replies":[{"embeddable":true,"href":"https:\/\/www.riderclimax.com\/de\/wp-json\/wp\/v2\/comments?post=1581"}],"wp:featuredmedia":[{"embeddable":true,"href":"https:\/\/www.riderclimax.com\/de\/wp-json\/wp\/v2\/media\/1584"}],"wp:attachment":[{"href":"https:\/\/www.riderclimax.com\/de\/wp-json\/wp\/v2\/media?parent=1581"}],"wp:term":[{"taxonomy":"product_brand","embeddable":true,"href":"https:\/\/www.riderclimax.com\/de\/wp-json\/wp\/v2\/product_brand?post=1581"},{"taxonomy":"product_cat","embeddable":true,"href":"https:\/\/www.riderclimax.com\/de\/wp-json\/wp\/v2\/product_cat?post=1581"},{"taxonomy":"product_tag","embeddable":true,"href":"https:\/\/www.riderclimax.com\/de\/wp-json\/wp\/v2\/product_tag?post=1581"}],"curies":[{"name":"WP","href":"https:\/\/api.w.org\/{rel}","templated":true}]}}