{"id":1575,"date":"2025-10-22T14:31:41","date_gmt":"2025-10-22T06:31:41","guid":{"rendered":"https:\/\/www.riderclimax.com\/?post_type=product&#038;p=1575"},"modified":"2026-01-27T14:28:52","modified_gmt":"2026-01-27T06:28:52","slug":"led-vending-machine-glass-doorled","status":"publish","type":"product","link":"https:\/\/www.riderclimax.com\/de\/product\/led-vending-machine-glass-doorled\/","title":{"rendered":"LED Verkaufsautomat Glas DoorLed"},"content":{"rendered":"<p><strong>Standardfunktionen<\/strong><\/p>\n<p>1.Customization: Unterst\u00fctzt benutzerdefinierte Logos.<\/p>\n<p>2.Advertising Display: Verwendet doppelschichtiges hohles geh\u00e4rtetes Glas mit einer eingebauten LED-Anzeige f\u00fcr Werbeinhalte.<\/p>\n<p>3.Frame: Ausgestattet mit einem T\u00fcrrahmen aus Aluminiumlegierung.<\/p>\n<p><strong>Optionale Konfigurationen<\/strong><\/p>\n<p>1. Heizung: Eine Heizungsfunktionsoption ist verf\u00fcgbar.<\/p>\n<p>2.Customization: Unterst\u00fctzt benutzerdefinierte Abmessungen.<\/p>","protected":false},"excerpt":{"rendered":"<p><strong>Standardfunktionen<\/strong><\/p>\n<p>1.Customization: Unterst\u00fctzt benutzerdefinierte Logos.<\/p>\n<p>2.Advertising Display: Verwendet doppelschichtiges hohles geh\u00e4rtetes Glas mit einer eingebauten LED-Anzeige f\u00fcr Werbeinhalte.<\/p>\n<p>3.Frame: Ausgestattet mit einem T\u00fcrrahmen aus Aluminiumlegierung.<\/p>\n<p>&nbsp;<\/p>\n<p><strong>Optionale Konfigurationen<\/strong><\/p>\n<p>1. Heizung: Eine Heizungsfunktionsoption ist verf\u00fcgbar.<\/p>\n<p>2.Customization: Unterst\u00fctzt benutzerdefinierte Abmessungen.<\/p>\n<p>&nbsp;<\/p>\n<p><strong>Anwendungen<\/strong><\/p>\n<p>Marke Flagship-Gesch\u00e4fte, Einkaufszentren, Superm\u00e4rkte und Schmuck, Uhren &amp; amp; Einzelh\u00e4ndler von Luxusg\u00fctern.<\/p>","protected":false},"featured_media":1578,"comment_status":"closed","ping_status":"closed","template":"","meta":[],"product_brand":[],"product_cat":[23],"product_tag":[54],"class_list":{"0":"post-1575","1":"product","2":"type-product","3":"status-publish","4":"has-post-thumbnail","6":"product_cat-vending-machine-glass-door","7":"product_tag-vending-machine-glass-door","9":"first","10":"instock","11":"shipping-taxable","12":"product-type-simple"},"_links":{"self":[{"href":"https:\/\/www.riderclimax.com\/de\/wp-json\/wp\/v2\/product\/1575","targetHints":{"allow":["GET"]}}],"collection":[{"href":"https:\/\/www.riderclimax.com\/de\/wp-json\/wp\/v2\/product"}],"about":[{"href":"https:\/\/www.riderclimax.com\/de\/wp-json\/wp\/v2\/types\/product"}],"replies":[{"embeddable":true,"href":"https:\/\/www.riderclimax.com\/de\/wp-json\/wp\/v2\/comments?post=1575"}],"wp:featuredmedia":[{"embeddable":true,"href":"https:\/\/www.riderclimax.com\/de\/wp-json\/wp\/v2\/media\/1578"}],"wp:attachment":[{"href":"https:\/\/www.riderclimax.com\/de\/wp-json\/wp\/v2\/media?parent=1575"}],"wp:term":[{"taxonomy":"product_brand","embeddable":true,"href":"https:\/\/www.riderclimax.com\/de\/wp-json\/wp\/v2\/product_brand?post=1575"},{"taxonomy":"product_cat","embeddable":true,"href":"https:\/\/www.riderclimax.com\/de\/wp-json\/wp\/v2\/product_cat?post=1575"},{"taxonomy":"product_tag","embeddable":true,"href":"https:\/\/www.riderclimax.com\/de\/wp-json\/wp\/v2\/product_tag?post=1575"}],"curies":[{"name":"WP","href":"https:\/\/api.w.org\/{rel}","templated":true}]}}