{"id":1563,"date":"2025-10-22T14:21:01","date_gmt":"2025-10-22T06:21:01","guid":{"rendered":"https:\/\/www.riderclimax.com\/?post_type=product&#038;p=1563"},"modified":"2026-01-27T14:21:01","modified_gmt":"2026-01-27T06:21:01","slug":"frameless-cooler-freezer-glass-door","status":"publish","type":"product","link":"https:\/\/www.riderclimax.com\/de\/product\/frameless-cooler-freezer-glass-door\/","title":{"rendered":"Rahmenloser K\u00fchler&#038; Gefrierschrank Glast\u00fcr"},"content":{"rendered":"<p><strong>Produkteigenschaften<\/strong><\/p>\n<p>1.Glas: Eigenschaften doppelschichtiges (zur K\u00fchlung) oder dreischichtiges (zum Einfrieren) geh\u00e4rtetes Glas mit Argongasf\u00fcllung f\u00fcr \u00fcberlegene W\u00e4rmed\u00e4mmung und Sicherheit.<\/p>\n<p>2. Heizung: Ausgestattet mit einer Glasheizungsfunktion (zum Einfrieren), um sich an verschiedene Umweltanforderungen anzupassen.<\/p>\n<p>3.Frame: Der T\u00fcrrahmen verwendet einen energiesparenden Rahmen mit hoher Effizienz, der mehr als 25% der Energie f\u00fcr den Schrank spart.<\/p>\n<p>4.Anti-Nebel: Ein optionaler Anti-Nebel-Film ist zur Verbesserung der T\u00fcr&#8217; s Anti-Kondensationsfunktion.<\/p>\n<p>5.Handles: Mehrere Griffstile k\u00f6nnen nach Bedarf gepaart werden.<\/p>\n<p>6. T\u00fcr: \u00d6ffnet sich in einem Winkel von 90 \u00b0 mit einer offenen Funktion, die den Betrieb bequem und flexibel macht.<\/p>\n<p>7. Technologie: Verwendet fortgeschrittene beheizte Glas- und Rahmentechnologie, um eine stabile Leistung zu gew\u00e4hrleisten.<\/p>\n<p>8.Customization: Abmessungen und Logos k\u00f6nnen entsprechend Kundenanforderungen angepasst werden.<\/p>\n<p>9.Sealing: Verwendet magnetische T\u00fcrdichtungen f\u00fcr eine effektive Dichtung, die kalte Luftleckage verhindert.<\/p>\n<p><strong>Anwendungsszenarien<\/strong><\/p>\n<p>Geeignet f\u00fcr Displayschr\u00e4nke, vertikale K\u00fchlschr\u00e4nke, vertikale Gefrierschr\u00e4nke, Blumenk\u00fchler, Weinschr\u00e4nke usw.<\/p>","protected":false},"excerpt":{"rendered":"<p><strong>Produkteigenschaften<\/strong><\/p>\n<ol>\n<li>Glas: verf\u00fcgt \u00fcber doppelschichtiges (zur K\u00fchlung) oder dreischichtiges (zum Einfrieren) geh\u00e4rtetes Glas mit Argongasf\u00fcllung f\u00fcr eine \u00fcberlegene W\u00e4rmed\u00e4mmung und Sicherheit.<\/li>\n<li>Heizung: Ausgestattet mit einer Glasheizungsfunktion (zum Einfrieren), um sich an unterschiedliche Umweltanforderungen anzupassen.<\/li>\n<li>Rahmen: Der T\u00fcrrahmen verwendet einen hocheffizienten energiesparenden Rahmen, der \u00fcber 25% der Energie f\u00fcr den Schrank spart.<\/li>\n<li>Anti-Nebel: Eine optionale Anti-Nebel-Film ist zur Verbesserung der T\u00fcr&#8217; s Anti-Kondensationsfunktion.<\/li>\n<li>Griffe: Mehrere Griffstile k\u00f6nnen nach Bedarf gepaart werden.<\/li>\n<li>T\u00fcr: \u00d6ffnet sich in einem Winkel von 90\u00b0 mit einer Halte-Open-Funktion, die den Betrieb bequem und flexibel macht.<\/li>\n<li>Technologie: Verwendet fortschrittliche beheizte Glas- und Rahmen-Technologie, um eine stabile Leistung zu gew\u00e4hrleisten.<\/li>\n<li>Anpassung: Abmessungen und Logos k\u00f6nnen entsprechend Kundenanforderungen angepasst werden.<\/li>\n<li>Dichtung: Verwendet magnetische T\u00fcrdichtungen f\u00fcr eine effektive Dichtung und verhindert kalte Luftleckage.<\/li>\n<\/ol>","protected":false},"featured_media":1568,"comment_status":"closed","ping_status":"closed","template":"","meta":[],"product_brand":[],"product_cat":[21],"product_tag":[51],"class_list":{"0":"post-1563","1":"product","2":"type-product","3":"status-publish","4":"has-post-thumbnail","6":"product_cat-reach-in-cooler-freezer-glass-door","7":"product_tag-reach-in-cooler-freezer-glass-door","9":"first","10":"instock","11":"shipping-taxable","12":"product-type-simple"},"_links":{"self":[{"href":"https:\/\/www.riderclimax.com\/de\/wp-json\/wp\/v2\/product\/1563","targetHints":{"allow":["GET"]}}],"collection":[{"href":"https:\/\/www.riderclimax.com\/de\/wp-json\/wp\/v2\/product"}],"about":[{"href":"https:\/\/www.riderclimax.com\/de\/wp-json\/wp\/v2\/types\/product"}],"replies":[{"embeddable":true,"href":"https:\/\/www.riderclimax.com\/de\/wp-json\/wp\/v2\/comments?post=1563"}],"wp:featuredmedia":[{"embeddable":true,"href":"https:\/\/www.riderclimax.com\/de\/wp-json\/wp\/v2\/media\/1568"}],"wp:attachment":[{"href":"https:\/\/www.riderclimax.com\/de\/wp-json\/wp\/v2\/media?parent=1563"}],"wp:term":[{"taxonomy":"product_brand","embeddable":true,"href":"https:\/\/www.riderclimax.com\/de\/wp-json\/wp\/v2\/product_brand?post=1563"},{"taxonomy":"product_cat","embeddable":true,"href":"https:\/\/www.riderclimax.com\/de\/wp-json\/wp\/v2\/product_cat?post=1563"},{"taxonomy":"product_tag","embeddable":true,"href":"https:\/\/www.riderclimax.com\/de\/wp-json\/wp\/v2\/product_tag?post=1563"}],"curies":[{"name":"WP","href":"https:\/\/api.w.org\/{rel}","templated":true}]}}