{"id":1553,"date":"2025-10-22T14:12:12","date_gmt":"2025-10-22T06:12:12","guid":{"rendered":"https:\/\/www.riderclimax.com\/?post_type=product&#038;p=1553"},"modified":"2026-01-27T14:44:56","modified_gmt":"2026-01-27T06:44:56","slug":"display-acrylic-glass-door","status":"publish","type":"product","link":"https:\/\/www.riderclimax.com\/de\/product\/display-acrylic-glass-door\/","title":{"rendered":"Anzeige Acrylglast\u00fcr"},"content":{"rendered":"<p><strong>Produkteigenschaften<\/strong><\/p>\n<p>1.Excellent visuelles Design: Verwendet doppelschichtiges geh\u00e4rtetes Glas mit einem ungleichen bogenf\u00f6rmigen Design.<\/p>\n<p>2.Enhanced Sichtbarkeit: gepaart mit einer Acryl-Abstandsleiste, um die Produktsichtbarkeit zu maximieren, um sicherzustellen, dass die angezeigten Gegenst\u00e4nde klar dargestellt werden.<\/p>\n<p>3.Rich Anpassungsoptionen:<\/p>\n<p>(1) Abmessungen &amp; Logos: Unterst\u00fctzt benutzerdefinierte Abmessungen und exklusive Logos, um individuelle Bed\u00fcrfnisse f\u00fcr verschiedene Szenarien zu erf\u00fcllen.<\/p>\n<p>(2) Griffe: Ausgestattet mit vollst\u00e4ndig transparenten Griffen, um verschiedene \u00e4sthetische Pr\u00e4ferenzen zu erf\u00fcllen.<\/p>\n<p><strong>Anwendungsszenarien<\/strong><\/p>\n<p>Geeignet f\u00fcr Displayk\u00fchler.<\/p>","protected":false},"excerpt":{"rendered":"<p><strong>Produkteigenschaften<\/strong><\/p>\n<p>1.Excellent visuelles Design: Verwendet doppelschichtiges geh\u00e4rtetes Glas mit einem ungleichen bogenf\u00f6rmigen Design.<\/p>\n<p>2.Enhanced Sichtbarkeit: gepaart mit einer Acryl-Abstandsleiste, um die Produktsichtbarkeit zu maximieren, um sicherzustellen, dass die angezeigten Gegenst\u00e4nde klar dargestellt werden.<\/p>\n<p>3.Rich Anpassungsoptionen:<\/p>\n<p>(1) Abmessungen &amp; Logos: Unterst\u00fctzt benutzerdefinierte Abmessungen und exklusive Logos, um individuelle Bed\u00fcrfnisse f\u00fcr verschiedene Szenarien zu erf\u00fcllen.<\/p>\n<p>(2) Griffe: Ausgestattet mit vollst\u00e4ndig transparenten Griffen, um verschiedene \u00e4sthetische Pr\u00e4ferenzen zu erf\u00fcllen.<\/p>","protected":false},"featured_media":1557,"comment_status":"closed","ping_status":"closed","template":"","meta":[],"product_brand":[],"product_cat":[44],"product_tag":[50],"class_list":{"0":"post-1553","1":"product","2":"type-product","3":"status-publish","4":"has-post-thumbnail","6":"product_cat-display-glass-door","7":"product_tag-display-glass-door","9":"first","10":"instock","11":"shipping-taxable","12":"product-type-simple"},"_links":{"self":[{"href":"https:\/\/www.riderclimax.com\/de\/wp-json\/wp\/v2\/product\/1553","targetHints":{"allow":["GET"]}}],"collection":[{"href":"https:\/\/www.riderclimax.com\/de\/wp-json\/wp\/v2\/product"}],"about":[{"href":"https:\/\/www.riderclimax.com\/de\/wp-json\/wp\/v2\/types\/product"}],"replies":[{"embeddable":true,"href":"https:\/\/www.riderclimax.com\/de\/wp-json\/wp\/v2\/comments?post=1553"}],"wp:featuredmedia":[{"embeddable":true,"href":"https:\/\/www.riderclimax.com\/de\/wp-json\/wp\/v2\/media\/1557"}],"wp:attachment":[{"href":"https:\/\/www.riderclimax.com\/de\/wp-json\/wp\/v2\/media?parent=1553"}],"wp:term":[{"taxonomy":"product_brand","embeddable":true,"href":"https:\/\/www.riderclimax.com\/de\/wp-json\/wp\/v2\/product_brand?post=1553"},{"taxonomy":"product_cat","embeddable":true,"href":"https:\/\/www.riderclimax.com\/de\/wp-json\/wp\/v2\/product_cat?post=1553"},{"taxonomy":"product_tag","embeddable":true,"href":"https:\/\/www.riderclimax.com\/de\/wp-json\/wp\/v2\/product_tag?post=1553"}],"curies":[{"name":"WP","href":"https:\/\/api.w.org\/{rel}","templated":true}]}}