{"id":1536,"date":"2025-10-22T13:59:31","date_gmt":"2025-10-22T05:59:31","guid":{"rendered":"https:\/\/www.riderclimax.com\/?post_type=product&#038;p=1536"},"modified":"2026-01-27T14:30:45","modified_gmt":"2026-01-27T06:30:45","slug":"beverage-cabinet-glass-door","status":"publish","type":"product","link":"https:\/\/www.riderclimax.com\/de\/product\/beverage-cabinet-glass-door\/","title":{"rendered":"Getr\u00e4nkeschrank Glast\u00fcr"},"content":{"rendered":"<p><strong><b>Produkteigenschaften<\/b><\/strong><\/p>\n<p>1.Glasmaterial: Bietet eine Auswahl von 2 oder 3 Schichten Low-E-Glas, mit geh\u00e4rtetem Low-E-Glas, das intern verwendet wird, um die Energieeffizienz zu erh\u00f6hen und Kondensation zu verhindern.<\/p>\n<p>2. Markeneidentit\u00e4t: Markenlogos werden in der Mitte des Glases mit lichtempfindlicher Tinte gedruckt, um ein einzigartiges Markenbild hervorzuheben.<\/p>\n<p>3. Schutzleistung: Funktionen Anti-Nebel, Anti-Kondensation und Anti-Frost-Funktionen, um sicherzustellen, dass Gegenst\u00e4nde im Schrank deutlich sichtbar sind. Es bietet auch effektiven Kollisions- und Explosionsschutz f\u00fcr die Benutzersicherheit.<\/p>\n<p>4. Funktionelles Design:<\/p>\n<p>(1) Hat eine automatische Schlie\u00dffunktion f\u00fcr bequeme Verwendung.<\/p>\n<p>(2) Eine optionale 90 \u00b0 Halt-Open-Funktion ist verf\u00fcgbar, um die Produktbeladung zu erleichtern.<\/p>\n<p>5.Visual Effects: verf\u00fcgt \u00fcber eine hohe sichtbare Lichtdurchl\u00e4ssigkeit, die Waren im Schrank auf einen Blick klar macht und die Aufmerksamkeit der Kunden erregt.<\/p>\n<p>6.Personalization<\/p>\n<p>Beleuchtung: Die Lichtstreifenfarbe unterst\u00fctzt die Anpassung, um den individuellen Bed\u00fcrfnissen verschiedener Szenarien gerecht zu werden.<\/p>","protected":false},"excerpt":{"rendered":"<p><strong><b>Produkteigenschaften<\/b><\/strong><\/p>\n<p>1.Glasmaterial: Bietet eine Auswahl von 2 oder 3 Schichten Low-E-Glas, mit geh\u00e4rtetem Low-E-Glas, das intern verwendet wird, um die Energieeffizienz zu erh\u00f6hen und Kondensation zu verhindern.<\/p>\n<p>2. Markeneidentit\u00e4t: Markenlogos werden in der Mitte des Glases mit lichtempfindlicher Tinte gedruckt, um ein einzigartiges Markenbild hervorzuheben.<\/p>\n<p>3. Schutzleistung: Funktionen Anti-Nebel, Anti-Kondensation und Anti-Frost-Funktionen, um sicherzustellen, dass Gegenst\u00e4nde im Schrank deutlich sichtbar sind. Es bietet auch effektiven Kollisions- und Explosionsschutz f\u00fcr die Benutzersicherheit.<\/p>\n<p>4. Funktionelles Design:<\/p>\n<p>(1) Hat eine automatische Schlie\u00dffunktion f\u00fcr bequeme Verwendung.<\/p>\n<p>(2) Eine optionale 90 \u00b0 Halt-Open-Funktion ist verf\u00fcgbar, um die Produktbeladung zu erleichtern.<\/p>\n<p>5.Visual Effects: verf\u00fcgt \u00fcber eine hohe sichtbare Lichtdurchl\u00e4ssigkeit, die Waren im Schrank auf einen Blick klar macht und die Aufmerksamkeit der Kunden erregt.<\/p>\n<p>6.Personalization<\/p>\n<p>Beleuchtung: Die Lichtstreifenfarbe unterst\u00fctzt die Anpassung, um den individuellen Bed\u00fcrfnissen verschiedener Szenarien gerecht zu werden.<\/p>","protected":false},"featured_media":1544,"comment_status":"closed","ping_status":"closed","template":"","meta":[],"product_brand":[],"product_cat":[60],"product_tag":[54],"class_list":{"0":"post-1536","1":"product","2":"type-product","3":"status-publish","4":"has-post-thumbnail","6":"product_cat-beverage-cabinet-glass-door","7":"product_tag-vending-machine-glass-door","9":"first","10":"instock","11":"shipping-taxable","12":"product-type-simple"},"_links":{"self":[{"href":"https:\/\/www.riderclimax.com\/de\/wp-json\/wp\/v2\/product\/1536","targetHints":{"allow":["GET"]}}],"collection":[{"href":"https:\/\/www.riderclimax.com\/de\/wp-json\/wp\/v2\/product"}],"about":[{"href":"https:\/\/www.riderclimax.com\/de\/wp-json\/wp\/v2\/types\/product"}],"replies":[{"embeddable":true,"href":"https:\/\/www.riderclimax.com\/de\/wp-json\/wp\/v2\/comments?post=1536"}],"wp:featuredmedia":[{"embeddable":true,"href":"https:\/\/www.riderclimax.com\/de\/wp-json\/wp\/v2\/media\/1544"}],"wp:attachment":[{"href":"https:\/\/www.riderclimax.com\/de\/wp-json\/wp\/v2\/media?parent=1536"}],"wp:term":[{"taxonomy":"product_brand","embeddable":true,"href":"https:\/\/www.riderclimax.com\/de\/wp-json\/wp\/v2\/product_brand?post=1536"},{"taxonomy":"product_cat","embeddable":true,"href":"https:\/\/www.riderclimax.com\/de\/wp-json\/wp\/v2\/product_cat?post=1536"},{"taxonomy":"product_tag","embeddable":true,"href":"https:\/\/www.riderclimax.com\/de\/wp-json\/wp\/v2\/product_tag?post=1536"}],"curies":[{"name":"WP","href":"https:\/\/api.w.org\/{rel}","templated":true}]}}