{"id":1523,"date":"2025-10-22T13:44:43","date_gmt":"2025-10-22T05:44:43","guid":{"rendered":"https:\/\/www.riderclimax.com\/product\/transparent-acrylic-cooler-glass-door-2\/"},"modified":"2026-01-27T14:26:28","modified_gmt":"2026-01-27T06:26:28","slug":"transparent-acrylic-cooler-glass-door","status":"publish","type":"product","link":"https:\/\/www.riderclimax.com\/de\/product\/transparent-acrylic-cooler-glass-door\/","title":{"rendered":"Transparente Acryl K\u00fchlglast\u00fcr"},"content":{"rendered":"<p><strong>Produkteigenschaften<\/strong><\/p>\n<p>1. Ausgezeichnetes visuelles Design: Verwendet doppelschichtiges geh\u00e4rtetes Glas mit Argongasf\u00fcllung und einer Acryl-Abstandsleiste, um die Produktsichtbarkeit zu maximieren, um sicherzustellen, dass die angezeigten Gegenst\u00e4nde eindeutig pr\u00e4sentiert werden.<\/p>\n<p>2.Rich Anpassungsoptionen<\/p>\n<p>(1) Siebdruck: Bietet benutzerdefinierten farbigen Siebdruck, um ein einzigartiges Erscheinungsbild basierend auf pers\u00f6nlichen Pr\u00e4ferenzen oder Markenbild zu schaffen.<\/p>\n<p>(2) Abmessungen &amp; Logos: Unterst\u00fctzt benutzerdefinierte Abmessungen und exklusive Logos, um individuelle Bed\u00fcrfnisse f\u00fcr verschiedene Szenarien zu erf\u00fcllen.<\/p>\n<p>3.Diverse Zubeh\u00f6r Auswahl<\/p>\n<p>(1) Griffe: Ausgestattet mit vollst\u00e4ndig transparenten und Edelstahlgriffen, um verschiedene \u00e4sthetische Pr\u00e4ferenzen zu erf\u00fcllen.<\/p>\n<p>(2) Scharniere: Das untere Scharnier kommt standardm\u00e4\u00dfig mit zwei Strukturen, Schwerkraftr\u00fcckgabe und Federpresse, und kann auch entsprechend spezifischen Bed\u00fcrfnissen angepasst werden.<\/p>\n<p>4. Praktische Heizungsfunktion: Die Glast\u00fcr kann mit einer elektrischen Heizungsfunktion ausgestattet sein, die durch Anschluss eines externen Kondensators \/ Transformators verwendet werden kann, der sich an verschiedene Standortbedingungen anpasst.<\/p>\n<p>5.Outstanding Haltbarkeit: unterliegt strengen Tests mit \u00fcber 100.000 T\u00fcr\u00f6ffnungs- und Schlie\u00dfzyklen, die langfristig stabile Verwendung gew\u00e4hrleisten.<\/p>\n<p>&nbsp;<\/p>\n<p><strong>Anwendungsszenarien<\/strong><\/p>\n<p>Geeignet f\u00fcr Sch\u00fcttk\u00fchler und Gefrierschr\u00e4nke, bietet eine zuverl\u00e4ssige L\u00f6sung f\u00fcr Produktdarstellung und Konservierung.<\/p>","protected":false},"excerpt":{"rendered":"<p><strong>Produkteigenschaften<\/strong><\/p>\n<p>1. Ausgezeichnetes visuelles Design: Verwendet doppelschichtiges geh\u00e4rtetes Glas mit Argongasf\u00fcllung und einer Acryl-Abstandsleiste, um die Produktsichtbarkeit zu maximieren, um sicherzustellen, dass die angezeigten Gegenst\u00e4nde eindeutig pr\u00e4sentiert werden.<\/p>\n<p>2.Rich Anpassungsoptionen<\/p>\n<p>(1) Siebdruck: Bietet benutzerdefinierten farbigen Siebdruck, um ein einzigartiges Erscheinungsbild basierend auf pers\u00f6nlichen Pr\u00e4ferenzen oder Markenbild zu schaffen.<\/p>\n<p>(2) Abmessungen &amp; Logos: Unterst\u00fctzt benutzerdefinierte Abmessungen und exklusive Logos, um individuelle Bed\u00fcrfnisse f\u00fcr verschiedene Szenarien zu erf\u00fcllen.<\/p>\n<p>3.Diverse Zubeh\u00f6r Auswahl<\/p>\n<p>(1) Griffe: Ausgestattet mit vollst\u00e4ndig transparenten und Edelstahlgriffen, um verschiedene \u00e4sthetische Pr\u00e4ferenzen zu erf\u00fcllen.<\/p>\n<p>(2) Scharniere: Das untere Scharnier kommt standardm\u00e4\u00dfig mit zwei Strukturen, Schwerkraftr\u00fcckgabe und Federpresse, und kann auch entsprechend spezifischen Bed\u00fcrfnissen angepasst werden.<\/p>\n<p>4. Praktische Heizungsfunktion: Die Glast\u00fcr kann mit einer elektrischen Heizungsfunktion ausgestattet sein, die durch Anschluss eines externen Kondensators \/ Transformators verwendet werden kann, der sich an verschiedene Standortbedingungen anpasst.<\/p>\n<p>5.Outstanding Haltbarkeit: unterliegt strengen Tests mit \u00fcber 100.000 T\u00fcr\u00f6ffnungs- und Schlie\u00dfzyklen, die langfristig stabile Verwendung gew\u00e4hrleisten.<\/p>","protected":false},"featured_media":1542,"comment_status":"closed","ping_status":"closed","template":"","meta":[],"product_brand":[],"product_cat":[22],"product_tag":[52],"class_list":{"0":"post-1523","1":"product","2":"type-product","3":"status-publish","4":"has-post-thumbnail","6":"product_cat-transparent-acrylic-cooler-glass-door","7":"product_tag-transparent-acrylic-cooler-glass-door","9":"first","10":"instock","11":"shipping-taxable","12":"product-type-simple"},"_links":{"self":[{"href":"https:\/\/www.riderclimax.com\/de\/wp-json\/wp\/v2\/product\/1523","targetHints":{"allow":["GET"]}}],"collection":[{"href":"https:\/\/www.riderclimax.com\/de\/wp-json\/wp\/v2\/product"}],"about":[{"href":"https:\/\/www.riderclimax.com\/de\/wp-json\/wp\/v2\/types\/product"}],"replies":[{"embeddable":true,"href":"https:\/\/www.riderclimax.com\/de\/wp-json\/wp\/v2\/comments?post=1523"}],"wp:featuredmedia":[{"embeddable":true,"href":"https:\/\/www.riderclimax.com\/de\/wp-json\/wp\/v2\/media\/1542"}],"wp:attachment":[{"href":"https:\/\/www.riderclimax.com\/de\/wp-json\/wp\/v2\/media?parent=1523"}],"wp:term":[{"taxonomy":"product_brand","embeddable":true,"href":"https:\/\/www.riderclimax.com\/de\/wp-json\/wp\/v2\/product_brand?post=1523"},{"taxonomy":"product_cat","embeddable":true,"href":"https:\/\/www.riderclimax.com\/de\/wp-json\/wp\/v2\/product_cat?post=1523"},{"taxonomy":"product_tag","embeddable":true,"href":"https:\/\/www.riderclimax.com\/de\/wp-json\/wp\/v2\/product_tag?post=1523"}],"curies":[{"name":"WP","href":"https:\/\/api.w.org\/{rel}","templated":true}]}}