{"id":1517,"date":"2025-10-22T12:30:02","date_gmt":"2025-10-22T04:30:02","guid":{"rendered":"https:\/\/www.riderclimax.com\/?post_type=product&#038;p=1517"},"modified":"2026-01-27T14:42:18","modified_gmt":"2026-01-27T06:42:18","slug":"chest-freezer-glass-door","status":"publish","type":"product","link":"https:\/\/www.riderclimax.com\/de\/product\/chest-freezer-glass-door\/","title":{"rendered":"Brust Gefrierschrank Glast\u00fcr"},"content":{"rendered":"<p><strong>Produkteigenschaften<\/strong><\/p>\n<p>1. Hocheffizientes energiesparendes Glas: Verwendet 4mm geh\u00e4rtetes Low-E-Glas mit ausgezeichneten W\u00e4rmed\u00e4mmungseigenschaften und reduziert effektiv den Energieverlust. Dies senkt die Betriebskosten und unterst\u00fctzt gleichzeitig aktiv die Umweltnachhaltigkeit.<\/p>\n<p>2.Food-Grade umweltfreundliches Material: Die Schrank\u00f6ffnung verwendet PVC-Material von Lebensmittelqualit\u00e4t, das nicht giftig und geruchlos ist und strenge Hygienenstandards erf\u00fcllt, um die Sicherheit und Qualit\u00e4t von gelagerten Lebensmitteln zu gew\u00e4hrleisten.<\/p>\n<p>3.Flexible Schiebedesign: Bietet sowohl vertikale (oben \/ unten) als auch horizontale (links \/ rechts) Schiebeoptionen, die eine einfache und bequeme Bedienung basierend auf dem tats\u00e4chlichen Gebrauchsfall und der pers\u00f6nlichen Pr\u00e4ferenz erm\u00f6glichen.<\/p>\n<p>4. Pr\u00e4zise Struktur &amp; amp; Schnelle Installation: Die Gesamtabmessungen sind genau genau und das strukturelle Design ist ausgezeichnet. Der Installationsprozess ist einfach und schnell, effektiv Zeit und Arbeitskosten sparen.<\/p>\n<p>5.Wide Temperaturanpassungsf\u00e4higkeit: Kann stabil in einem Temperaturbereich von -25 \u00b0 C bis 10 \u00b0 C verwendet werden, die K\u00fchlungs- und Konservierungsbed\u00fcrfnisse verschiedener Lebensmittel erf\u00fcllen.<\/p>\n<p><strong><b>Anpassungsoptionen<\/b><\/strong><\/p>\n<p>1.Frame Color Customization: F\u00fcr Massenbestellungen bieten wir kundenspezifische Rahmenfarbdienste an, um Ihrem Markenbild oder Gesch\u00e4ftsdekor zu entsprechen.<\/p>\n<p>2.Glastyp Auswahl: Sie k\u00f6nnen zwischen gebogenem geh\u00e4rtetem Glas oder flachem geh\u00e4rtetem Glas nach Ihren spezifischen Bed\u00fcrfnissen w\u00e4hlen und sich an verschiedene Schrankdesigns und visuelle Effekte anpassen.<\/p>\n<p>3. Aussehen &amp; amp; Materialanpassung: Unser professionelles Team kann neue Au\u00dfendesign und Materialkombinationen basierend auf Ihren einzigartigen Anforderungen erstellen und eine einzigartige Inselfrierglasabdeckung f\u00fcr Sie erstellen.<\/p>\n<p>4.Optional: F\u00fcr verbesserte Sicherheit stehen optionale Schl\u00f6sser und Schl\u00fcssel zur Verf\u00fcgung, um Ihren Artikeln besseren Schutz zu bieten.<\/p>\n<p><strong><b>Farben &amp; Abmessungen<\/b><\/strong><\/p>\n<p>1. Reiche Farbauswahl: Eine breite Palette von Farben steht Ihnen zur Auswahl, einschlie\u00dflich Grau, Rot, Blau, Gr\u00fcn und mehr, um verschiedene \u00e4sthetische Bed\u00fcrfnisse zu erf\u00fcllen.<\/p>\n<p>2. Exklusive Gr\u00f6\u00dfenanpassung: Abmessungen k\u00f6nnen ausschlie\u00dflich f\u00fcr verschiedene Schranktypen angepasst werden, um eine perfekte Passform f\u00fcr Ihren Inselfrierschrank zu gew\u00e4hrleisten.<\/p>","protected":false},"excerpt":{"rendered":"<p>1. Hocheffizientes energiesparendes Glas: Verwendet 4mm geh\u00e4rtetes Low-E-Glas mit ausgezeichneten W\u00e4rmed\u00e4mmungseigenschaften und reduziert effektiv den Energieverlust. Dies senkt die Betriebskosten und unterst\u00fctzt gleichzeitig aktiv die Umweltnachhaltigkeit.<\/p>\n<p>2.Food-Grade umweltfreundliches Material: Die Schrank\u00f6ffnung verwendet PVC-Material von Lebensmittelqualit\u00e4t, das nicht giftig und geruchlos ist und strenge Hygienenstandards erf\u00fcllt, um die Sicherheit und Qualit\u00e4t von gelagerten Lebensmitteln zu gew\u00e4hrleisten.<\/p>\n<p>3.Flexible Schiebedesign: Bietet sowohl vertikale (oben \/ unten) als auch horizontale (links \/ rechts) Schiebeoptionen, die eine einfache und bequeme Bedienung basierend auf dem tats\u00e4chlichen Gebrauchsfall und der pers\u00f6nlichen Pr\u00e4ferenz erm\u00f6glichen.<\/p>\n<p>4. Pr\u00e4zise Struktur &amp; amp; Schnelle Installation: Die Gesamtabmessungen sind genau genau und das strukturelle Design ist ausgezeichnet. Der Installationsprozess ist einfach und schnell, effektiv Zeit und Arbeitskosten sparen.<\/p>\n<p>5.Wide Temperaturanpassungsf\u00e4higkeit: Kann stabil in einem Temperaturbereich von -25 \u00b0 C bis 10 \u00b0 C verwendet werden, die K\u00fchlungs- und Konservierungsbed\u00fcrfnisse verschiedener Lebensmittel erf\u00fcllen.<\/p>","protected":false},"featured_media":1549,"comment_status":"closed","ping_status":"closed","template":"","meta":[],"product_brand":[],"product_cat":[15],"product_tag":[49],"class_list":{"0":"post-1517","1":"product","2":"type-product","3":"status-publish","4":"has-post-thumbnail","6":"product_cat-chest-freezer-glass-door","7":"product_tag-chest-freezer-glass-door","9":"first","10":"instock","11":"shipping-taxable","12":"product-type-simple"},"_links":{"self":[{"href":"https:\/\/www.riderclimax.com\/de\/wp-json\/wp\/v2\/product\/1517","targetHints":{"allow":["GET"]}}],"collection":[{"href":"https:\/\/www.riderclimax.com\/de\/wp-json\/wp\/v2\/product"}],"about":[{"href":"https:\/\/www.riderclimax.com\/de\/wp-json\/wp\/v2\/types\/product"}],"replies":[{"embeddable":true,"href":"https:\/\/www.riderclimax.com\/de\/wp-json\/wp\/v2\/comments?post=1517"}],"wp:featuredmedia":[{"embeddable":true,"href":"https:\/\/www.riderclimax.com\/de\/wp-json\/wp\/v2\/media\/1549"}],"wp:attachment":[{"href":"https:\/\/www.riderclimax.com\/de\/wp-json\/wp\/v2\/media?parent=1517"}],"wp:term":[{"taxonomy":"product_brand","embeddable":true,"href":"https:\/\/www.riderclimax.com\/de\/wp-json\/wp\/v2\/product_brand?post=1517"},{"taxonomy":"product_cat","embeddable":true,"href":"https:\/\/www.riderclimax.com\/de\/wp-json\/wp\/v2\/product_cat?post=1517"},{"taxonomy":"product_tag","embeddable":true,"href":"https:\/\/www.riderclimax.com\/de\/wp-json\/wp\/v2\/product_tag?post=1517"}],"curies":[{"name":"WP","href":"https:\/\/api.w.org\/{rel}","templated":true}]}}